{"id":14743,"date":"2019-02-06T16:22:38","date_gmt":"2019-02-06T15:22:38","guid":{"rendered":"https:\/\/iriparo.com\/?page_id=14743"},"modified":"2022-03-04T11:31:26","modified_gmt":"2022-03-04T10:31:26","slug":"contacts","status":"publish","type":"page","link":"https:\/\/iriparo.com\/be\/contacts\/","title":{"rendered":"Contacts"},"content":{"rendered":"<section class=\"wpb-content-wrapper\"><p>[vc_row full_width=\u00a0\u00bbstretch_row\u00a0\u00bb][vc_column]\n\t\t\t<section class=\"imagebg parallax \" data-overlay=\"3\" >\n\t\t\t\t<div class=\"background-image-holder\"><img loading=\"lazy\" decoding=\"async\" width=\"1920\" height=\"700\" src=\"https:\/\/iriparo.com\/wp-content\/uploads\/2021\/09\/iriparo-contact-bg.jpg\" class=\"attachment-full size-full\" alt=\"\" srcset=\"https:\/\/iriparo.com\/wp-content\/uploads\/2021\/09\/iriparo-contact-bg.jpg 1920w, https:\/\/iriparo.com\/wp-content\/uploads\/2021\/09\/iriparo-contact-bg-500x182.jpg 500w, https:\/\/iriparo.com\/wp-content\/uploads\/2021\/09\/iriparo-contact-bg-700x255.jpg 700w, https:\/\/iriparo.com\/wp-content\/uploads\/2021\/09\/iriparo-contact-bg-300x109.jpg 300w, https:\/\/iriparo.com\/wp-content\/uploads\/2021\/09\/iriparo-contact-bg-1024x373.jpg 1024w, https:\/\/iriparo.com\/wp-content\/uploads\/2021\/09\/iriparo-contact-bg-768x280.jpg 768w, https:\/\/iriparo.com\/wp-content\/uploads\/2021\/09\/iriparo-contact-bg-1536x560.jpg 1536w\" sizes=\"(max-width: 1920px) 100vw, 1920px\" \/><\/div>\n\t\t\t\t<div class=\"container\">\n\t\t\t\t\t<div class=\"row\">\n\t\t\t\t\t\t<div class=\"col-sm-12\">\n\t\t\t\t\t\t\t<div class=\"cta\">\n\t\t\t\t\t\t\t\t[vc_column_text]<\/p>\n<h1 class=\"title-white\">Contacts<\/h1>\n<h3 class=\"title-white\">Une question ? Un conseil ? Contactez-nous !<\/h3>\n<p>[\/vc_column_text]\n\t\t\t\t\t\t\t<\/div>\n\t\t\t\t\t\t<\/div>\n\t\t\t\t\t<\/div><!--end of row-->\n\t\t\t\t<\/div><!--end of container-->\n\t\t\t\t\n\t\t\t<\/section>\n\t\t[\/vc_column][\/vc_row][vc_section css=\u00a0\u00bb.vc_custom_1630921035281{padding-top: 96px !important;padding-bottom: 96px !important;}\u00a0\u00bb][vc_row][vc_column][vc_column_text]<\/p>\n<h2 class=\"text-center\">Contactez-nous<\/h2>\n<p>[\/vc_column_text][vc_empty_space height=\u00a0\u00bb8px\u00a0\u00bb][vc_column_text]<\/p>\n<h4 class=\"text-center\">Nous savons combien votre appareil est important pour vous. N\u2019h\u00e9sitez pas \u00e0 nous contacter, nous vous r\u00e9pondrons dans les meilleurs d\u00e9lais.<\/h4>\n<p>[\/vc_column_text][vc_empty_space height=\u00a0\u00bb64px\u00a0\u00bb][\/vc_column][\/vc_row][vc_row][vc_column width=\u00a0\u00bb1\/2&Prime;][vc_column_text]\n<div class=\"wpcf7 no-js\" id=\"wpcf7-f14742-o1\" lang=\"it-IT\" dir=\"ltr\">\n<div class=\"screen-reader-response\"><p role=\"status\" aria-live=\"polite\" aria-atomic=\"true\"><\/p> <ul><\/ul><\/div>\n<form action=\"\/be\/wp-json\/wp\/v2\/pages\/14743#wpcf7-f14742-o1\" method=\"post\" class=\"wpcf7-form init ir-contact-form\" id=\"contatti-be-cf\" aria-label=\"Modulo di contatto\" novalidate=\"novalidate\" data-status=\"init\">\n<div style=\"display: none;\">\n<input type=\"hidden\" name=\"_wpcf7\" value=\"14742\" \/>\n<input type=\"hidden\" name=\"_wpcf7_version\" value=\"5.9.3\" \/>\n<input type=\"hidden\" name=\"_wpcf7_locale\" value=\"it_IT\" \/>\n<input type=\"hidden\" name=\"_wpcf7_unit_tag\" value=\"wpcf7-f14742-o1\" \/>\n<input type=\"hidden\" name=\"_wpcf7_container_post\" value=\"0\" \/>\n<input type=\"hidden\" name=\"_wpcf7_posted_data_hash\" value=\"\" \/>\n<input type=\"hidden\" name=\"_wpcf7cf_hidden_group_fields\" value=\"[]\" \/>\n<input type=\"hidden\" name=\"_wpcf7cf_hidden_groups\" value=\"[]\" \/>\n<input type=\"hidden\" name=\"_wpcf7cf_visible_groups\" value=\"[]\" \/>\n<input type=\"hidden\" name=\"_wpcf7cf_repeaters\" value=\"[]\" \/>\n<input type=\"hidden\" name=\"_wpcf7cf_steps\" value=\"{}\" \/>\n<input type=\"hidden\" name=\"_wpcf7cf_options\" value=\"{&quot;form_id&quot;:14742,&quot;conditions&quot;:[],&quot;settings&quot;:{&quot;animation&quot;:&quot;yes&quot;,&quot;animation_intime&quot;:200,&quot;animation_outtime&quot;:200,&quot;conditions_ui&quot;:&quot;normal&quot;,&quot;notice_dismissed&quot;:false,&quot;notice_dismissed_update-cf7-5.7.7&quot;:true}}\" \/>\n<input type=\"hidden\" name=\"_wpcf7_recaptcha_response\" value=\"\" \/>\n<\/div>\n<div class=\"col-md-6\">\n\t<p><span>Nom et Pr\u00e9nom<\/span><br \/>\n<span class=\"wpcf7-form-control-wrap\" data-name=\"your-name\"><input size=\"40\" class=\"wpcf7-form-control wpcf7-text wpcf7-validates-as-required\" aria-required=\"true\" aria-invalid=\"false\" value=\"\" type=\"text\" name=\"your-name\" \/><\/span>\n\t<\/p>\n<\/div>\n<div class=\"col-md-6\">\n\t<p><span>Adresse mail<\/span><br \/>\n<span class=\"wpcf7-form-control-wrap\" data-name=\"your-email\"><input size=\"40\" class=\"wpcf7-form-control wpcf7-email wpcf7-validates-as-required wpcf7-text wpcf7-validates-as-email\" aria-required=\"true\" aria-invalid=\"false\" value=\"\" type=\"email\" name=\"your-email\" \/><\/span>\n\t<\/p>\n<\/div>\n<div class=\"col-md-12\">\n\t<p><span class=\"qodef-input-title\">Sujet<\/span><br \/>\n<span class=\"wpcf7-form-control-wrap\" data-name=\"your-subject\"><input size=\"40\" class=\"wpcf7-form-control wpcf7-text wpcf7-validates-as-required\" aria-required=\"true\" aria-invalid=\"false\" value=\"\" type=\"text\" name=\"your-subject\" \/><\/span>\n\t<\/p>\n<\/div>\n<div class=\"col-md-12\">\n\t<p><span class=\"qodef-input-title\">Message<\/span><br \/>\n<span class=\"wpcf7-form-control-wrap\" data-name=\"your-message\"><textarea cols=\"40\" rows=\"10\" class=\"wpcf7-form-control wpcf7-textarea wpcf7-validates-as-required\" aria-required=\"true\" aria-invalid=\"false\" name=\"your-message\"><\/textarea><\/span>\n\t<\/p>\n<\/div>\n<div class=\"col-md-12\">\n\n<\/div>\n<div class=\"col-md-12\">\n\t<p><input class=\"wpcf7-form-control wpcf7-submit has-spinner btn btn--primary\" type=\"submit\" value=\"Envoyer\" \/>\n\t<\/p>\n<\/div><input type='hidden' class='wpcf7-pum' value='{\"closepopup\":false,\"closedelay\":0,\"openpopup\":false,\"openpopup_id\":0}' \/><div class=\"wpcf7-response-output\" aria-hidden=\"true\"><\/div>\n<\/form>\n<\/div>\n[\/vc_column_text][\/vc_column][vc_column width=\u00a0\u00bb1\/2&Prime;][vc_row_inner][vc_column_inner]<div class=\"map-container \" data-maps-api-key=\"AIzaSyCFuZUrhy1MWEEjj_VftaUmzqqBLlJYiI0\" data-address=\"Route de Philippeville 365D, Couillet\" data-marker-title=\"Route de Philippeville 365D, Couillet\" data-map-style=\"[{&quot;featureType&quot;:&quot;landscape&quot;,&quot;stylers&quot;:[{&quot;hue&quot;:&quot;#FFBB00&quot;},{&quot;saturation&quot;:43.400000000000006},{&quot;lightness&quot;:37.599999999999994},{&quot;gamma&quot;:1}]},{&quot;featureType&quot;:&quot;road.highway&quot;,&quot;stylers&quot;:[{&quot;hue&quot;:&quot;#FFC200&quot;},{&quot;saturation&quot;:-61.8},{&quot;lightness&quot;:45.599999999999994},{&quot;gamma&quot;:1}]},{&quot;featureType&quot;:&quot;road.arterial&quot;,&quot;stylers&quot;:[{&quot;hue&quot;:&quot;#FF0300&quot;},{&quot;saturation&quot;:-100},{&quot;lightness&quot;:51.19999999999999},{&quot;gamma&quot;:1}]},{&quot;featureType&quot;:&quot;road.local&quot;,&quot;stylers&quot;:[{&quot;hue&quot;:&quot;#FF0300&quot;},{&quot;saturation&quot;:-100},{&quot;lightness&quot;:52},{&quot;gamma&quot;:1}]},{&quot;featureType&quot;:&quot;water&quot;,&quot;stylers&quot;:[{&quot;hue&quot;:&quot;#0078FF&quot;},{&quot;saturation&quot;:-13.200000000000003},{&quot;lightness&quot;:2.4000000000000057},{&quot;gamma&quot;:1}]},{&quot;featureType&quot;:&quot;poi&quot;,&quot;stylers&quot;:[{&quot;hue&quot;:&quot;#00FF6A&quot;},{&quot;saturation&quot;:-1.0989010989011234},{&quot;lightness&quot;:11.200000000000017},{&quot;gamma&quot;:1}]}]\" data-map-zoom=\"7\"><\/div>[\/vc_column_inner][\/vc_row_inner][vc_empty_space][vc_row_inner][vc_column_inner width=\u00a0\u00bb1\/2&Prime;]<div class=\"evc-icon-with-text evc-shortcode  evc-iwt-icon-left\">\n\t<div class=\"evc-iwt-icon-holder\">\n\t\t\t\n\t<span class=\"evc-iwt-icon fas fa-home\" style=\"color: #34b3e3\"><\/span>\n\t<\/div>\n\t<div class=\"evc-iwt-content\">\n\t\t\t<p class=\"evc-iwt-title\" >\n\t\t\t\t\tiRiparo Belgique. Route de Philippeville 365D - Couillet (6010)\t\t\t<\/p>\n\t<\/div>\n<\/div>\n[vc_empty_space height=\u00a0\u00bb16px\u00a0\u00bb][\/vc_column_inner][vc_column_inner width=\u00a0\u00bb1\/2&Prime;]<div class=\"evc-icon-with-text evc-shortcode  evc-iwt-icon-left\">\n\t<div class=\"evc-iwt-icon-holder\">\n\t\t\t\n\t<span class=\"evc-iwt-icon fas fa-envelope\" style=\"color: #34b3e3\"><\/span>\n\t<\/div>\n\t<div class=\"evc-iwt-content\">\n\t\t\t<p class=\"evc-iwt-title\" >\n\t\t\t\t\t<a class=\"evc-iwt-link\" href=\"mailto:info@iriparo.be\" target=\"_blank\" title=\"Email iRiparo BE\">\n\t\t\t\t\tinfo@iriparo.be\t\t\t\t\t<\/a>\n\t\t\t<\/p>\n\t<\/div>\n<\/div>\n[vc_empty_space height=\u00a0\u00bb16px\u00a0\u00bb][\/vc_column_inner][\/vc_row_inner][\/vc_column][\/vc_row][\/vc_section]<\/p>\n<\/section>","protected":false},"excerpt":{"rendered":"<p>[vc_row full_width=\u00a0\u00bbstretch_row\u00a0\u00bb][vc_column][\/vc_column][\/vc_row][vc_section css=\u00a0\u00bb.vc_custom_1630921035281{padding-top: 96px !important;padding-bottom: 96px !important;}\u00a0\u00bb][vc_row][vc_column][vc_column_text] Contactez-nous [\/vc_column_text][vc_empty_space height=\u00a0\u00bb8px\u00a0\u00bb][vc_column_text] Nous savons combien votre appareil est important pour vous. N\u2019h\u00e9sitez pas \u00e0&#8230;<\/p>\n","protected":false},"author":2,"featured_media":0,"parent":0,"menu_order":0,"comment_status":"closed","ping_status":"closed","template":"","meta":{"footnotes":""},"_links":{"self":[{"href":"https:\/\/iriparo.com\/be\/wp-json\/wp\/v2\/pages\/14743"}],"collection":[{"href":"https:\/\/iriparo.com\/be\/wp-json\/wp\/v2\/pages"}],"about":[{"href":"https:\/\/iriparo.com\/be\/wp-json\/wp\/v2\/types\/page"}],"author":[{"embeddable":true,"href":"https:\/\/iriparo.com\/be\/wp-json\/wp\/v2\/users\/2"}],"replies":[{"embeddable":true,"href":"https:\/\/iriparo.com\/be\/wp-json\/wp\/v2\/comments?post=14743"}],"version-history":[{"count":0,"href":"https:\/\/iriparo.com\/be\/wp-json\/wp\/v2\/pages\/14743\/revisions"}],"wp:attachment":[{"href":"https:\/\/iriparo.com\/be\/wp-json\/wp\/v2\/media?parent=14743"}],"curies":[{"name":"wp","href":"https:\/\/api.w.org\/{rel}","templated":true}]}}