{"id":14834,"date":"2019-02-07T15:28:56","date_gmt":"2019-02-07T14:28:56","guid":{"rendered":"https:\/\/iriparo.com\/?page_id=14834"},"modified":"2022-03-04T12:09:52","modified_gmt":"2022-03-04T11:09:52","slug":"smartphones-reconditionnes","status":"publish","type":"page","link":"https:\/\/iriparo.com\/be\/smartphones-reconditionnes\/","title":{"rendered":"Smartphones reconditionn\u00e9s"},"content":{"rendered":"<section class=\"wpb-content-wrapper\"><p>[vc_row full_width=\u00a0\u00bbstretch_row\u00a0\u00bb css=\u00a0\u00bb.vc_custom_1632474621891{padding-bottom: 0px !important;}\u00a0\u00bb][vc_column]\n\t\t\t<section class=\"imagebg image--light cover cover-blocks bg--secondary \" >\n\t\t\t\t<div class=\"background-image-holder\"><img loading=\"lazy\" decoding=\"async\" width=\"1920\" height=\"1100\" src=\"https:\/\/iriparo.com\/wp-content\/uploads\/2021\/08\/dispostivi-usati-garantiti-iriparo-sfondo.jpeg\" class=\"attachment-full size-full\" alt=\"\" srcset=\"https:\/\/iriparo.com\/wp-content\/uploads\/2021\/08\/dispostivi-usati-garantiti-iriparo-sfondo.jpeg 1920w, https:\/\/iriparo.com\/wp-content\/uploads\/2021\/08\/dispostivi-usati-garantiti-iriparo-sfondo-500x286.jpeg 500w, https:\/\/iriparo.com\/wp-content\/uploads\/2021\/08\/dispostivi-usati-garantiti-iriparo-sfondo-700x401.jpeg 700w, https:\/\/iriparo.com\/wp-content\/uploads\/2021\/08\/dispostivi-usati-garantiti-iriparo-sfondo-300x172.jpeg 300w, https:\/\/iriparo.com\/wp-content\/uploads\/2021\/08\/dispostivi-usati-garantiti-iriparo-sfondo-1024x587.jpeg 1024w, https:\/\/iriparo.com\/wp-content\/uploads\/2021\/08\/dispostivi-usati-garantiti-iriparo-sfondo-768x440.jpeg 768w, https:\/\/iriparo.com\/wp-content\/uploads\/2021\/08\/dispostivi-usati-garantiti-iriparo-sfondo-1536x880.jpeg 1536w\" sizes=\"(max-width: 1920px) 100vw, 1920px\" \/><\/div>\n\t\t\t\t<div class=\"container\">\n\t\t\t\t\t<div class=\"row\">\n\t\t\t\t\t\t<div class=\"col-sm-6 col-md-5\">\n\t\t\t\t\t\t\t<div>[vc_column_text]<\/p>\n<h1>Smartphones reconditionn\u00e9s<\/h1>\n<p>[\/vc_column_text][vc_empty_space height=\u00a0\u00bb8px\u00a0\u00bb][vc_column_text]Nos magasins iRiparo vous proposent une gamme attractive de smartphones et tablettes de derni\u00e8re g\u00e9n\u00e9ration. Faire le choix du reconditionn\u00e9 est tr\u00e8s avantageux pour vous mais \u00e9galement pour l\u2019environnement. Non seulement vous avez acc\u00e8s \u00e0 des appareils \u00e0 prix r\u00e9duits, mais vous r\u00e9duisez aussi l\u2019impact environnemental. Mais vous devez \u00eatre s\u00fbr de la qualit\u00e9 d\u2019un appareil de seconde main : chez iRiparo, nos appareils reconditionn\u00e9s sont garantis 12 mois, comme un appareil neuf.[\/vc_column_text][vc_row_inner css=\u00a0\u00bb.vc_custom_1628688587048{padding-top: 50px !important;}\u00a0\u00bb][vc_column_inner][vc_btn title=\u00a0\u00bbTROUVER UN MAGASIN\u00a0\u00bb style=\u00a0\u00bbflat\u00a0\u00bb color=\u00a0\u00bbprimary\u00a0\u00bb link=\u00a0\u00bburl:%2Ffr%2Fnos-points-de-vente%2F|title:Nos%20points%20de%20vente\u00a0\u00bb][\/vc_column_inner][\/vc_row_inner]<\/div>\n\t\t\t\t\t\t<\/div>\n\t\t\t\t\t<\/div><!--end of row-->\n\t\t\t\t<\/div><!--end of container-->\n\t\t\t\t\n\t\t\t<\/section>\n\t\t[\/vc_column][\/vc_row][vc_section][vc_row content_width=\u00a0\u00bbgrid\u00a0\u00bb][vc_column width=\u00a0\u00bb1\/2&Prime; offset=\u00a0\u00bbvc_col-md-6&Prime;][vc_column_text]<\/p>\n<h2>Nos Smartphones d\u2019occasion<\/h2>\n<p>[\/vc_column_text][vc_empty_space height=\u00a0\u00bb16px\u00a0\u00bb][vc_column_text]Notre engagement qualit\u00e9.<br \/>\nNos appareils reconditionn\u00e9s sont soumis \u00e0 des tests qualit\u00e9 tr\u00e8s rigoureux.<\/p>\n<p>Avant d\u2019\u00eatre mis en vente, nous appliquons jusqu\u2019\u00e0 84 points de contr\u00f4le : \u00c9cran, tactile, batterie, appareil photo, connecteur de charge, haut parleur, vibreur, antenne r\u00e9seau, GPS, Wifi, Bluetooth\u2026<\/p>\n<p>Nous classons nos appareils en Grade A, B ou C, en fonction de leur aspect esth\u00e9tique et des traces d\u2019usage. Un smartphone de Grade A correspond \u00e0 l\u2019\u00e9tat d\u2019un appareil presque neuf.[\/vc_column_text][vc_empty_space height=\u00a0\u00bb16px\u00a0\u00bb][vc_btn title=\u00a0\u00bbTROUVEZ UN MAGASIN\u00a0\u00bb style=\u00a0\u00bbflat\u00a0\u00bb color=\u00a0\u00bbprimary\u00a0\u00bb link=\u00a0\u00bburl:%2Ffr%2Fnos-points-de-vente%2F|title:Nos%20points%20de%20vente\u00a0\u00bb][\/vc_column][vc_column width=\u00a0\u00bb1\/2&Prime; offset=\u00a0\u00bbvc_col-md-6&Prime;][vc_single_image image=\u00a0\u00bb206431&Prime; img_size=\u00a0\u00bbfull\u00a0\u00bb][\/vc_column][\/vc_row][\/vc_section][vc_section full_width=\u00a0\u00bbstretch_row\u00a0\u00bb css=\u00a0\u00bb.vc_custom_1631016308516{padding-top: 96px !important;padding-bottom: 96px !important;background-image: url(https:\/\/iriparo.com\/wp-content\/uploads\/2021\/08\/smartphone-iphone-usati-bg.jpeg?id=206471) !important;}\u00a0\u00bb][vc_row row_type=\u00a0\u00bbparallax\u00a0\u00bb content_width=\u00a0\u00bbgrid\u00a0\u00bb content_aligment=\u00a0\u00bbcenter\u00a0\u00bb full_screen_section_height=\u00a0\u00bbno\u00a0\u00bb parallax_background_image=\u00a0\u00bb14127&Prime; css=\u00a0\u00bb.vc_custom_1631016274053{background-position: center !important;background-repeat: no-repeat !important;background-size: cover !important;}\u00a0\u00bb el_class=\u00a0\u00bbcustom-row-icons\u00a0\u00bb][vc_column width=\u00a0\u00bb1\/3&Prime;][vc_single_image image=\u00a0\u00bb206450&Prime; img_size=\u00a0\u00bbfull\u00a0\u00bb alignment=\u00a0\u00bbcenter\u00a0\u00bb][vc_empty_space][vc_column_text]<\/p>\n<h3 class=\"title-white text-center\">Appareils Grade A<\/h3>\n<p>[\/vc_column_text][vc_empty_space height=\u00a0\u00bb8px\u00a0\u00bb][vc_column_text]<\/p>\n<p class=\"title-white text-center\">Ils ne pr\u00e9sentent aucune trace d\u2019utilisation, de marque ou de rayures visibles \u00e0 plus de 20 cm. L\u2019\u00e9cran est comme neuf.<\/p>\n<p>[\/vc_column_text][vc_empty_space height=\u00a0\u00bb48px\u00a0\u00bb][\/vc_column][vc_column width=\u00a0\u00bb1\/3&Prime;][vc_single_image image=\u00a0\u00bb206458&Prime; img_size=\u00a0\u00bbfull\u00a0\u00bb alignment=\u00a0\u00bbcenter\u00a0\u00bb][vc_empty_space][vc_column_text]<\/p>\n<h3 class=\"title-white text-center\">Appareils Grade B<\/h3>\n<p>[\/vc_column_text][vc_empty_space height=\u00a0\u00bb8px\u00a0\u00bb][vc_column_text]<\/p>\n<p class=\"title-white text-center\">Ils pr\u00e9sentent quelques micro rayures et\/ou signes d\u2019usure sur les bords. L\u2019\u00e9cran est comme neuf.<\/p>\n<p>[\/vc_column_text][vc_empty_space height=\u00a0\u00bb48px\u00a0\u00bb][\/vc_column][vc_column width=\u00a0\u00bb1\/3&Prime;][vc_single_image image=\u00a0\u00bb206466&Prime; img_size=\u00a0\u00bbfull\u00a0\u00bb alignment=\u00a0\u00bbcenter\u00a0\u00bb][vc_empty_space][vc_column_text]<\/p>\n<h3 class=\"title-white text-center\">Appareils Grade C<\/h3>\n<p>[\/vc_column_text][vc_empty_space height=\u00a0\u00bb8px\u00a0\u00bb][vc_column_text]<\/p>\n<p class=\"title-white text-center\">Ils pr\u00e9sentent des rayures et signes d\u2019usure qui t\u00e9moignent de leur pr\u00e9c\u00e9dente utilisation.<\/p>\n<p>[\/vc_column_text][vc_empty_space height=\u00a0\u00bb48px\u00a0\u00bb][\/vc_column][\/vc_row][\/vc_section][vc_section css=\u00a0\u00bb.vc_custom_1631016329014{padding-top: 96px !important;padding-bottom: 96px !important;}\u00a0\u00bb][vc_row content_width=\u00a0\u00bbgrid\u00a0\u00bb css=\u00a0\u00bb.vc_custom_1631016355557{background-color: #ffffff !important;}\u00a0\u00bb][vc_column width=\u00a0\u00bb1\/2&Prime; offset=\u00a0\u00bbvc_col-md-6&Prime;][vc_column_text]<\/p>\n<h2>Trouver un magasin iRiparo<\/h2>\n<p>[\/vc_column_text][vc_empty_space height=\u00a0\u00bb16px\u00a0\u00bb][vc_column_text]Notre r\u00e9seau de r\u00e9paration express compte aujourd\u2019hui plus de 340 points de vente iRiparo en Italie, en Suisse, en Espagne, en Belgique et en France. Nous vous invitons \u00e0 contacter directement votre magasin le plus proche pour de plus amples informations.[\/vc_column_text][vc_empty_space][vc_btn title=\u00a0\u00bbTROUVEZ UN MAGASIN\u00a0\u00bb style=\u00a0\u00bbflat\u00a0\u00bb color=\u00a0\u00bbprimary\u00a0\u00bb link=\u00a0\u00bburl:%2Ffr%2Fnos-points-de-vente%2F|title:Nos%20points%20de%20vente\u00a0\u00bb][\/vc_column][vc_column width=\u00a0\u00bb1\/2&Prime; offset=\u00a0\u00bbvc_col-md-6&Prime;][vc_single_image image=\u00a0\u00bb206485&Prime; img_size=\u00a0\u00bbfull\u00a0\u00bb][\/vc_column][\/vc_row][\/vc_section]<\/p>\n<\/section>","protected":false},"excerpt":{"rendered":"<p>[vc_row full_width=\u00a0\u00bbstretch_row\u00a0\u00bb css=\u00a0\u00bb.vc_custom_1632474621891{padding-bottom: 0px !important;}\u00a0\u00bb][vc_column][\/vc_column][\/vc_row][vc_section][vc_row content_width=\u00a0\u00bbgrid\u00a0\u00bb][vc_column width=\u00a0\u00bb1\/2&Prime; offset=\u00a0\u00bbvc_col-md-6&Prime;][vc_column_text] Nos Smartphones d\u2019occasion [\/vc_column_text][vc_empty_space height=\u00a0\u00bb16px\u00a0\u00bb][vc_column_text]Notre engagement qualit\u00e9. Nos appareils reconditionn\u00e9s sont soumis \u00e0 des&#8230;<\/p>\n","protected":false},"author":2,"featured_media":0,"parent":0,"menu_order":0,"comment_status":"closed","ping_status":"closed","template":"","meta":{"footnotes":""},"_links":{"self":[{"href":"https:\/\/iriparo.com\/be\/wp-json\/wp\/v2\/pages\/14834"}],"collection":[{"href":"https:\/\/iriparo.com\/be\/wp-json\/wp\/v2\/pages"}],"about":[{"href":"https:\/\/iriparo.com\/be\/wp-json\/wp\/v2\/types\/page"}],"author":[{"embeddable":true,"href":"https:\/\/iriparo.com\/be\/wp-json\/wp\/v2\/users\/2"}],"replies":[{"embeddable":true,"href":"https:\/\/iriparo.com\/be\/wp-json\/wp\/v2\/comments?post=14834"}],"version-history":[{"count":0,"href":"https:\/\/iriparo.com\/be\/wp-json\/wp\/v2\/pages\/14834\/revisions"}],"wp:attachment":[{"href":"https:\/\/iriparo.com\/be\/wp-json\/wp\/v2\/media?parent=14834"}],"curies":[{"name":"wp","href":"https:\/\/api.w.org\/{rel}","templated":true}]}}