{"id":14888,"date":"2019-02-08T14:57:03","date_gmt":"2019-02-08T13:57:03","guid":{"rendered":"https:\/\/iriparo.com\/?page_id=14888"},"modified":"2022-01-21T11:27:02","modified_gmt":"2022-01-21T10:27:02","slug":"reparations-smartphone-tablette-smartwatch","status":"publish","type":"page","link":"https:\/\/iriparo.com\/be\/reparations-smartphone-tablette-smartwatch\/","title":{"rendered":"R\u00e9parations"},"content":{"rendered":"<section class=\"wpb-content-wrapper\"><p>[vc_row full_width=\u00a0\u00bbstretch_row\u00a0\u00bb][vc_column]\n\t\t\t<section class=\"imagebg image--light cover cover-blocks bg--secondary \" >\n\t\t\t\t<div class=\"background-image-holder\"><img loading=\"lazy\" decoding=\"async\" width=\"1920\" height=\"1100\" src=\"https:\/\/iriparo.com\/wp-content\/uploads\/2021\/09\/sfondo-riparazioni-2.jpg\" class=\"attachment-full size-full\" alt=\"\" srcset=\"https:\/\/iriparo.com\/wp-content\/uploads\/2021\/09\/sfondo-riparazioni-2.jpg 1920w, https:\/\/iriparo.com\/wp-content\/uploads\/2021\/09\/sfondo-riparazioni-2-500x286.jpg 500w, https:\/\/iriparo.com\/wp-content\/uploads\/2021\/09\/sfondo-riparazioni-2-700x401.jpg 700w, https:\/\/iriparo.com\/wp-content\/uploads\/2021\/09\/sfondo-riparazioni-2-300x172.jpg 300w, https:\/\/iriparo.com\/wp-content\/uploads\/2021\/09\/sfondo-riparazioni-2-1024x587.jpg 1024w, https:\/\/iriparo.com\/wp-content\/uploads\/2021\/09\/sfondo-riparazioni-2-768x440.jpg 768w, https:\/\/iriparo.com\/wp-content\/uploads\/2021\/09\/sfondo-riparazioni-2-1536x880.jpg 1536w\" sizes=\"(max-width: 1920px) 100vw, 1920px\" \/><\/div>\n\t\t\t\t<div class=\"container\">\n\t\t\t\t\t<div class=\"row\">\n\t\t\t\t\t\t<div class=\"col-sm-6 col-md-5\">\n\t\t\t\t\t\t\t<div>[vc_column_text]<\/p>\n<h1>R\u00e9parations<\/h1>\n<h4>Casser son Smartphone ou sa tablette est toujours dramatique car aujourd&rsquo;hui il est impossible de s&rsquo;en passer. iRiparo est n\u00e9 pour r\u00e9pondre \u00e0 ce probl\u00e8me. Grace \u00e0 notre r\u00e9seau de magasins sp\u00e9cialis\u00e9s ou \u00e0 travers notre magasin en ligne vous pouvez faire r\u00e9parer rapidement vos appareils mobiles. Vous pouvez choisir une r\u00e9paration avec des pi\u00e8ces de rechange originales ou d\u00e9penser moins avec des pi\u00e8ces de rechange compatibles. Dans les deux cas, votre r\u00e9paration est garantie par iRiparo.<\/h4>\n<p>[\/vc_column_text][vc_empty_space height=\u00a0\u00bb16px\u00a0\u00bb][vc_btn title=\u00a0\u00bbR\u00e9paration en magasin\u00a0\u00bb style=\u00a0\u00bbflat\u00a0\u00bb color=\u00a0\u00bbprimary\u00a0\u00bb link=\u00a0\u00bburl:%2Fbe%2Fnos-points-de-vente%2F|title:R%C3%A9paration%20en%20magasin\u00a0\u00bb]<\/div>\n\t\t\t\t\t\t<\/div>\n\t\t\t\t\t<\/div><!--end of row-->\n\t\t\t\t<\/div><!--end of container-->\n\t\t\t\t\n\t\t\t<\/section>\n\t\t[\/vc_column][\/vc_row][vc_section][vc_row][vc_column width=\u00a0\u00bb1\/2&Prime;][vc_column_text]<\/p>\n<h2>Nos techniciens sp\u00e9cialis\u00e9s<\/h2>\n<p>[\/vc_column_text][vc_empty_space height=\u00a0\u00bb8px\u00a0\u00bb][vc_column_text]Dans les points de vente iRiparo, vous trouverez des techniciens form\u00e9s et sp\u00e9cialis\u00e9s, capables de fournir un diagnostic ad\u00e9quat et de prendre en charge la r\u00e9paration de tous types de smartphones et de tablettes pr\u00e9sents dans le commerce afin de r\u00e9soudre le probl\u00e8me, si possible, le jour m\u00eame.[\/vc_column_text][vc_empty_space height=\u00a0\u00bb16px\u00a0\u00bb][vc_btn title=\u00a0\u00bbR\u00e9paration en magasin\u00a0\u00bb style=\u00a0\u00bbflat\u00a0\u00bb color=\u00a0\u00bbprimary\u00a0\u00bb link=\u00a0\u00bburl:%2Fbe%2Fnos-points-de-vente%2F|title:R%C3%A9paration%20en%20magasin\u00a0\u00bb][\/vc_column][vc_column width=\u00a0\u00bb1\/2&Prime;][vc_single_image image=\u00a0\u00bb208096&Prime; img_size=\u00a0\u00bbfull\u00a0\u00bb alignment=\u00a0\u00bbcenter\u00a0\u00bb][\/vc_column][\/vc_row][\/vc_section][vc_section full_width=\u00a0\u00bbstretch_row\u00a0\u00bb css=\u00a0\u00bb.vc_custom_1633076142457{padding-top: 96px !important;padding-bottom: 96px !important;background-image: url(https:\/\/iriparo.com\/wp-content\/uploads\/2021\/09\/sfondo-cambi-riparazione.jpg?id=207714) !important;}\u00a0\u00bb ebor_docs=\u00a0\u00bb\u00a0\u00bb][vc_row][vc_column width=\u00a0\u00bb1\/3&Prime;][vc_single_image image=\u00a0\u00bb207722&Prime; img_size=\u00a0\u00bbfull\u00a0\u00bb alignment=\u00a0\u00bbcenter\u00a0\u00bb][vc_empty_space][vc_column_text]<\/p>\n<h5 class=\"title-white text-center\">Pi\u00e8ces de rechange compatibles<\/h5>\n<p>[\/vc_column_text][vc_empty_space height=\u00a0\u00bb16px\u00a0\u00bb][vc_column_text]<\/p>\n<p class=\"text-center title-white\">Avec iRiparo vous pouvez effectuer des \u00e9conomies gr\u00e2ce \u00e0 l\u2019utilisation de pi\u00e8ces de rechange compatibles, c\u2019est-\u00e0-dire, de nouveaux produits en mesure de remplacer les originaux.<\/p>\n<p>[\/vc_column_text][vc_empty_space height=\u00a0\u00bb48px\u00a0\u00bb][\/vc_column][vc_column width=\u00a0\u00bb1\/3&Prime;][vc_single_image image=\u00a0\u00bb207730&Prime; img_size=\u00a0\u00bbfull\u00a0\u00bb alignment=\u00a0\u00bbcenter\u00a0\u00bb][vc_empty_space][vc_column_text]<\/p>\n<h5 class=\"title-white text-center\">Pi\u00e8ces de rechange r\u00e9g\u00e9n\u00e9r\u00e9es<\/h5>\n<p>[\/vc_column_text][vc_empty_space height=\u00a0\u00bb16px\u00a0\u00bb][vc_column_text]<\/p>\n<p class=\"title-white text-center\">iRiparo pense aussi \u00e0 l\u2019environnement ! En effet, vous pouvez choisir des pi\u00e8ces de rechange r\u00e9g\u00e9n\u00e9r\u00e9es, c\u2019est-\u00e0-dire, des produits originaux pr\u00e9c\u00e9demment r\u00e9par\u00e9s.<\/p>\n<p>[\/vc_column_text][vc_empty_space height=\u00a0\u00bb48px\u00a0\u00bb][\/vc_column][vc_column width=\u00a0\u00bb1\/3&Prime;][vc_single_image image=\u00a0\u00bb207722&Prime; img_size=\u00a0\u00bbfull\u00a0\u00bb alignment=\u00a0\u00bbcenter\u00a0\u00bb][vc_empty_space][vc_column_text]<\/p>\n<h5 class=\"title-white text-center\">Pi\u00e8ces de rechange originales<\/h5>\n<p>[\/vc_column_text][vc_empty_space height=\u00a0\u00bb16px\u00a0\u00bb][vc_column_text]<\/p>\n<p class=\"title-white text-center\">Nous offrons la plus grande s\u00e9lection de pi\u00e8ces de rechanges originales neuves pour les smartphones comme pour les tablettes pour ceux qui ne veulent pas renoncer \u00e0 la qualit\u00e9.<\/p>\n<p>[\/vc_column_text][vc_empty_space height=\u00a0\u00bb48px\u00a0\u00bb][\/vc_column][\/vc_row][\/vc_section][vc_section][vc_row][vc_column width=\u00a0\u00bb1\/2&Prime;][vc_column_text]<\/p>\n<h2>Trouver un magasin iRiparo<\/h2>\n<p>[\/vc_column_text][vc_empty_space height=\u00a0\u00bb8px\u00a0\u00bb][vc_column_text]Notre r\u00e9seau de r\u00e9paration express compte aujourd\u2019hui plus  e points de vente iRiparo en Italie, en Suisse, en Espagne, en Belgique et en France, tandis que ce chiffre est en forte expansion.[\/vc_column_text][vc_empty_space height=\u00a0\u00bb16px\u00a0\u00bb][vc_btn title=\u00a0\u00bbR\u00e9paration en magasin\u00a0\u00bb style=\u00a0\u00bbflat\u00a0\u00bb color=\u00a0\u00bbprimary\u00a0\u00bb link=\u00a0\u00bburl:%2Fbe%2Fnos-points-de-vente%2F|title:R%C3%A9paration%20en%20magasin\u00a0\u00bb][\/vc_column][vc_column width=\u00a0\u00bb1\/2&Prime;][vc_single_image image=\u00a0\u00bb206485&Prime; img_size=\u00a0\u00bbfull\u00a0\u00bb alignment=\u00a0\u00bbcenter\u00a0\u00bb][\/vc_column][\/vc_row][\/vc_section]<\/p>\n<\/section>","protected":false},"excerpt":{"rendered":"<p>[vc_row full_width=\u00a0\u00bbstretch_row\u00a0\u00bb][vc_column][\/vc_column][\/vc_row][vc_section][vc_row][vc_column width=\u00a0\u00bb1\/2&Prime;][vc_column_text] Nos techniciens sp\u00e9cialis\u00e9s [\/vc_column_text][vc_empty_space height=\u00a0\u00bb8px\u00a0\u00bb][vc_column_text]Dans les points de vente iRiparo, vous trouverez des techniciens form\u00e9s et sp\u00e9cialis\u00e9s, capables de&#8230;<\/p>\n","protected":false},"author":2,"featured_media":0,"parent":0,"menu_order":0,"comment_status":"closed","ping_status":"closed","template":"","meta":{"footnotes":""},"_links":{"self":[{"href":"https:\/\/iriparo.com\/be\/wp-json\/wp\/v2\/pages\/14888"}],"collection":[{"href":"https:\/\/iriparo.com\/be\/wp-json\/wp\/v2\/pages"}],"about":[{"href":"https:\/\/iriparo.com\/be\/wp-json\/wp\/v2\/types\/page"}],"author":[{"embeddable":true,"href":"https:\/\/iriparo.com\/be\/wp-json\/wp\/v2\/users\/2"}],"replies":[{"embeddable":true,"href":"https:\/\/iriparo.com\/be\/wp-json\/wp\/v2\/comments?post=14888"}],"version-history":[{"count":0,"href":"https:\/\/iriparo.com\/be\/wp-json\/wp\/v2\/pages\/14888\/revisions"}],"wp:attachment":[{"href":"https:\/\/iriparo.com\/be\/wp-json\/wp\/v2\/media?parent=14888"}],"curies":[{"name":"wp","href":"https:\/\/api.w.org\/{rel}","templated":true}]}}