{"id":240654,"date":"2020-05-27T18:07:35","date_gmt":"2020-05-27T16:07:35","guid":{"rendered":"https:\/\/iriparo.com\/garantie-protection-display\/"},"modified":"2022-01-10T13:07:37","modified_gmt":"2022-01-10T12:07:37","slug":"garantie-protection-display","status":"publish","type":"page","link":"https:\/\/iriparo.com\/be\/garantie-protection-display\/","title":{"rendered":"Garantie Protection Display"},"content":{"rendered":"<section class=\"wpb-content-wrapper\"><p>[vc_row full_width=\u00a0\u00bbstretch_row\u00a0\u00bb][vc_column]\n\t\t\t<section class=\"imagebg parallax \" data-overlay=\"3\" >\n\t\t\t\t<div class=\"background-image-holder\"><img loading=\"lazy\" decoding=\"async\" width=\"1920\" height=\"700\" src=\"https:\/\/iriparo.com\/wp-content\/uploads\/2021\/09\/iriparo-protection-display-H-1.jpg\" class=\"attachment-full size-full\" alt=\"\" srcset=\"https:\/\/iriparo.com\/wp-content\/uploads\/2021\/09\/iriparo-protection-display-H-1.jpg 1920w, https:\/\/iriparo.com\/wp-content\/uploads\/2021\/09\/iriparo-protection-display-H-1-500x182.jpg 500w, https:\/\/iriparo.com\/wp-content\/uploads\/2021\/09\/iriparo-protection-display-H-1-700x255.jpg 700w, https:\/\/iriparo.com\/wp-content\/uploads\/2021\/09\/iriparo-protection-display-H-1-300x109.jpg 300w, https:\/\/iriparo.com\/wp-content\/uploads\/2021\/09\/iriparo-protection-display-H-1-1024x373.jpg 1024w, https:\/\/iriparo.com\/wp-content\/uploads\/2021\/09\/iriparo-protection-display-H-1-768x280.jpg 768w, https:\/\/iriparo.com\/wp-content\/uploads\/2021\/09\/iriparo-protection-display-H-1-1536x560.jpg 1536w\" sizes=\"(max-width: 1920px) 100vw, 1920px\" \/><\/div>\n\t\t\t\t<div class=\"container\">\n\t\t\t\t\t<div class=\"row\">\n\t\t\t\t\t\t<div class=\"col-sm-12\">\n\t\t\t\t\t\t\t<div class=\"cta\">\n\t\t\t\t\t\t\t\t[vc_column_text]<\/p>\n<h1 class=\"text-white\">Garantie Protection Display<\/h1>\n<h3 class=\"text-white\">Prot\u00e9gez votre t\u00e9l\u00e9phone contre de futures cassures de l\u2019\u00e9cran<\/h3>\n<p>[\/vc_column_text]\n\t\t\t\t\t\t\t<\/div>\n\t\t\t\t\t\t<\/div>\n\t\t\t\t\t<\/div><!--end of row-->\n\t\t\t\t<\/div><!--end of container-->\n\t\t\t\t\n\t\t\t<\/section>\n\t\t[\/vc_column][\/vc_row][vc_section][vc_row][vc_column width=\u00a0\u00bb1\/2&Prime;][vc_column_text]<\/p>\n<h2>Pr\u00e9venez avant de r\u00e9parer<\/h2>\n<p>[\/vc_column_text][vc_empty_space height=\u00a0\u00bb16px\u00a0\u00bb][vc_column_text]<\/p>\n<h4><strong>Avec iRiparo Protection Display, vous avez 10 mois de garantie pour les dommages accidentels sur l\u2019\u00e9cran de votre smartphone<\/strong>, \u00e0 partir de 18,90\u20ac.<br \/>\nVous pouvez activer la garantie iRiparo pour n\u2019importe quel mod\u00e8le de smartphone ou de tablette, m\u00eame si l\u2019appareil en question est utilis\u00e9, obsol\u00e8te ou achet\u00e9 ailleurs. <strong>Si vous cassez l\u2019\u00e9cran, la r\u00e9paration au centre iRiparo est gratuite<\/strong> !<br \/>\niRiparo Protection Display est un <strong>service d\u2019extension de garantie (ce n\u2019est pas une assurance) offert par Garantie3<\/strong> et peut \u00eatre achet\u00e9 dans tous les centres iRiparo !<\/h4>\n<p>[\/vc_column_text][\/vc_column][vc_column width=\u00a0\u00bb1\/2&Prime;][vc_single_image image=\u00a0\u00bb207604&Prime; img_size=\u00a0\u00bbfull\u00a0\u00bb alignment=\u00a0\u00bbcenter\u00a0\u00bb][\/vc_column][\/vc_row][\/vc_section][vc_section css=\u00a0\u00bb.vc_custom_1630940964761{padding-top: 96px !important;padding-bottom: 96px !important;background-color: #f5f5f5 !important;}\u00a0\u00bb][vc_row][vc_column][vc_column_text]<\/p>\n<h3 class=\"text-center\">Quelques exemples de combien vous pouvez \u00e9conomiser avec iRiparo Protection Display<\/h3>\n<p>[\/vc_column_text][vc_empty_space][vc_column_text]<\/p>\n<div class=\"qodef-service-table qodef-cols-3\">\n<div class=\"qodef-service-table-inner\">\n<table class=\"qodef-service-table-holder\">\n<thead>\n<tr>\n<th>Mod\u00e8le smartphone<\/th>\n<th>Co\u00fbt garantie iRiparo Protection Display<\/th>\n<th>Co\u00fbt r\u00e9paration de l&rsquo;\u00e9cran<\/th>\n<th>Economies<\/th>\n<\/tr>\n<\/thead>\n<tbody>\n<tr>\n<td>Apple iPhone 12 Pro<\/td>\n<td>\u20ac68,90<\/td>\n<td>\u20ac249<\/td>\n<td>\u20ac180,10<\/td>\n<\/tr>\n<tr>\n<td>Samsung Galaxy S21 Ultra 5G<\/td>\n<td>\u20ac58,90<\/td>\n<td>\u20ac339<\/td>\n<td>\u20ac280,10<\/td>\n<\/tr>\n<tr>\n<td>Huawei P40<\/td>\n<td>\u20ac38,90<\/td>\n<td>\u20ac119<\/td>\n<td>\u20ac80,10<\/td>\n<\/tr>\n<\/tbody>\n<\/table>\n<\/div>\n<\/div>\n<p>[\/vc_column_text][vc_empty_space][vc_column_text]<\/p>\n<p class=\"text-center\">iRiparo Protection Display est un service par Garantie3. <a href=\"https:\/\/iriparo.com\/wp-content\/uploads\/pdf\/REGOLAMENTO-iRIPARO-G3.pdf\" target=\"_blank\" rel=\"noopener\">Conditions g\u00e9n\u00e9rales<\/a>.<\/p>\n<p>[\/vc_column_text][\/vc_column][\/vc_row][\/vc_section][vc_section css=\u00a0\u00bb.vc_custom_1630941101083{padding-top: 96px !important;padding-bottom: 96px !important;}\u00a0\u00bb][vc_row][vc_column width=\u00a0\u00bb1\/2&Prime;][vc_column_text]<\/p>\n<h3>Vous avez d\u00e9j\u00e0 achet\u00e9 la garantie iRiparo Protection Display ? Activez-la !<\/h3>\n<p>[\/vc_column_text][vc_empty_space height=\u00a0\u00bb16px\u00a0\u00bb][vc_column_text]<\/p>\n<ol>\n<li>Contr\u00f4lez l\u2019adresse de votre boite e-mail que vous avez laiss\u00e9 au moment de l\u2019achat. Vous recevrez le code d\u2019acc\u00e8s sur celle-ci.<\/li>\n<li>T\u00e9l\u00e9chargez l&rsquo;app Garantie3, inscrivez-vous gratuitement et suivez la proc\u00e9dure.<\/li>\n<li>T\u00e9l\u00e9chargez une photo de l\u2019\u00e9cran de votre t\u00e9l\u00e9phone pour montrer que l\u2019\u00e9cran n\u2019est pas endommag\u00e9 au moment de l\u2019activation.<\/li>\n<\/ol>\n<p>[\/vc_column_text][vc_empty_space height=\u00a0\u00bb8px\u00a0\u00bb][vc_column_text]<\/p>\n<h5>iRiparo Protection Display est d\u00e9sormais active pendant 10 mois.<\/h5>\n<p>[\/vc_column_text][vc_empty_space height=\u00a0\u00bb16px\u00a0\u00bb][vc_column_text]<\/p>\n<h6>TELECHARGEZ L&rsquo;APP:<\/h6>\n<p>[\/vc_column_text][vc_row_inner][vc_column_inner width=\u00a0\u00bb1\/3&Prime; offset=\u00a0\u00bbvc_col-xs-4&Prime;][vc_single_image image=\u00a0\u00bb207562&Prime; img_size=\u00a0\u00bbfull\u00a0\u00bb][\/vc_column_inner][vc_column_inner width=\u00a0\u00bb1\/3&Prime; offset=\u00a0\u00bbvc_col-xs-4&Prime;][vc_single_image image=\u00a0\u00bb207570&Prime; img_size=\u00a0\u00bbfull\u00a0\u00bb][\/vc_column_inner][vc_column_inner width=\u00a0\u00bb1\/3&Prime; offset=\u00a0\u00bbvc_col-xs-4&Prime;][vc_single_image image=\u00a0\u00bb207578&Prime; img_size=\u00a0\u00bbfull\u00a0\u00bb][\/vc_column_inner][\/vc_row_inner][vc_empty_space height=\u00a0\u00bb16px\u00a0\u00bb][\/vc_column][vc_column width=\u00a0\u00bb1\/2&Prime;][vc_single_image image=\u00a0\u00bb207586&Prime; img_size=\u00a0\u00bbfull\u00a0\u00bb alignment=\u00a0\u00bbcenter\u00a0\u00bb][\/vc_column][\/vc_row][\/vc_section][vc_section full_width=\u00a0\u00bbstretch_row\u00a0\u00bb css=\u00a0\u00bb.vc_custom_1630942254405{padding-top: 96px !important;padding-bottom: 96px !important;background-color: #f5f5f5 !important;}\u00a0\u00bb][vc_row][vc_column][vc_column_text]<\/p>\n<h2 class=\"text-center\">Vous avez cass\u00e9 l&rsquo;\u00e9cran et vous voulez utiliser la garantie ?<\/h2>\n<p>[\/vc_column_text][vc_empty_space][vc_column_text]<\/p>\n<h5 class=\"text-center\">\u00c9crivez \u00e0 l\u2019email iriparo@garanzia3.it ou appelez le centre d\u2019appels Garantie3 au <strong>800 090 737<\/strong> et suivez la proc\u00e9dure. Ce num\u00e9ro est joignable du lundi au vendredi de 10h00 \u00e0 17h00.<\/h5>\n<p>[\/vc_column_text][vc_empty_space][vc_row_inner][vc_column_inner width=\u00a0\u00bb1\/2&Prime; offset=\u00a0\u00bbvc_col-xs-6&Prime;][vc_btn title=\u00a0\u00bbEcrivez-nous d\u00e8s maintenant\u00a0\u00bb style=\u00a0\u00bbflat\u00a0\u00bb color=\u00a0\u00bbprimary\u00a0\u00bb align=\u00a0\u00bbright\u00a0\u00bb link=\u00a0\u00bburl:mailto%3Airiparo%40garanzia3.it|title:Ecrivez-nous%20d%C3%A8s%20maintenant\u00a0\u00bb][\/vc_column_inner][vc_column_inner width=\u00a0\u00bb1\/2&Prime; offset=\u00a0\u00bbvc_col-xs-6&Prime;][vc_btn title=\u00a0\u00bbAppelez-nous d\u00e8s maintenant\u00a0\u00bb style=\u00a0\u00bbflat\u00a0\u00bb color=\u00a0\u00bbvista-blue\u00a0\u00bb link=\u00a0\u00bburl:tel%3A800090737|title:Appelez-nous%20d%C3%A8s%20maintenant\u00a0\u00bb][\/vc_column_inner][\/vc_row_inner][\/vc_column][\/vc_row][\/vc_section]<\/p>\n<\/section>","protected":false},"excerpt":{"rendered":"<p>[vc_row full_width=\u00a0\u00bbstretch_row\u00a0\u00bb][vc_column][\/vc_column][\/vc_row][vc_section][vc_row][vc_column width=\u00a0\u00bb1\/2&Prime;][vc_column_text] Pr\u00e9venez avant de r\u00e9parer [\/vc_column_text][vc_empty_space height=\u00a0\u00bb16px\u00a0\u00bb][vc_column_text] Avec iRiparo Protection Display, vous avez 10 mois de garantie pour les dommages&#8230;<\/p>\n","protected":false},"author":2,"featured_media":0,"parent":0,"menu_order":0,"comment_status":"closed","ping_status":"closed","template":"","meta":{"footnotes":""},"_links":{"self":[{"href":"https:\/\/iriparo.com\/be\/wp-json\/wp\/v2\/pages\/240654"}],"collection":[{"href":"https:\/\/iriparo.com\/be\/wp-json\/wp\/v2\/pages"}],"about":[{"href":"https:\/\/iriparo.com\/be\/wp-json\/wp\/v2\/types\/page"}],"author":[{"embeddable":true,"href":"https:\/\/iriparo.com\/be\/wp-json\/wp\/v2\/users\/2"}],"replies":[{"embeddable":true,"href":"https:\/\/iriparo.com\/be\/wp-json\/wp\/v2\/comments?post=240654"}],"version-history":[{"count":0,"href":"https:\/\/iriparo.com\/be\/wp-json\/wp\/v2\/pages\/240654\/revisions"}],"wp:attachment":[{"href":"https:\/\/iriparo.com\/be\/wp-json\/wp\/v2\/media?parent=240654"}],"curies":[{"name":"wp","href":"https:\/\/api.w.org\/{rel}","templated":true}]}}