{"id":29480,"date":"2019-10-28T13:41:08","date_gmt":"2019-10-28T12:41:08","guid":{"rendered":"https:\/\/iriparo.com\/cartouches-et-toners-prink\/"},"modified":"2022-01-21T10:52:28","modified_gmt":"2022-01-21T09:52:28","slug":"cartouches-et-toners-prink","status":"publish","type":"page","link":"https:\/\/iriparo.com\/be\/cartouches-et-toners-prink\/","title":{"rendered":"Cartouches et toners Prink"},"content":{"rendered":"<section class=\"wpb-content-wrapper\"><p>[vc_row full_width=\u00a0\u00bbstretch_row\u00a0\u00bb][vc_column]\n\t\t\t<section class=\"imagebg image--light cover cover-blocks bg--secondary \" >\n\t\t\t\t<div class=\"background-image-holder\"><img loading=\"lazy\" decoding=\"async\" width=\"1920\" height=\"1100\" src=\"https:\/\/iriparo.com\/wp-content\/uploads\/2021\/09\/prodotti-prink-sfondo-parallax.jpg\" class=\"attachment-full size-full\" alt=\"\" srcset=\"https:\/\/iriparo.com\/wp-content\/uploads\/2021\/09\/prodotti-prink-sfondo-parallax.jpg 1920w, https:\/\/iriparo.com\/wp-content\/uploads\/2021\/09\/prodotti-prink-sfondo-parallax-500x286.jpg 500w, https:\/\/iriparo.com\/wp-content\/uploads\/2021\/09\/prodotti-prink-sfondo-parallax-700x401.jpg 700w, https:\/\/iriparo.com\/wp-content\/uploads\/2021\/09\/prodotti-prink-sfondo-parallax-300x172.jpg 300w, https:\/\/iriparo.com\/wp-content\/uploads\/2021\/09\/prodotti-prink-sfondo-parallax-1024x587.jpg 1024w, https:\/\/iriparo.com\/wp-content\/uploads\/2021\/09\/prodotti-prink-sfondo-parallax-768x440.jpg 768w, https:\/\/iriparo.com\/wp-content\/uploads\/2021\/09\/prodotti-prink-sfondo-parallax-1536x880.jpg 1536w\" sizes=\"(max-width: 1920px) 100vw, 1920px\" \/><\/div>\n\t\t\t\t<div class=\"container\">\n\t\t\t\t\t<div class=\"row\">\n\t\t\t\t\t\t<div class=\"col-sm-6 col-md-5\">\n\t\t\t\t\t\t\t<div>[vc_column_text]<\/p>\n<h1>Cartouches et toners Prink<\/h1>\n<h3>Dans nos points de vente, en plus des produits et services pour la t\u00e9l\u00e9phonie d&rsquo;iRiparo, vous trouverez les services et les produits Prink. iRiparo fait partie du groupe Prink SPA, avec plus de mille magasins en europe sp\u00e9cialis\u00e9s dans la vente de Cartouches, Toners, Papier, Imprimantes.<\/h3>\n<p>[\/vc_column_text][vc_empty_space][vc_btn title=\u00a0\u00bbD\u00c9COUVREZ LES PRODUITS\u00a0\u00bb style=\u00a0\u00bbflat\u00a0\u00bb color=\u00a0\u00bbprimary\u00a0\u00bb link=\u00a0\u00bburl:%23gamma|title:Gamma%20completa\u00a0\u00bb]<\/div>\n\t\t\t\t\t\t<\/div>\n\t\t\t\t\t<\/div><!--end of row-->\n\t\t\t\t<\/div><!--end of container-->\n\t\t\t\t\n\t\t\t<\/section>\n\t\t[\/vc_column][\/vc_row][vc_section el_id=\u00a0\u00bbgamma\u00a0\u00bb css=\u00a0\u00bb.vc_custom_1630595657425{padding-top: 0px !important;}\u00a0\u00bb][vc_row][vc_column width=\u00a0\u00bb1\/3&Prime;][vc_single_image image=\u00a0\u00bb207355&Prime; img_size=\u00a0\u00bblarge\u00a0\u00bb alignment=\u00a0\u00bbcenter\u00a0\u00bb][vc_empty_space][vc_column_text]<\/p>\n<h3 class=\"text-center\">Cartouches Prink<\/h3>\n<p>[\/vc_column_text][vc_empty_space][vc_column_text]<\/p>\n<p class=\"text-center\">Les <strong>cartouches inkjet Prink<\/strong> sont disponibles <strong>pour toutes les marques d\u2019imprimantes<\/strong> et constituent la meilleure alternative aux cartouches originales, car elles assurent, en plus de leur grande qualit\u00e9 d\u2019impression, une <strong>\u00e9conomie int\u00e9ressante<\/strong> qui peut aller jusqu\u2019\u00e0 60%.<\/p>\n<p>[\/vc_column_text][vc_empty_space][\/vc_column][vc_column width=\u00a0\u00bb1\/3&Prime;][vc_single_image image=\u00a0\u00bb207363&Prime; img_size=\u00a0\u00bblarge\u00a0\u00bb alignment=\u00a0\u00bbcenter\u00a0\u00bb][vc_empty_space][vc_column_text]<\/p>\n<h3 class=\"text-center\">Toner Prink<\/h3>\n<p>[\/vc_column_text][vc_empty_space][vc_column_text]<\/p>\n<p class=\"text-center\"><strong>Les toners Prink<\/strong> sont disponibles pour chaque marque <strong>d\u2019imprimantes laser<\/strong> monochrome et en couleur, fax et photocopieurs. Ils permettent une \u00e9conomie consid\u00e9rable sur le co\u00fbt \u00e0 la page, allant jusqu\u2019\u00e0 50% et une <strong>r\u00e9duction des co\u00fbts en entreprise<\/strong>.<\/p>\n<p>[\/vc_column_text][vc_empty_space][\/vc_column][vc_column width=\u00a0\u00bb1\/3&Prime;][vc_single_image image=\u00a0\u00bb207371&Prime; img_size=\u00a0\u00bblarge\u00a0\u00bb alignment=\u00a0\u00bbcenter\u00a0\u00bb][vc_empty_space][vc_column_text]<\/p>\n<h3 class=\"text-center\">Imprimantes<\/h3>\n<p>[\/vc_column_text][vc_empty_space][vc_column_text]<\/p>\n<p class=\"text-center\">En magasin, vous trouverez une premi\u00e8re s\u00e9lection d\u2019<strong>imprimantes pour le bureau<\/strong>, la maison, home office et gr\u00e2ce \u00e0 notre outil \u00ab\u00a0Recherche Imprimante\u00a0\u00bb nous sommes en mesure de commander, en s\u00e9lectionnant parmi de nombreux mod\u00e8les, l\u2019imprimante la plus adapt\u00e9e \u00e0 vos besoins.<\/p>\n<p>[\/vc_column_text][vc_empty_space][\/vc_column][\/vc_row][\/vc_section][vc_section full_width=\u00a0\u00bbstretch_row\u00a0\u00bb css=\u00a0\u00bb.vc_custom_1630596024702{padding-top: 96px !important;padding-bottom: 96px !important;background-color: #f5f5f5 !important;}\u00a0\u00bb][vc_row][vc_column][vc_column_text]<\/p>\n<h2 class=\"text-center\">En plus de tous les produits de marque Prink, sont \u00e9galement disponibles en magasin les produits des marques originales.<\/h2>\n<p>[\/vc_column_text][vc_empty_space][vc_row_inner][vc_column_inner width=\u00a0\u00bb1\/2&Prime;][vc_btn title=\u00a0\u00bbRETOUR EN MAGASIN\u00a0\u00bb style=\u00a0\u00bbflat\u00a0\u00bb color=\u00a0\u00bbvista-blue\u00a0\u00bb align=\u00a0\u00bbright\u00a0\u00bb link=\u00a0\u00bburl:%23&Prime; el_class=\u00a0\u00bbback-button\u00a0\u00bb][\/vc_column_inner][vc_column_inner width=\u00a0\u00bb1\/2&Prime;][vc_btn title=\u00a0\u00bbD\u00c9COUVREZ LE MONDE PRINK\u00a0\u00bb style=\u00a0\u00bbflat\u00a0\u00bb color=\u00a0\u00bbprimary\u00a0\u00bb align=\u00a0\u00bbleft\u00a0\u00bb link=\u00a0\u00bburl:https%3A%2F%2Fwww.prink.be|title:D%C3%89COUVREZ%20LE%20MONDE%20PRINK|target:_blank\u00a0\u00bb][\/vc_column_inner][\/vc_row_inner][\/vc_column][\/vc_row][\/vc_section][vc_row][vc_column][vc_raw_js]JTNDc2NyaXB0JTIwdHlwZSUzRCUyMnRleHQlMkZqYXZhc2NyaXB0JTIyJTNFJTBBalF1ZXJ5JTI4JTI3LmJhY2stYnV0dG9uJTI3JTI5LmNsaWNrJTI4ZnVuY3Rpb24lMjglMjklN0IlMEFoaXN0b3J5LmdvJTI4LTElMjklM0IlMjAlMEFldmVudC5wcmV2ZW50RGVmYXVsdCUyOCUyOSUzQiUwQSU3RCUyOSUzQiUwQWpRdWVyeSUyOGZ1bmN0aW9uJTI4JTI5JTdCJTBBJTIwJTIwalF1ZXJ5JTI4JTI3YSU1QmhyZWYlM0QlMjIlMjNnYW1tYSUyMiU1RCUyNyUyOS5jbGljayUyOGZ1bmN0aW9uJTI4ZSUyOSU3QiUwQSUyMCUyMCUyMCUyMGUucHJldmVudERlZmF1bHQlMjglMjklM0IlMEElMjAlMjAlMjAlMjBqUXVlcnklMjglMjdodG1sJTJDJTIwYm9keSUyNyUyOS5hbmltYXRlJTI4JTdCJTBBJTA5c2Nyb2xsVG9wJTNBJTIwalF1ZXJ5JTI4JTIyJTIzZ2FtbWElMjIlMjkub2Zmc2V0JTI4JTI5LnRvcC0xMCUwQSU3RCUyQyUyMDEwMDAlMjklM0IlMEElN0QlMjklM0IlMDklMEElN0QlMjklM0IlMEElM0MlMkZzY3JpcHQlM0U=[\/vc_raw_js][\/vc_column][\/vc_row]<\/p>\n<\/section>","protected":false},"excerpt":{"rendered":"<p>[vc_row full_width=\u00a0\u00bbstretch_row\u00a0\u00bb][vc_column][\/vc_column][\/vc_row][vc_section el_id=\u00a0\u00bbgamma\u00a0\u00bb css=\u00a0\u00bb.vc_custom_1630595657425{padding-top: 0px !important;}\u00a0\u00bb][vc_row][vc_column width=\u00a0\u00bb1\/3&Prime;][vc_single_image image=\u00a0\u00bb207355&Prime; img_size=\u00a0\u00bblarge\u00a0\u00bb alignment=\u00a0\u00bbcenter\u00a0\u00bb][vc_empty_space][vc_column_text] Cartouches Prink [\/vc_column_text][vc_empty_space][vc_column_text] Les cartouches inkjet Prink sont disponibles pour toutes les&#8230;<\/p>\n","protected":false},"author":2,"featured_media":0,"parent":0,"menu_order":0,"comment_status":"closed","ping_status":"closed","template":"","meta":{"footnotes":""},"_links":{"self":[{"href":"https:\/\/iriparo.com\/be\/wp-json\/wp\/v2\/pages\/29480"}],"collection":[{"href":"https:\/\/iriparo.com\/be\/wp-json\/wp\/v2\/pages"}],"about":[{"href":"https:\/\/iriparo.com\/be\/wp-json\/wp\/v2\/types\/page"}],"author":[{"embeddable":true,"href":"https:\/\/iriparo.com\/be\/wp-json\/wp\/v2\/users\/2"}],"replies":[{"embeddable":true,"href":"https:\/\/iriparo.com\/be\/wp-json\/wp\/v2\/comments?post=29480"}],"version-history":[{"count":0,"href":"https:\/\/iriparo.com\/be\/wp-json\/wp\/v2\/pages\/29480\/revisions"}],"wp:attachment":[{"href":"https:\/\/iriparo.com\/be\/wp-json\/wp\/v2\/media?parent=29480"}],"curies":[{"name":"wp","href":"https:\/\/api.w.org\/{rel}","templated":true}]}}