{"id":152923,"date":"2017-09-11T15:46:57","date_gmt":"2017-09-11T13:46:57","guid":{"rendered":"https:\/\/iriparo.com\/?page_id=152923"},"modified":"2024-09-06T14:30:34","modified_gmt":"2024-09-06T12:30:34","slug":"ueber-iriparo","status":"publish","type":"page","link":"https:\/\/iriparo.com\/de\/ueber-iriparo\/","title":{"rendered":"\u00dcber iRiparo"},"content":{"rendered":"<section class=\"wpb-content-wrapper\"><p>[vc_row full_width=&#8220;stretch_row&#8220;][vc_column]\n\t\t\t<section class=\"imagebg parallax \" data-overlay=\"3\" >\n\t\t\t\t<div class=\"background-image-holder\"><img loading=\"lazy\" decoding=\"async\" width=\"1290\" height=\"700\" src=\"https:\/\/iriparo.com\/wp-content\/uploads\/2021\/09\/chi-siamo-bg.jpg\" class=\"attachment-full size-full\" alt=\"\" srcset=\"https:\/\/iriparo.com\/wp-content\/uploads\/2021\/09\/chi-siamo-bg.jpg 1290w, https:\/\/iriparo.com\/wp-content\/uploads\/2021\/09\/chi-siamo-bg-500x271.jpg 500w, https:\/\/iriparo.com\/wp-content\/uploads\/2021\/09\/chi-siamo-bg-700x380.jpg 700w, https:\/\/iriparo.com\/wp-content\/uploads\/2021\/09\/chi-siamo-bg-300x163.jpg 300w, https:\/\/iriparo.com\/wp-content\/uploads\/2021\/09\/chi-siamo-bg-1024x556.jpg 1024w, https:\/\/iriparo.com\/wp-content\/uploads\/2021\/09\/chi-siamo-bg-768x417.jpg 768w\" sizes=\"(max-width: 1290px) 100vw, 1290px\" \/><\/div>\n\t\t\t\t<div class=\"container\">\n\t\t\t\t\t<div class=\"row\">\n\t\t\t\t\t\t<div class=\"col-sm-12\">\n\t\t\t\t\t\t\t<div class=\"cta\">\n\t\t\t\t\t\t\t\t[vc_column_text]<\/p>\n<h1 class=\"title-text\">\u00dcber iRiparo<\/h1>\n<h3 class=\"title-text\">iRiparo ist ein junges Unternehmen mit starkem Wachstum und kontinuierlicher Expansion<\/h3>\n<p>[\/vc_column_text]\n\t\t\t\t\t\t\t<\/div>\n\t\t\t\t\t\t<\/div>\n\t\t\t\t\t<\/div><!--end of row-->\n\t\t\t\t<\/div><!--end of container-->\n\t\t\t\t\n\t\t\t<\/section>\n\t\t[\/vc_column][\/vc_row][vc_section][vc_row][vc_column width=&#8220;1\/3&#8243;][vc_single_image image=&#8220;207393&#8243; img_size=&#8220;250&#215;250&#8243; alignment=&#8220;center&#8220; style=&#8220;vc_box_circle&#8220;][\/vc_column][vc_column width=&#8220;2\/3&#8243;][vc_column_text]<\/p>\n<h3>Geburtsstunde der iRiparo-Website<\/h3>\n<p>[\/vc_column_text][vc_empty_space][vc_column_text]<span>iRiparo wurde\u00a0<\/span><strong>2009<\/strong><span> als Website aus der Gesch\u00e4ftsidee\u00a0 um Apple-Nutzern bei Problemen mit ihren Ger\u00e4ten qualifizierte Hilfestellung zu geben. Anf\u00e4nglich nur den Ger\u00e4ten der Firma Cupertino gewidmet, hat das Team im Laufe der Jahre die Palette der Marken, an denen es Reparaturarbeiten anbietet, erweitert und bietet heute Unterst\u00fctzung f\u00fcr die wichtigsten Modelle von Smartphones und Tablets der bekanntesten Marken: Apple, Samsung, Nokia, HTC, LG, Blackberry, usw.<\/span>[\/vc_column_text][\/vc_column][\/vc_row][\/vc_section][vc_section css=&#8220;.vc_custom_1630658840029{padding-top: 96px !important;padding-bottom: 96px !important;}&#8220;][vc_row][vc_column width=&#8220;1\/3&#8243;][vc_single_image image=&#8220;207410&#8243; img_size=&#8220;250&#215;250&#8243; alignment=&#8220;center&#8220; style=&#8220;vc_box_circle&#8220;][\/vc_column][vc_column width=&#8220;2\/3&#8243;][vc_column_text]<\/p>\n<h3>Die iRiparo-Welt: ihre Struktur und die Qualit\u00e4t der angebotenen Dienstleistungen<\/h3>\n<p>[\/vc_column_text][vc_empty_space][vc_column_text]Die Muttergesellschaft besteht aus einem Team von hochspezialisierten Reparaturwerkst\u00e4tten, die von einem Elektronikingenieur koordiniert werden. Der Hauptsitz des Unternehmens ist mit einem Labor ausgestattet, das mit hochzuverl\u00e4ssigen Messinstrumenten ausgestattet ist, die von einer industriellen Managementsoftware automatisch gesteuert werden, was eine sofortige Auftragserf\u00fcllung erm\u00f6glicht.<\/p>\n<p>Die verwendeten Ersatzteile sind von h\u00f6chster Qualit\u00e4t, alle Reparaturen sind durch die iRiparo-Garantie gedeckt, eine Garantie, die im gesamten Netzwerk geteilt wird, daher hat eine Reparatur, die im Norden Italiens durchgef\u00fchrt wird, die Garantieabdeckung sowohl im S\u00fcden als auch in der Mitte.<\/p>\n<p>iRiparo hat mit dem Ziel, das Gesch\u00e4ft aller Zentren zu steigern und ein Bezugspunkt f\u00fcr seine Kunden zu sein, zahlreiche Partnerschaften entwickelt, die es ihm erm\u00f6glichen, eine breite Palette an zus\u00e4tzlichen Dienstleistungen zu garantieren, die an jedem Verkaufspunkt verf\u00fcgbar sind, von der Abholung und dem Wiederverkauf von Gebrauchtger\u00e4ten \u00fcber den Druck personalisierter Umschl\u00e4ge bis hin zum Verkauf von Apps und vielen anderen Dienstleistungen.[\/vc_column_text][\/vc_column][\/vc_row][\/vc_section][vc_section full_width=&#8220;stretch_row&#8220; css=&#8220;.vc_custom_1630659112836{padding-top: 96px !important;padding-bottom: 96px !important;background-color: #f5f5f5 !important;}&#8220;][vc_row][vc_column width=&#8220;2\/3&#8243;][vc_column_text]<\/p>\n<h3>iRepair \u00fcber die Grenzen Italiens hinaus<\/h3>\n<p>[\/vc_column_text][vc_empty_space][vc_column_text]Shelter, F\u00f6rderer der ersten Franchising-Kette in Italien, die Pflegel\u00f6sungen f\u00fcr Elektronikanwender anbietet, stellt die Definition von Dynamik, Wachstum und Entwicklung seines Verkaufsstellennetzes korrekt dar.<\/p>\n<p>Nach der Konsolidierung der Grundlagen des italienischen Franchising-Netzwerks hat iRiparo die Voraussetzungen f\u00fcr die Expansion seines Marktes \u00fcber die Alpen hinaus in Frankreich und in der Schweiz geschaffen, mit dem Ziel, seine Marke und seine Dienstleistungen in den n\u00e4chsten 5 Jahren auf europ\u00e4ischer Ebene zu verbreiten.[\/vc_column_text][\/vc_column][vc_column width=&#8220;1\/3&#8243;][vc_single_image image=&#8220;207418&#8243; img_size=&#8220;250&#215;250&#8243; alignment=&#8220;center&#8220; style=&#8220;vc_box_circle&#8220;][\/vc_column][\/vc_row][\/vc_section]<\/p>\n<\/section>","protected":false},"excerpt":{"rendered":"<p>[vc_row full_width=&#8220;stretch_row&#8220;][vc_column][\/vc_column][\/vc_row][vc_section][vc_row][vc_column width=&#8220;1\/3&#8243;][vc_single_image image=&#8220;207393&#8243; img_size=&#8220;250&#215;250&#8243; alignment=&#8220;center&#8220; style=&#8220;vc_box_circle&#8220;][\/vc_column][vc_column width=&#8220;2\/3&#8243;][vc_column_text] Geburtsstunde der iRiparo-Website [\/vc_column_text][vc_empty_space][vc_column_text]iRiparo wurde\u00a02009 als Website aus der Gesch\u00e4ftsidee\u00a0 um Apple-Nutzern bei Problemen&#8230;<\/p>\n","protected":false},"author":2,"featured_media":0,"parent":0,"menu_order":0,"comment_status":"closed","ping_status":"closed","template":"","meta":{"footnotes":""},"_links":{"self":[{"href":"https:\/\/iriparo.com\/de\/wp-json\/wp\/v2\/pages\/152923"}],"collection":[{"href":"https:\/\/iriparo.com\/de\/wp-json\/wp\/v2\/pages"}],"about":[{"href":"https:\/\/iriparo.com\/de\/wp-json\/wp\/v2\/types\/page"}],"author":[{"embeddable":true,"href":"https:\/\/iriparo.com\/de\/wp-json\/wp\/v2\/users\/2"}],"replies":[{"embeddable":true,"href":"https:\/\/iriparo.com\/de\/wp-json\/wp\/v2\/comments?post=152923"}],"version-history":[{"count":1,"href":"https:\/\/iriparo.com\/de\/wp-json\/wp\/v2\/pages\/152923\/revisions"}],"predecessor-version":[{"id":313468,"href":"https:\/\/iriparo.com\/de\/wp-json\/wp\/v2\/pages\/152923\/revisions\/313468"}],"wp:attachment":[{"href":"https:\/\/iriparo.com\/de\/wp-json\/wp\/v2\/media?parent=152923"}],"curies":[{"name":"wp","href":"https:\/\/api.w.org\/{rel}","templated":true}]}}