{"id":153020,"date":"2018-05-29T15:28:24","date_gmt":"2018-05-29T13:28:24","guid":{"rendered":"https:\/\/iriparo.com\/?page_id=153020"},"modified":"2022-01-25T10:45:24","modified_gmt":"2022-01-25T09:45:24","slug":"ersatzteile-fuer-smartphone-und-tablet","status":"publish","type":"page","link":"https:\/\/iriparo.com\/de\/ersatzteile-fuer-smartphone-und-tablet\/","title":{"rendered":"Ersatzteile f\u00fcr Smartphone und Tablet"},"content":{"rendered":"<section class=\"wpb-content-wrapper\"><p>[vc_row full_width=&#8220;stretch_row&#8220; css=&#8220;.vc_custom_1631011994626{margin-bottom: 0px !important;}&#8220;][vc_column]\n\t\t\t<section class=\"imagebg image--light cover cover-blocks bg--secondary \" >\n\t\t\t\t<div class=\"background-image-holder\"><img loading=\"lazy\" decoding=\"async\" width=\"1920\" height=\"1100\" src=\"https:\/\/iriparo.com\/wp-content\/uploads\/2021\/09\/sfondo-ricambi.png\" class=\"attachment-full size-full\" alt=\"\" srcset=\"https:\/\/iriparo.com\/wp-content\/uploads\/2021\/09\/sfondo-ricambi.png 1920w, https:\/\/iriparo.com\/wp-content\/uploads\/2021\/09\/sfondo-ricambi-500x286.png 500w, https:\/\/iriparo.com\/wp-content\/uploads\/2021\/09\/sfondo-ricambi-700x401.png 700w, https:\/\/iriparo.com\/wp-content\/uploads\/2021\/09\/sfondo-ricambi-300x172.png 300w, https:\/\/iriparo.com\/wp-content\/uploads\/2021\/09\/sfondo-ricambi-1024x587.png 1024w, https:\/\/iriparo.com\/wp-content\/uploads\/2021\/09\/sfondo-ricambi-768x440.png 768w, https:\/\/iriparo.com\/wp-content\/uploads\/2021\/09\/sfondo-ricambi-1536x880.png 1536w\" sizes=\"(max-width: 1920px) 100vw, 1920px\" \/><\/div>\n\t\t\t\t<div class=\"container\">\n\t\t\t\t\t<div class=\"row\">\n\t\t\t\t\t\t<div class=\"col-sm-6 col-md-5\">\n\t\t\t\t\t\t\t<div>[vc_column_text]<\/p>\n<h1>Ersatzteile f\u00fcr Smartphone und Tablet<\/h1>\n<p>[\/vc_column_text][vc_empty_space height=&#8220;8px&#8220;][vc_column_text]<\/p>\n<h4>In den iRiparo-Zentren verwenden wir verschiedene Arten von Ersatzteilen, einschlie\u00dflich kompatibler und wiederaufgearbeiteter Originalersatzteile, um den unterschiedlichen Reparatur- und Kostenanforderungen gerecht zu werden. Die kompatiblen Ersatzteile (heute f\u00fcr fast alle iPhones und iPads vorhanden), die von iRiparo-Spezialisten montiert werden, wurden individuell ausgew\u00e4hlt und zuvor von internen technischen Mitarbeitern getestet.<\/h4>\n<p>[\/vc_column_text][vc_empty_space height=&#8220;16px&#8220;][vc_btn title=&#8220;Fragen Sie im Gesch\u00e4ft&#8220; style=&#8220;flat&#8220; color=&#8220;primary&#8220; link=&#8220;url:https%3A%2F%2Firiparo.com%2Fde%2Funsere-geschaefte|title:I%20nostri%20negozi&#8220;]<\/div>\n\t\t\t\t\t\t<\/div>\n\t\t\t\t\t<\/div><!--end of row-->\n\t\t\t\t<\/div><!--end of container-->\n\t\t\t\t\n\t\t\t<\/section>\n\t\t[\/vc_column][\/vc_row][vc_section full_width=&#8220;stretch_row&#8220; css=&#8220;.vc_custom_1631011525627{padding-top: 96px !important;padding-bottom: 96px !important;background-image: url(https:\/\/iriparo.com\/wp-content\/uploads\/2021\/09\/sfondo-cambi-riparazione.jpg?id=207710) !important;}&#8220;][vc_row][vc_column width=&#8220;1\/3&#8243;][vc_single_image image=&#8220;207723&#8243; img_size=&#8220;full&#8220; alignment=&#8220;center&#8220;][vc_empty_space][vc_column_text]<\/p>\n<h5 class=\"title-white text-center\">Kompatible Ersatzteile<\/h5>\n<p>[\/vc_column_text][vc_empty_space height=&#8220;16px&#8220;][vc_column_text]<\/p>\n<p class=\"text-center\" style=\"color: #b5b5b6;\">Bei iRiparo k\u00f6nnen Sie Geld sparen, indem Sie Reparaturen mit getesteten und garantiert kompatiblen Ersatzteilen durchf\u00fchren lassen.<\/p>\n<p>[\/vc_column_text][\/vc_column][vc_column width=&#8220;1\/3&#8243;][vc_single_image image=&#8220;207731&#8243; img_size=&#8220;full&#8220; alignment=&#8220;center&#8220;][vc_empty_space][vc_column_text]<\/p>\n<h5 class=\"title-white text-center\">Regenerierte Ersatzteile<\/h5>\n<p>[\/vc_column_text][vc_empty_space height=&#8220;16px&#8220;][vc_column_text]<\/p>\n<p class=\"text-center\" style=\"color: #b5b5b6;\">iRiparo k\u00fcmmert sich auch um die Umwelt und verwendet originale, regenerierte und voll funktionsf\u00e4hige Ersatzteile.<\/p>\n<p>[\/vc_column_text][\/vc_column][vc_column width=&#8220;1\/3&#8243;][vc_single_image image=&#8220;207739&#8243; img_size=&#8220;full&#8220; alignment=&#8220;center&#8220;][vc_empty_space][vc_column_text]<\/p>\n<h5 class=\"title-white text-center\">Original-Ersatzteile<\/h5>\n<p>[\/vc_column_text][vc_empty_space height=&#8220;16px&#8220;][vc_column_text]<\/p>\n<p class=\"text-center\" style=\"color: #b5b5b6;\">Wenn Sie nicht in erster Linie Geld sparen und nicht auf h\u00f6chste Qualit\u00e4t verzichten wollen, k\u00f6nnen Sie sich f\u00fcr die Verwendung von Original-Ersatzteilen entscheiden.<\/p>\n<p>[\/vc_column_text][\/vc_column][\/vc_row][\/vc_section][vc_section css=&#8220;.vc_custom_1631011698762{padding-top: 96px !important;padding-bottom: 96px !important;}&#8220;][vc_row][vc_column width=&#8220;1\/2&#8243;][vc_single_image image=&#8220;206486&#8243; img_size=&#8220;full&#8220; alignment=&#8220;center&#8220;][\/vc_column][vc_column width=&#8220;1\/2&#8243;][vc_column_text]<\/p>\n<h2>Fragen Sie ein iRiparo-Gesch\u00e4ft<\/h2>\n<p>[\/vc_column_text][vc_empty_space height=&#8220;8px&#8220;][vc_column_text]<\/p>\n<h4>Mit einem Klick auf den Men\u00fcpunkt \u201eShops\u201c k\u00f6nnen Sie die n\u00e4chstgelegene iRiparo-Filiale finden und entscheiden, ob Sie direkt in die Filiale gehen oder telefonieren m\u00f6chten, um sich \u00fcber die Art der verf\u00fcgbaren Ersatzteile f\u00fcr Ihr mobiles Ger\u00e4t zu informieren und eine erste Indikation f\u00fcr Reparaturzeiten und -kosten zu erhalten.<\/h4>\n<p>[\/vc_column_text][vc_empty_space height=&#8220;16px&#8220;][vc_btn title=&#8220;Fragen Sie im Gesch\u00e4ft&#8220; style=&#8220;flat&#8220; color=&#8220;primary&#8220; link=&#8220;url:https%3A%2F%2Firiparo.com%2Fde%2Funsere-geschaefte|title:I%20nostri%20negozi&#8220;][\/vc_column][\/vc_row][\/vc_section][vc_row][vc_column][vc_column_text]<\/p>\n<p>[\/vc_column_text][\/vc_column][\/vc_row]<\/p>\n<\/section>","protected":false},"excerpt":{"rendered":"<p>[vc_row full_width=&#8220;stretch_row&#8220; css=&#8220;.vc_custom_1631011994626{margin-bottom: 0px !important;}&#8220;][vc_column][\/vc_column][\/vc_row][vc_section full_width=&#8220;stretch_row&#8220; css=&#8220;.vc_custom_1631011525627{padding-top: 96px !important;padding-bottom: 96px !important;background-image: url(https:\/\/iriparo.com\/wp-content\/uploads\/2021\/09\/sfondo-cambi-riparazione.jpg?id=207710) !important;}&#8220;][vc_row][vc_column width=&#8220;1\/3&#8243;][vc_single_image image=&#8220;207723&#8243; img_size=&#8220;full&#8220; alignment=&#8220;center&#8220;][vc_empty_space][vc_column_text] Kompatible Ersatzteile [\/vc_column_text][vc_empty_space height=&#8220;16px&#8220;][vc_column_text] Bei&#8230;<\/p>\n","protected":false},"author":2,"featured_media":0,"parent":0,"menu_order":0,"comment_status":"closed","ping_status":"closed","template":"","meta":{"footnotes":""},"_links":{"self":[{"href":"https:\/\/iriparo.com\/de\/wp-json\/wp\/v2\/pages\/153020"}],"collection":[{"href":"https:\/\/iriparo.com\/de\/wp-json\/wp\/v2\/pages"}],"about":[{"href":"https:\/\/iriparo.com\/de\/wp-json\/wp\/v2\/types\/page"}],"author":[{"embeddable":true,"href":"https:\/\/iriparo.com\/de\/wp-json\/wp\/v2\/users\/2"}],"replies":[{"embeddable":true,"href":"https:\/\/iriparo.com\/de\/wp-json\/wp\/v2\/comments?post=153020"}],"version-history":[{"count":0,"href":"https:\/\/iriparo.com\/de\/wp-json\/wp\/v2\/pages\/153020\/revisions"}],"wp:attachment":[{"href":"https:\/\/iriparo.com\/de\/wp-json\/wp\/v2\/media?parent=153020"}],"curies":[{"name":"wp","href":"https:\/\/api.w.org\/{rel}","templated":true}]}}