{"id":153294,"date":"2018-05-31T09:42:46","date_gmt":"2018-05-31T07:42:46","guid":{"rendered":"https:\/\/iriparo.com\/?page_id=153294"},"modified":"2022-08-22T13:42:18","modified_gmt":"2022-08-22T11:42:18","slug":"zagg-displayschutzfolien","status":"publish","type":"page","link":"https:\/\/iriparo.com\/de\/zagg-displayschutzfolien\/","title":{"rendered":"ZAGG Displayschutzfolien"},"content":{"rendered":"<section class=\"wpb-content-wrapper\"><p>[vc_row full_width=&#8220;stretch_row&#8220; row_type=&#8220;parallax&#8220; content_width=&#8220;grid&#8220; full_screen_section_height=&#8220;yes&#8220; vertically_align_content_in_middle=&#8220;yes&#8220; parallax_background_image=&#8220;13840&#8243;][vc_column]\n\t\t\t<section class=\"imagebg parallax \" data-overlay=\"3\" >\n\t\t\t\t<div class=\"background-image-holder\"><img loading=\"lazy\" decoding=\"async\" width=\"1920\" height=\"1100\" src=\"https:\/\/iriparo.com\/wp-content\/uploads\/2021\/08\/sfondo-landing-zagg.jpeg\" class=\"attachment-full size-full\" alt=\"\" srcset=\"https:\/\/iriparo.com\/wp-content\/uploads\/2021\/08\/sfondo-landing-zagg.jpeg 1920w, https:\/\/iriparo.com\/wp-content\/uploads\/2021\/08\/sfondo-landing-zagg-500x286.jpeg 500w, https:\/\/iriparo.com\/wp-content\/uploads\/2021\/08\/sfondo-landing-zagg-700x401.jpeg 700w, https:\/\/iriparo.com\/wp-content\/uploads\/2021\/08\/sfondo-landing-zagg-300x172.jpeg 300w, https:\/\/iriparo.com\/wp-content\/uploads\/2021\/08\/sfondo-landing-zagg-1024x587.jpeg 1024w, https:\/\/iriparo.com\/wp-content\/uploads\/2021\/08\/sfondo-landing-zagg-768x440.jpeg 768w, https:\/\/iriparo.com\/wp-content\/uploads\/2021\/08\/sfondo-landing-zagg-1536x880.jpeg 1536w\" sizes=\"(max-width: 1920px) 100vw, 1920px\" \/><\/div>\n\t\t\t\t<div class=\"container\">\n\t\t\t\t\t<div class=\"row\">\n\t\t\t\t\t\t<div class=\"col-sm-12\">\n\t\t\t\t\t\t\t<div class=\"cta\">\n\t\t\t\t\t\t\t\t[vc_column_text]<\/p>\n<h1 class=\"title-white\">ZAGG Displayschutzfolien<\/h1>\n<h2 class=\"title-white\">SSch\u00fctzen Sie Ihr Handy und Tablet mit der weltweit f\u00fchrenden Displayschutzfolie #LiveFearless<\/h2>\n<p>[\/vc_column_text]\n\t\t\t\t\t\t\t<\/div>\n\t\t\t\t\t\t<\/div>\n\t\t\t\t\t<\/div><!--end of row-->\n\t\t\t\t<\/div><!--end of container-->\n\t\t\t\t\n\t\t\t<\/section>\n\t\t[\/vc_column][\/vc_row][vc_section][vc_row content_width=&#8220;grid&#8220; content_aligment=&#8220;center&#8220; el_class=&#8220;custom-row-icons&#8220;][vc_column width=&#8220;1\/3&#8243;][vc_single_image image=&#8220;221116&#8243; img_size=&#8220;384&#215;394&#8243; alignment=&#8220;center&#8220; style=&#8220;vc_box_rounded&#8220;][vc_empty_space][vc_column_text]<\/p>\n<h3 class=\"text-center\">Schutz f\u00fcr extreme Umgebungen<\/h3>\n<p>[\/vc_column_text][vc_empty_space height=&#8220;8px&#8220;][vc_column_text]<\/p>\n<p class=\"text-center\">InvisibleShield setzt den Industriestandard f\u00fcr Bildschirmschutz. Wir begannen mit milit\u00e4rischen Komponenten und haben unseren eigenen Weg eingeschlagen, indem wir neue Technologien, propriet\u00e4re Klebstoffe und mehr entwickelt haben.<\/p>\n<p>[\/vc_column_text][vc_empty_space height=&#8220;48px&#8220;][\/vc_column][vc_column width=&#8220;1\/3&#8243;][vc_single_image image=&#8220;221124&#8243; img_size=&#8220;384&#215;394&#8243; alignment=&#8220;center&#8220; style=&#8220;vc_box_rounded&#8220;][vc_empty_space][vc_column_text]<\/p>\n<h3 class=\"text-center\">Der beste Aufprallschutz<\/h3>\n<p>[\/vc_column_text][vc_empty_space height=&#8220;8px&#8220;][vc_column_text]<\/p>\n<p class=\"text-center\">Die Technologie von InvisibleShield wurde entwickelt, um die St\u00f6\u00dfe eines Aufpralls zu absorbieren und zu verteilen, so dass Ihr Bildschirm intakt bleibt und Sie ohne Angst leben k\u00f6nnen.<\/p>\n<p>[\/vc_column_text][vc_empty_space height=&#8220;48px&#8220;][\/vc_column][vc_column width=&#8220;1\/3&#8243;][vc_single_image image=&#8220;221132&#8243; img_size=&#8220;384&#215;394&#8243; alignment=&#8220;center&#8220; style=&#8220;vc_box_rounded&#8220;][vc_empty_space][vc_column_text]<\/p>\n<h3 class=\"text-center\">Kratzschutz f\u00fcr Ihr t\u00e4gliches Umfeld<\/h3>\n<p>[\/vc_column_text][vc_empty_space height=&#8220;8px&#8220;][vc_column_text]<\/p>\n<p class=\"text-center\">InvisibleShield sch\u00fctzt Ihren Bildschirm vor Kratzern, die im t\u00e4glichen Gebrauch entstehen k\u00f6nnen. Die Gewissheit, dass der Bildschirm Ihres Handys auch bei einem harten Schlag so glatt und sauber bleibt wie an dem Tag, an dem Sie ihn gekauft haben.<\/p>\n<p>[\/vc_column_text][vc_empty_space height=&#8220;48px&#8220;][\/vc_column][\/vc_row][\/vc_section][vc_section full_width=&#8220;stretch_row&#8220; css=&#8220;.vc_custom_1638438520099{padding-top: 96px !important;padding-bottom: 96px !important;background-color: #f5f5f5 !important;}&#8220;][vc_row][vc_column][vc_video link=&#8220;https:\/\/youtu.be\/86mYazcuWls&#8220; align=&#8220;center&#8220;][\/vc_column][\/vc_row][\/vc_section][vc_section][vc_row content_width=&#8220;grid&#8220; content_aligment=&#8220;center&#8220; el_class=&#8220;custom-row-icons&#8220;][vc_column width=&#8220;1\/3&#8243;][vc_single_image image=&#8220;206641&#8243; img_size=&#8220;full&#8220; alignment=&#8220;center&#8220;][vc_empty_space][vc_column_text]<\/p>\n<h3>Selbstheilende Technologie<\/h3>\n<p>[\/vc_column_text][vc_empty_space height=&#8220;19px&#8220;][vc_column_text]<\/p>\n<p class=\"text-center\"><span>Dank ihrer hohen Technologie ist die ZAGG-Schutzfolie in der Lage, sich immer wieder selbst zu heilen, wenn sie durch Kratzer oder andere Spuren besch\u00e4digt wird. In nur wenigen Minuten ist der Film praktisch so gut wie neu.<\/span><\/p>\n<p>[\/vc_column_text][vc_empty_space height=&#8220;48px&#8220;][\/vc_column][vc_column width=&#8220;1\/3&#8243;][vc_single_image image=&#8220;206633&#8243; img_size=&#8220;full&#8220; alignment=&#8220;center&#8220;][vc_empty_space][vc_column_text]<\/p>\n<h3 class=\"text-center\">Lebenslange Garantie<\/h3>\n<p>[\/vc_column_text][vc_empty_space height=&#8220;19px&#8220;][vc_column_text]<\/p>\n<p class=\"text-center\"><span>Alle ZAGG-Filme werden w\u00e4hrend der gesamten Lebensdauer des Ger\u00e4tes garantiert kostenlos ersetzt. Falls der Film rei\u00dft, rei\u00dft oder besch\u00e4digt wird, k\u00f6nnen Sie direkt im Gesch\u00e4ft Ersatz anfordern.<\/span><\/p>\n<p>[\/vc_column_text][vc_empty_space height=&#8220;48px&#8220;][\/vc_column][vc_column width=&#8220;1\/3&#8243;][vc_single_image image=&#8220;206625&#8243; img_size=&#8220;70&#215;95&#8243; alignment=&#8220;center&#8220;][vc_empty_space][vc_column_text]<\/p>\n<h3>Blasenfreie Anwendung<\/h3>\n<p>[\/vc_column_text][vc_empty_space height=&#8220;19px&#8220;][vc_column_text]<\/p>\n<p class=\"text-center\"><span>Dank der Installation, die direkt von unseren spezialisierten iRiparo-Technikern durchgef\u00fchrt wird, gibt es keine unansehnlichen Luftblasen auf Ihrem Smartphone, Tablet oder Ihrer Smartwatch. Der Film haftet perfekt auf dem Bildschirm und ist praktisch unsichtbar.<\/span><\/p>\n<p>[\/vc_column_text][vc_empty_space height=&#8220;48px&#8220;][\/vc_column][\/vc_row][\/vc_section][vc_section full_width=&#8220;stretch_row&#8220; css=&#8220;.vc_custom_1638438760847{padding-top: 96px !important;padding-bottom: 96px !important;background-color: #f5f5f5 !important;}&#8220;][vc_row][vc_column][vc_column_text]<\/p>\n<h2 class=\"text-center\">Die selbstheilenden Folien von ZAGG sind in den folgenden iRiparo-Shops erh\u00e4ltlich:<\/h2>\n<p>[\/vc_column_text][vc_empty_space][vc_column_text]\n        <div class=\"qodef-section-inner-margin clearfix qodef-content-aligment-left\">\n            <div class=\"wpb_column vc_column_container vc_col-sm-4\">\n                <div class=\"vc_column-inner\">\n                    <div class=\"wpb_wrapper\">\n    \n            <div class=\"wpb_text_column wpb_content_element\">\n                <div class=\"wpb_wrapper\">\n                    <p class=\"single-store-link\">\n                        <a href=\"https:\/\/bonnzentrum.iriparo.com\" target=\"_blank\">\n                            <i class=\"fa fa-map-marker\"><\/i> iRiparo Bonn Zentrum\n                        <\/a>\n                    <\/p>\n                <\/div>\n            <\/div>\n        \n            <div class=\"wpb_text_column wpb_content_element\">\n                <div class=\"wpb_wrapper\">\n                    <p class=\"single-store-link\">\n                        <a href=\"https:\/\/gummersbachzentrum.iriparo.com\" target=\"_blank\">\n                            <i class=\"fa fa-map-marker\"><\/i> iRiparo Gummersbach Zentrum\n                        <\/a>\n                    <\/p>\n                <\/div>\n            <\/div>\n        \n                        <\/div>\n                    <\/div>\n                <\/div>\n                <div class=\"wpb_column vc_column_container vc_col-sm-4\">\n                    <div class=\"vc_column-inner\">\n                        <div class=\"wpb_wrapper\">\n            \n            <div class=\"wpb_text_column wpb_content_element\">\n                <div class=\"wpb_wrapper\">\n                    <p class=\"single-store-link\">\n                        <a href=\"https:\/\/koelnquincy.iriparo.com\" target=\"_blank\">\n                            <i class=\"fa fa-map-marker\"><\/i> iRiparo K\u00f6ln Quincy\n                        <\/a>\n                    <\/p>\n                <\/div>\n            <\/div>\n        \n            <div class=\"wpb_text_column wpb_content_element\">\n                <div class=\"wpb_wrapper\">\n                    <p class=\"single-store-link\">\n                        <a href=\"https:\/\/muensterzentrum.iriparo.com\" target=\"_blank\">\n                            <i class=\"fa fa-map-marker\"><\/i> iRiparo M\u00fcnster Zentrum\n                        <\/a>\n                    <\/p>\n                <\/div>\n            <\/div>\n        \n                        <\/div>\n                    <\/div>\n                <\/div>\n                <div class=\"wpb_column vc_column_container vc_col-sm-4\">\n                    <div class=\"vc_column-inner\">\n                        <div class=\"wpb_wrapper\">\n            \n            <div class=\"wpb_text_column wpb_content_element\">\n                <div class=\"wpb_wrapper\">\n                    <p class=\"single-store-link\">\n                        <a href=\"https:\/\/neusszentrum.iriparo.com\" target=\"_blank\">\n                            <i class=\"fa fa-map-marker\"><\/i> iRiparo Neuss Zentrum\n                        <\/a>\n                    <\/p>\n                <\/div>\n            <\/div>\n        \n                    <\/div>\n                <\/div>\n            <\/div>\n        <\/div>\n    [\/vc_column_text][\/vc_column][\/vc_row][\/vc_section][vc_section full_width=&#8220;stretch_row&#8220; css=&#8220;.vc_custom_1657101614744{padding-top: 96px !important;padding-bottom: 96px !important;}&#8220;][vc_row content_width=&#8220;grid&#8220; content_aligment=&#8220;center&#8220; el_class=&#8220;custom-row-icons&#8220;][vc_column width=&#8220;1\/3&#8243;][vc_column_text]<\/p>\n<h3 style=\"text-align: center;\">ORIGINAL<\/h3>\n<p>[\/vc_column_text][vc_empty_space][vc_single_image image=&#8220;206650&#8243; img_size=&#8220;full&#8220; alignment=&#8220;center&#8220;][vc_empty_space][vc_column_text]<\/p>\n<p style=\"text-align: center;\">Die Standardfolie, die vor Kratzern und St\u00f6\u00dfen sch\u00fctzt, ohne eine Spur von Blasen zu hinterlassen.<\/p>\n<p style=\"text-align: center;\">Erh\u00e4ltlich f\u00fcr<span>\u00a0<\/span><strong>Smartphones und Tablets ab 14,90 \u20ac.<\/strong><\/p>\n<p>[\/vc_column_text][vc_empty_space height=&#8220;48px&#8220;][\/vc_column][vc_column width=&#8220;1\/3&#8243;][vc_column_text]<\/p>\n<h3 style=\"text-align: center;\">HD<\/h3>\n<p>[\/vc_column_text][vc_empty_space][vc_single_image image=&#8220;206658&#8243; img_size=&#8220;full&#8220; alignment=&#8220;center&#8220;][vc_empty_space][vc_column_text]<\/p>\n<div class=\"wpb_text_column wpb_content_element \">\n<div class=\"wpb_wrapper\">\n<p style=\"text-align: center;\">Kratz- und Schlagschutz mit verbesserter visueller Klarheit. Hinterl\u00e4sst keine Fingerabdr\u00fccke auf dem Film.<\/p>\n<p style=\"text-align: center;\">Erh\u00e4ltlich f\u00fcr<span>\u00a0<\/span><strong>Smartphones und Tablets ab 19,90 \u20ac.<\/strong><br \/>\n<strong>F\u00fcr Smartwatch zu 9,90\u20ac.<\/strong><\/p>\n<\/div>\n<\/div>\n<p>[\/vc_column_text][vc_empty_space height=&#8220;48px&#8220;][\/vc_column][vc_column width=&#8220;1\/3&#8243;][vc_column_text]<\/p>\n<h3 style=\"text-align: center;\">HD ULTRA<\/h3>\n<p>[\/vc_column_text][vc_empty_space][vc_single_image image=&#8220;206666&#8243; img_size=&#8220;full&#8220; alignment=&#8220;center&#8220;][vc_empty_space][vc_column_text]Dreimal mehr Schutz als klassische Hartglasfolien. Sch\u00e4rfere visuelle Klarheit als HD-Film.<\/p>\n<p style=\"text-align: center;\">Verf\u00fcgbar<span>\u00a0<\/span><strong>f\u00fcr Smartphones zu \u20ac24,90.<\/strong><\/p>\n<p>[\/vc_column_text][vc_empty_space height=&#8220;48px&#8220;][\/vc_column][\/vc_row][\/vc_section]<\/p>\n<\/section>","protected":false},"excerpt":{"rendered":"<p>[vc_row full_width=&#8220;stretch_row&#8220; row_type=&#8220;parallax&#8220; content_width=&#8220;grid&#8220; full_screen_section_height=&#8220;yes&#8220; vertically_align_content_in_middle=&#8220;yes&#8220; parallax_background_image=&#8220;13840&#8243;][vc_column][\/vc_column][\/vc_row][vc_section][vc_row content_width=&#8220;grid&#8220; content_aligment=&#8220;center&#8220; el_class=&#8220;custom-row-icons&#8220;][vc_column width=&#8220;1\/3&#8243;][vc_single_image image=&#8220;221116&#8243; img_size=&#8220;384&#215;394&#8243; alignment=&#8220;center&#8220; style=&#8220;vc_box_rounded&#8220;][vc_empty_space][vc_column_text] Schutz f\u00fcr extreme Umgebungen [\/vc_column_text][vc_empty_space height=&#8220;8px&#8220;][vc_column_text] InvisibleShield&#8230;<\/p>\n","protected":false},"author":2,"featured_media":0,"parent":0,"menu_order":0,"comment_status":"closed","ping_status":"closed","template":"","meta":{"footnotes":""},"_links":{"self":[{"href":"https:\/\/iriparo.com\/de\/wp-json\/wp\/v2\/pages\/153294"}],"collection":[{"href":"https:\/\/iriparo.com\/de\/wp-json\/wp\/v2\/pages"}],"about":[{"href":"https:\/\/iriparo.com\/de\/wp-json\/wp\/v2\/types\/page"}],"author":[{"embeddable":true,"href":"https:\/\/iriparo.com\/de\/wp-json\/wp\/v2\/users\/2"}],"replies":[{"embeddable":true,"href":"https:\/\/iriparo.com\/de\/wp-json\/wp\/v2\/comments?post=153294"}],"version-history":[{"count":0,"href":"https:\/\/iriparo.com\/de\/wp-json\/wp\/v2\/pages\/153294\/revisions"}],"wp:attachment":[{"href":"https:\/\/iriparo.com\/de\/wp-json\/wp\/v2\/media?parent=153294"}],"curies":[{"name":"wp","href":"https:\/\/api.w.org\/{rel}","templated":true}]}}