{"id":153330,"date":"2017-09-13T11:44:36","date_gmt":"2017-09-13T09:44:36","guid":{"rendered":"https:\/\/iriparo.com\/?page_id=153330"},"modified":"2022-07-06T15:40:21","modified_gmt":"2022-07-06T13:40:21","slug":"gebraucht-garantiert","status":"publish","type":"page","link":"https:\/\/iriparo.com\/de\/gebraucht-garantiert\/","title":{"rendered":"Gebraucht garantiert"},"content":{"rendered":"<section class=\"wpb-content-wrapper\"><p><span data-mce-type=\"bookmark\" style=\"display: inline-block; width: 0px; overflow: hidden; line-height: 0;\" class=\"mce_SELRES_start\">\ufeff<\/span>[vc_row full_width=&#8220;stretch_row&#8220;][vc_column]\n\t\t\t<section class=\"imagebg image--light cover cover-blocks bg--secondary \" >\n\t\t\t\t<div class=\"background-image-holder\"><img loading=\"lazy\" decoding=\"async\" width=\"1920\" height=\"1100\" src=\"https:\/\/iriparo.com\/wp-content\/uploads\/2021\/08\/dispostivi-usati-garantiti-iriparo-sfondo.jpeg\" class=\"attachment-full size-full\" alt=\"\" srcset=\"https:\/\/iriparo.com\/wp-content\/uploads\/2021\/08\/dispostivi-usati-garantiti-iriparo-sfondo.jpeg 1920w, https:\/\/iriparo.com\/wp-content\/uploads\/2021\/08\/dispostivi-usati-garantiti-iriparo-sfondo-500x286.jpeg 500w, https:\/\/iriparo.com\/wp-content\/uploads\/2021\/08\/dispostivi-usati-garantiti-iriparo-sfondo-700x401.jpeg 700w, https:\/\/iriparo.com\/wp-content\/uploads\/2021\/08\/dispostivi-usati-garantiti-iriparo-sfondo-300x172.jpeg 300w, https:\/\/iriparo.com\/wp-content\/uploads\/2021\/08\/dispostivi-usati-garantiti-iriparo-sfondo-1024x587.jpeg 1024w, https:\/\/iriparo.com\/wp-content\/uploads\/2021\/08\/dispostivi-usati-garantiti-iriparo-sfondo-768x440.jpeg 768w, https:\/\/iriparo.com\/wp-content\/uploads\/2021\/08\/dispostivi-usati-garantiti-iriparo-sfondo-1536x880.jpeg 1536w\" sizes=\"(max-width: 1920px) 100vw, 1920px\" \/><\/div>\n\t\t\t\t<div class=\"container\">\n\t\t\t\t\t<div class=\"row\">\n\t\t\t\t\t\t<div class=\"col-sm-6 col-md-5\">\n\t\t\t\t\t\t\t<div>[vc_column_text]<\/p>\n<h1>Gebraucht garantiert<\/h1>\n<p>[\/vc_column_text][vc_empty_space height=&#8220;8px&#8220;][vc_column_text]<span>iRiparo bietet \u00fcber sein Vertriebsnetz eine breite Palette an aufgearbeiteten Smartphones und Tablets der neuesten Generation an. Der Kauf eines gebrauchten Telefons an den iRiparo-Verkaufsstellen ist vor allem f\u00fcr die neuesten iPhones und Smartphones sehr vorteilhaft, nicht nur wegen des Preises, sondern auch wegen der Garantien und Schutzmechanismen, die heute mehr denn je notwendig sind, wenn man sich f\u00fcr den Kauf eines gebrauchten Telefons entscheidet. Der Kauf eines gebrauchten Telefons in einem iRiparo-Gesch\u00e4ft entspricht dem Kauf eines vollst\u00e4ndig \u00fcberholten Telefons mit einer 12-monatigen Garantie.<\/span>[\/vc_column_text][vc_row_inner css=&#8220;.vc_custom_1632475285269{margin-top: 0px !important;padding-top: 0px !important;}&#8220;][vc_column_inner][vc_btn title=&#8220;Einen Laden finden&#8220; style=&#8220;flat&#8220; color=&#8220;primary&#8220; link=&#8220;url:https%3A%2F%2Firiparo.com%2Fde%2Funsere-geschaefte|title:I%20nostri%20negozi&#8220; css=&#8220;.vc_custom_1633351172447{margin-top: 16px !important;margin-right: 16px !important;margin-bottom: 16px !important;}&#8220;][\/vc_column_inner][\/vc_row_inner]<\/div>\n\t\t\t\t\t\t<\/div>\n\t\t\t\t\t<\/div><!--end of row-->\n\t\t\t\t<\/div><!--end of container-->\n\t\t\t\t\n\t\t\t<\/section>\n\t\t[\/vc_column][\/vc_row]<span data-mce-type=\"bookmark\" style=\"display: inline-block; width: 0px; overflow: hidden; line-height: 0;\" class=\"mce_SELRES_end\">\ufeff<\/span>[vc_section][vc_row content_width=&#8220;grid&#8220;][vc_column width=&#8220;1\/2&#8243; offset=&#8220;vc_col-md-6&#8243;][vc_column_text]<\/p>\n<h2>Unsere gebrauchten Smartphones<\/h2>\n<p>[\/vc_column_text][vc_empty_space height=&#8220;16px&#8220;][vc_column_text]Unsere wiederaufbereiteten Telefone m\u00fcssen strenge Tests bestanden haben, bevor sie in den Verkauf gehen. Der Test wird an allen Hardwarekomponenten durchgef\u00fchrt. Wir \u00fcberpr\u00fcfen Audio, Navigation, Videowiedergabe, Kamera, stellen sicher, dass das Telefon keine Anzeichen eines Netzwerkausfalls zeigt, \u00fcberpr\u00fcfen den Ladezustand und tauschen den Akku immer aus, es sei denn, er \u00fcberschreitet 80 % seiner Lebenserwartung. In unseren Gesch\u00e4ften finden Sie verschiedene Arten von gebrauchten Smartphones, die wir in Klasse A, Klasse B und Klasse C einteilen. Jede Klasse unterscheidet sich in Bezug auf die Abnutzung des Ger\u00e4ts, wobei Sie f\u00fcr die Klasse A ein Ger\u00e4t haben, das dem neuen Ger\u00e4t entspricht.[\/vc_column_text][\/vc_column][vc_column width=&#8220;1\/2&#8243; offset=&#8220;vc_col-md-6&#8243;][vc_single_image image=&#8220;206432&#8243; img_size=&#8220;full&#8220;][\/vc_column][\/vc_row][\/vc_section][vc_section full_width=&#8220;stretch_row&#8220; css=&#8220;.vc_custom_1631016308516{padding-top: 96px !important;padding-bottom: 96px !important;background-image: url(https:\/\/iriparo.com\/wp-content\/uploads\/2021\/08\/smartphone-iphone-usati-bg.jpeg?id=206471) !important;}&#8220;][vc_row row_type=&#8220;parallax&#8220; content_width=&#8220;grid&#8220; content_aligment=&#8220;center&#8220; full_screen_section_height=&#8220;no&#8220; parallax_background_image=&#8220;14127&#8243; css=&#8220;.vc_custom_1631016274053{background-position: center !important;background-repeat: no-repeat !important;background-size: cover !important;}&#8220; el_class=&#8220;custom-row-icons&#8220;][vc_column width=&#8220;1\/3&#8243;][vc_single_image image=&#8220;206451&#8243; img_size=&#8220;full&#8220; alignment=&#8220;center&#8220;][vc_empty_space][vc_column_text]<\/p>\n<h3 class=\"title-white text-center\">Ger\u00e4t der Klasse A<\/h3>\n<p>[\/vc_column_text][vc_empty_space height=&#8220;8px&#8220;][vc_column_text]<\/p>\n<p class=\"title-white text-center\"><span>Sie weisen keine Anzeichen von Abnutzung, Beulen oder offensichtlichen Kratzern auf, so dass sie frei von jeglichen Anzeichen fr\u00fcherer Nutzung sind.<\/span><\/p>\n<p>[\/vc_column_text][vc_empty_space height=&#8220;48px&#8220;][\/vc_column][vc_column width=&#8220;1\/3&#8243;][vc_single_image image=&#8220;206459&#8243; img_size=&#8220;full&#8220; alignment=&#8220;center&#8220;][vc_empty_space][vc_column_text]<\/p>\n<h3 class=\"title-white text-center\">Ger\u00e4t der Klasse B<\/h3>\n<p>[\/vc_column_text][vc_empty_space height=&#8220;8px&#8220;][vc_column_text]<\/p>\n<p class=\"title-white text-center\"><span>\u00c4sthetisch weisen sie leichte Kratzer und\/oder Einkerbungen an den R\u00e4ndern auf, die ihr korrektes Funktionieren in keiner Weise beeintr\u00e4chtigen.<\/span><\/p>\n<p>[\/vc_column_text][vc_empty_space height=&#8220;48px&#8220;][\/vc_column][vc_column width=&#8220;1\/3&#8243;][vc_single_image image=&#8220;206467&#8243; img_size=&#8220;full&#8220; alignment=&#8220;center&#8220;][vc_empty_space][vc_column_text]<\/p>\n<h3 class=\"title-white text-center\">Ger\u00e4t der Klasse C<\/h3>\n<p>[\/vc_column_text][vc_empty_space height=&#8220;8px&#8220;][vc_column_text]<\/p>\n<p class=\"title-white text-center\"><span>\u00c4sthetisch zeigen sie einige Kratzer, Dellen und Flecken, die auf eine fr\u00fchere Benutzung hinweisen.<\/span><\/p>\n<p>[\/vc_column_text][vc_empty_space height=&#8220;48px&#8220;][\/vc_column][\/vc_row][\/vc_section][vc_section css=&#8220;.vc_custom_1631016329014{padding-top: 96px !important;padding-bottom: 96px !important;}&#8220;][vc_row content_width=&#8220;grid&#8220; css=&#8220;.vc_custom_1631016355557{background-color: #ffffff !important;}&#8220;][vc_column width=&#8220;1\/2&#8243; offset=&#8220;vc_col-md-6&#8243;][vc_column_text]<\/p>\n<h2>Einen iRiparo-Shop finden<\/h2>\n<p>[\/vc_column_text][vc_empty_space height=&#8220;16px&#8220;][vc_column_text]Unser Express-Reparaturnetzwerk verf\u00fcgt jetzt \u00fcber 120 iRiparo-Verkaufsstellen in Italien, und die Zahl der Verkaufsstellen nimmt rasch zu. Pr\u00fcfen Sie auf der Kundenkarte, ob verf\u00fcgbare Gebrauchtger\u00e4te ver\u00f6ffentlicht wurden, oder wenden Sie sich f\u00fcr weitere Informationen direkt an das Gesch\u00e4ft.[\/vc_column_text][vc_empty_space][vc_btn title=&#8220;FINDEN LADEN&#8220; style=&#8220;flat&#8220; color=&#8220;primary&#8220; link=&#8220;url:https%3A%2F%2Firiparo.com%2Fde%2Funsere-geschaefte|title:I%20nostri%20negozi&#8220;][\/vc_column][vc_column width=&#8220;1\/2&#8243; offset=&#8220;vc_col-md-6&#8243;][vc_single_image image=&#8220;206486&#8243; img_size=&#8220;full&#8220;][\/vc_column][\/vc_row][\/vc_section]<\/p>\n<\/section>","protected":false},"excerpt":{"rendered":"<p>\ufeff[vc_row full_width=&#8220;stretch_row&#8220;][vc_column][\/vc_column][\/vc_row]\ufeff[vc_section][vc_row content_width=&#8220;grid&#8220;][vc_column width=&#8220;1\/2&#8243; offset=&#8220;vc_col-md-6&#8243;][vc_column_text] Unsere gebrauchten Smartphones [\/vc_column_text][vc_empty_space height=&#8220;16px&#8220;][vc_column_text]Unsere wiederaufbereiteten Telefone m\u00fcssen strenge Tests bestanden haben, bevor sie in den Verkauf&#8230;<\/p>\n","protected":false},"author":2,"featured_media":0,"parent":0,"menu_order":0,"comment_status":"closed","ping_status":"closed","template":"","meta":{"footnotes":""},"_links":{"self":[{"href":"https:\/\/iriparo.com\/de\/wp-json\/wp\/v2\/pages\/153330"}],"collection":[{"href":"https:\/\/iriparo.com\/de\/wp-json\/wp\/v2\/pages"}],"about":[{"href":"https:\/\/iriparo.com\/de\/wp-json\/wp\/v2\/types\/page"}],"author":[{"embeddable":true,"href":"https:\/\/iriparo.com\/de\/wp-json\/wp\/v2\/users\/2"}],"replies":[{"embeddable":true,"href":"https:\/\/iriparo.com\/de\/wp-json\/wp\/v2\/comments?post=153330"}],"version-history":[{"count":0,"href":"https:\/\/iriparo.com\/de\/wp-json\/wp\/v2\/pages\/153330\/revisions"}],"wp:attachment":[{"href":"https:\/\/iriparo.com\/de\/wp-json\/wp\/v2\/media?parent=153330"}],"curies":[{"name":"wp","href":"https:\/\/api.w.org\/{rel}","templated":true}]}}