{"id":160615,"date":"2018-12-27T11:19:53","date_gmt":"2018-12-27T10:19:53","guid":{"rendered":"https:\/\/iriparo.com\/?page_id=160615"},"modified":"2022-07-06T15:20:16","modified_gmt":"2022-07-06T13:20:16","slug":"smartphone-zubehoer","status":"publish","type":"page","link":"https:\/\/iriparo.com\/de\/smartphone-zubehoer\/","title":{"rendered":"Smartphone Zubeh\u00f6r"},"content":{"rendered":"<section class=\"wpb-content-wrapper\"><p>[vc_row full_width=&#8220;stretch_row&#8220; css=&#8220;.vc_custom_1630050189330{margin-bottom: 0px !important;}&#8220;][vc_column]\n\t\t\t<section class=\" cover height-100 imagebg text-center\" data-overlay=\"7\" >\n\t\t\t    <div class=\"background-image-holder\">\n\t\t\t        <img loading=\"lazy\" decoding=\"async\" width=\"1920\" height=\"1100\" src=\"https:\/\/iriparo.com\/wp-content\/uploads\/2021\/08\/prova-sfondo-parallex-1.jpg\" class=\"attachment-full size-full\" alt=\"accessori per il tuo telefono smartphone\" srcset=\"https:\/\/iriparo.com\/wp-content\/uploads\/2021\/08\/prova-sfondo-parallex-1.jpg 1920w, https:\/\/iriparo.com\/wp-content\/uploads\/2021\/08\/prova-sfondo-parallex-1-500x286.jpg 500w, https:\/\/iriparo.com\/wp-content\/uploads\/2021\/08\/prova-sfondo-parallex-1-700x401.jpg 700w, https:\/\/iriparo.com\/wp-content\/uploads\/2021\/08\/prova-sfondo-parallex-1-300x172.jpg 300w, https:\/\/iriparo.com\/wp-content\/uploads\/2021\/08\/prova-sfondo-parallex-1-1024x587.jpg 1024w, https:\/\/iriparo.com\/wp-content\/uploads\/2021\/08\/prova-sfondo-parallex-1-768x440.jpg 768w, https:\/\/iriparo.com\/wp-content\/uploads\/2021\/08\/prova-sfondo-parallex-1-1536x880.jpg 1536w\" sizes=\"(max-width: 1920px) 100vw, 1920px\" \/>\n\t\t\t    <\/div>\n\t\t\t    <div class=\"container pos-vertical-center\">\n\t\t\t        <div class=\"row\">\n\t\t\t            <div class=\"col-sm-12\">[vc_column_text]<\/p>\n<h1><span>Smartphone Zubeh\u00f6r<\/span><\/h1>\n<p><span>Smart Solution ist die exklusive Smartphone-Zubeh\u00f6r-Linie, die Sie nur bei iRiparo finden: unverzichtbar f\u00fcr Haus, Auto und Freizeit, l\u00e4sst das Smart Solution-Zubeh\u00f6r Sie nie allein.<\/span>[\/vc_column_text][vc_empty_space][vc_btn title=&#8220;VOLLST\u00c4NDIGER BEREICH&#8220; style=&#8220;flat&#8220; color=&#8220;primary&#8220; i_align=&#8220;right&#8220; i_icon_fontawesome=&#8220;fas fa-arrow-circle-down&#8220; add_icon=&#8220;true&#8220; link=&#8220;url:https%3A%2F%2Firiparo.com%2Fde%2Fsmartphone-zubehoer%23gamma&#8220;][vc_empty_space]<\/div>\n\t\t\t        <\/div><!--end of row-->\n\t\t\t    <\/div><!--end of container-->\n\t\t\t    \n\t\t\t<\/section>\n\t\t[\/vc_column][\/vc_row][vc_section][vc_row content_width=&#8220;grid&#8220;][vc_column el_id=&#8220;gamma&#8220;][vc_column_text]<\/p>\n<h3 class=\"text-center\">Das komplette Sortiment an Smartphone-Zubeh\u00f6r:<\/h3>\n<p>[\/vc_column_text][vc_empty_space height=&#8220;64px&#8220;][\/vc_column][\/vc_row][vc_row content_width=&#8220;grid&#8220;][vc_column width=&#8220;1\/4&#8243;][vc_empty_space][vc_hoverbox image=&#8220;206979&#8243; primary_title=&#8220;&#8220; hover_title=&#8220;&#8220; hover_background_color=&#8220;custom&#8220; hover_custom_background=&#8220;#34b3e3&#8243;]<\/p>\n<p style=\"color: #ffffff;\">Autostecker mit zwei USB-Ausg\u00e4ngen 5V\/2,4A<\/p>\n<p>[\/vc_hoverbox][vc_column_text]<\/p>\n<h4 class=\"qodef-custom-font-holder\" data-font-size=\"20\" data-line-height=\"30\">AUTO-SCHIEBEN<\/h4>\n<p>[\/vc_column_text][vc_empty_space][\/vc_column][vc_column width=&#8220;1\/4&#8243;][vc_empty_space][vc_hoverbox image=&#8220;206987&#8243; primary_title=&#8220;&#8220; hover_title=&#8220;&#8220; hover_background_color=&#8220;custom&#8220; hover_custom_background=&#8220;#34b3e3&#8243;]<\/p>\n<p style=\"color: #ffffff;\">Powerbank 4000mAh mit zwei Ausg\u00e4ngen USB-Eingang\/Ausgang 5V\/1A<\/p>\n<p>[\/vc_hoverbox][vc_column_text]<\/p>\n<h4 class=\"text-center\">POWERBANK 4000<\/h4>\n<p>[\/vc_column_text][vc_empty_space][\/vc_column][vc_column width=&#8220;1\/4&#8243;][vc_empty_space][vc_hoverbox image=&#8220;206996&#8243; primary_title=&#8220;&#8220; hover_title=&#8220;&#8220; hover_background_color=&#8220;custom&#8220; hover_custom_background=&#8220;#34b3e3&#8243;]<\/p>\n<p style=\"color: #ffffff;\">Ladestation f\u00fcr Ger\u00e4te, die drahtloses Laden unterst\u00fctzen<\/p>\n<p>[\/vc_hoverbox][vc_column_text]<\/p>\n<h4 class=\"qodef-custom-font-holder\" data-font-size=\"20\" data-line-height=\"30\">Wireless Ladestation<\/h4>\n<p>[\/vc_column_text][vc_empty_space][\/vc_column][vc_column width=&#8220;1\/4&#8243;][vc_empty_space][vc_hoverbox image=&#8220;207004&#8243; primary_title=&#8220;&#8220; hover_title=&#8220;&#8220; hover_background_color=&#8220;custom&#8220; hover_custom_background=&#8220;#34b3e3&#8243;]<\/p>\n<p style=\"color: #ffffff;\">Smartphone-kompatibles Autoladeger\u00e4t mit kabelloser Ladebuchse<\/p>\n<p>[\/vc_hoverbox][vc_column_text]<\/p>\n<h4 class=\"text-center\">WIRELESS CAR CHARGER<\/h4>\n<p>[\/vc_column_text][vc_empty_space][\/vc_column][\/vc_row][vc_row content_width=&#8220;grid&#8220;][vc_column width=&#8220;1\/4&#8243;][vc_empty_space][vc_hoverbox image=&#8220;207015&#8243; primary_title=&#8220;&#8220; hover_title=&#8220;&#8220; hover_background_color=&#8220;custom&#8220; hover_custom_background=&#8220;#34b3e3&#8243;]<\/p>\n<p style=\"color: #ffffff;\">Anpassbar an die L\u00fcftungs\u00f6ffnung des Smartphones. Maximale \u00d6ffnung 8,5 cm<\/p>\n<p>[\/vc_hoverbox][vc_column_text]<\/p>\n<h4 class=\"qodef-custom-font-holder\" data-font-size=\"20\" data-line-height=\"30\">AUTO-UNTERST\u00dcTZUNG<\/h4>\n<p>[\/vc_column_text][vc_empty_space][\/vc_column][vc_column width=&#8220;1\/4&#8243;][vc_empty_space][vc_hoverbox image=&#8220;207023&#8243; primary_title=&#8220;&#8220; hover_title=&#8220;&#8220; hover_background_color=&#8220;custom&#8220; hover_custom_background=&#8220;#34b3e3&#8243;]<\/p>\n<p style=\"color: #ffffff;\">Wandsteckdose mit 2 USB-Ausg\u00e4ngen 5v\/3,1A<\/p>\n<p>[\/vc_hoverbox][vc_column_text]<\/p>\n<h4 class=\"qodef-custom-font-holder\" data-font-size=\"20\" data-line-height=\"30\">STECKDOSE MIT 2 USB-AUSG\u00c4NGEN<\/h4>\n<p>[\/vc_column_text][vc_empty_space][\/vc_column][vc_column width=&#8220;1\/4&#8243;][vc_empty_space][vc_hoverbox image=&#8220;207031&#8243; primary_title=&#8220;&#8220; hover_title=&#8220;&#8220; hover_background_color=&#8220;custom&#8220; hover_custom_background=&#8220;#34b3e3&#8243;]<\/p>\n<p style=\"color: #ffffff;\">Wandsteckdose mit einem 5V\/1A-USB-Ausgang<\/p>\n<p>[\/vc_hoverbox][vc_column_text]<\/p>\n<h4 class=\"qodef-custom-font-holder\" data-font-size=\"20\" data-line-height=\"30\">STECKDOSE MIT USB-ANSCHLUSS<\/h4>\n<p>[\/vc_column_text][vc_empty_space][\/vc_column][vc_column width=&#8220;1\/4&#8243;][vc_empty_space][vc_hoverbox image=&#8220;207039&#8243; primary_title=&#8220;&#8220; hover_title=&#8220;&#8220; hover_background_color=&#8220;custom&#8220; hover_custom_background=&#8220;#34b3e3&#8243;]<\/p>\n<p style=\"color: #ffffff;\">Inearer Kopfh\u00f6rer mit Mikrofon mit 3,5-mm-Klinkeneingang<\/p>\n<p>[\/vc_hoverbox][vc_column_text]<\/p>\n<h4 class=\"qodef-custom-font-holder\" data-font-size=\"20\" data-line-height=\"30\">LEITERH\u00d6RER<\/h4>\n<p>[\/vc_column_text][vc_empty_space][\/vc_column][\/vc_row][vc_row content_width=&#8220;grid&#8220;][vc_column width=&#8220;1\/4&#8243;][vc_empty_space][vc_hoverbox image=&#8220;206951&#8243; primary_title=&#8220;&#8220; hover_title=&#8220;&#8220; hover_background_color=&#8220;custom&#8220; hover_custom_background=&#8220;#34b3e3&#8243;]<\/p>\n<p style=\"color: #ffffff;\">LIGHTNING 1m-USB-Kabel mit Schnelllade- und Daten\u00fcbertragungsunterst\u00fctzung, nicht MFI<\/p>\n<p>[\/vc_hoverbox][vc_column_text]<\/p>\n<h4 class=\"text-center\">LIGHTNING KABEL<\/h4>\n<p>[\/vc_column_text][vc_empty_space][\/vc_column][vc_column width=&#8220;1\/4&#8243;][vc_empty_space][vc_hoverbox image=&#8220;206959&#8243; primary_title=&#8220;&#8220; hover_title=&#8220;&#8220; hover_background_color=&#8220;custom&#8220; hover_custom_background=&#8220;#34b3e3&#8243;]<\/p>\n<p style=\"color: #ffffff;\">USB-Kabel Typ C 2,0 1 mt mit Schnelllade- und Daten\u00fcbertragungsunterst\u00fctzung<\/p>\n<p>[\/vc_hoverbox][vc_column_text]<\/p>\n<h4 class=\"qodef-custom-font-holder\" data-font-size=\"20\" data-line-height=\"30\">KABEL TYPE C<\/h4>\n<p>[\/vc_column_text][vc_empty_space][\/vc_column][vc_column width=&#8220;1\/4&#8243;][vc_empty_space][vc_hoverbox image=&#8220;206967&#8243; primary_title=&#8220;&#8220; hover_title=&#8220;&#8220; hover_background_color=&#8220;custom&#8220; hover_custom_background=&#8220;#34b3e3&#8243;]<\/p>\n<p style=\"color: #ffffff;\">Micro USB 1mt USB-Kabel mit Schnelllade- und Daten\u00fcbertragungsunterst\u00fctzung<\/p>\n<p>[\/vc_hoverbox][vc_column_text]<\/p>\n<h4 class=\"qodef-custom-font-holder\" data-font-size=\"20\" data-line-height=\"30\">MIKRO-USB-KABEL<\/h4>\n<p>[\/vc_column_text][vc_empty_space][\/vc_column][vc_column width=&#8220;1\/4&#8243;][\/vc_column][\/vc_row][\/vc_section]<\/p>\n<\/section>","protected":false},"excerpt":{"rendered":"<p>[vc_row full_width=&#8220;stretch_row&#8220; css=&#8220;.vc_custom_1630050189330{margin-bottom: 0px !important;}&#8220;][vc_column][\/vc_column][\/vc_row][vc_section][vc_row content_width=&#8220;grid&#8220;][vc_column el_id=&#8220;gamma&#8220;][vc_column_text] Das komplette Sortiment an Smartphone-Zubeh\u00f6r: [\/vc_column_text][vc_empty_space height=&#8220;64px&#8220;][\/vc_column][\/vc_row][vc_row content_width=&#8220;grid&#8220;][vc_column width=&#8220;1\/4&#8243;][vc_empty_space][vc_hoverbox image=&#8220;206979&#8243; primary_title=&#8220;&#8220; hover_title=&#8220;&#8220; hover_background_color=&#8220;custom&#8220; hover_custom_background=&#8220;#34b3e3&#8243;] Autostecker&#8230;<\/p>\n","protected":false},"author":2,"featured_media":0,"parent":0,"menu_order":0,"comment_status":"closed","ping_status":"closed","template":"","meta":{"footnotes":""},"_links":{"self":[{"href":"https:\/\/iriparo.com\/de\/wp-json\/wp\/v2\/pages\/160615"}],"collection":[{"href":"https:\/\/iriparo.com\/de\/wp-json\/wp\/v2\/pages"}],"about":[{"href":"https:\/\/iriparo.com\/de\/wp-json\/wp\/v2\/types\/page"}],"author":[{"embeddable":true,"href":"https:\/\/iriparo.com\/de\/wp-json\/wp\/v2\/users\/2"}],"replies":[{"embeddable":true,"href":"https:\/\/iriparo.com\/de\/wp-json\/wp\/v2\/comments?post=160615"}],"version-history":[{"count":0,"href":"https:\/\/iriparo.com\/de\/wp-json\/wp\/v2\/pages\/160615\/revisions"}],"wp:attachment":[{"href":"https:\/\/iriparo.com\/de\/wp-json\/wp\/v2\/media?parent=160615"}],"curies":[{"name":"wp","href":"https:\/\/api.w.org\/{rel}","templated":true}]}}