{"id":160651,"date":"2019-12-13T14:51:09","date_gmt":"2019-12-13T13:51:09","guid":{"rendered":"https:\/\/iriparo.com\/?page_id=160651"},"modified":"2021-10-04T11:30:43","modified_gmt":"2021-10-04T09:30:43","slug":"eine-iriparo-ecke-oeffnen","status":"publish","type":"page","link":"https:\/\/iriparo.com\/de\/eine-iriparo-ecke-oeffnen\/","title":{"rendered":"Eine iRiparo-Ecke \u00f6ffnen"},"content":{"rendered":"<section class=\"wpb-content-wrapper\"><p>[vc_row full_width=&#8220;stretch_row&#8220;][vc_column]\n\t\t\t<section class=\"imagebg parallax \" data-overlay=\"3\" >\n\t\t\t\t<div class=\"background-image-holder\"><img loading=\"lazy\" decoding=\"async\" width=\"1920\" height=\"700\" src=\"https:\/\/iriparo.com\/wp-content\/uploads\/2021\/08\/franchise-contact-iriparo.jpg\" class=\"attachment-full size-full\" alt=\"affiliazioni franchising iriparo\" srcset=\"https:\/\/iriparo.com\/wp-content\/uploads\/2021\/08\/franchise-contact-iriparo.jpg 1920w, https:\/\/iriparo.com\/wp-content\/uploads\/2021\/08\/franchise-contact-iriparo-500x182.jpg 500w, https:\/\/iriparo.com\/wp-content\/uploads\/2021\/08\/franchise-contact-iriparo-700x255.jpg 700w, https:\/\/iriparo.com\/wp-content\/uploads\/2021\/08\/franchise-contact-iriparo-300x109.jpg 300w, https:\/\/iriparo.com\/wp-content\/uploads\/2021\/08\/franchise-contact-iriparo-1024x373.jpg 1024w, https:\/\/iriparo.com\/wp-content\/uploads\/2021\/08\/franchise-contact-iriparo-768x280.jpg 768w, https:\/\/iriparo.com\/wp-content\/uploads\/2021\/08\/franchise-contact-iriparo-1536x560.jpg 1536w\" sizes=\"(max-width: 1920px) 100vw, 1920px\" \/><\/div>\n\t\t\t\t<div class=\"container\">\n\t\t\t\t\t<div class=\"row\">\n\t\t\t\t\t\t<div class=\"col-sm-12\">\n\t\t\t\t\t\t\t<div class=\"cta\">\n\t\t\t\t\t\t\t\t[vc_column_text]<\/p>\n<h1 class=\"title-white\">Eine iRiparo-Ecke \u00f6ffnen<\/h1>\n<p>[\/vc_column_text]\n\t\t\t\t\t\t\t<\/div>\n\t\t\t\t\t\t<\/div>\n\t\t\t\t\t<\/div><!--end of row-->\n\t\t\t\t<\/div><!--end of container-->\n\t\t\t\t\n\t\t\t<\/section>\n\t\t[\/vc_column][\/vc_row][vc_section][vc_row][vc_column width=&#8220;1\/3&#8243;][vc_single_image image=&#8220;207079&#8243; img_size=&#8220;full&#8220; alignment=&#8220;center&#8220;][\/vc_column][vc_column width=&#8220;2\/3&#8243;][vc_column_text]<\/p>\n<h3>Steigern Sie Ihren Verdienst<\/h3>\n<p>[\/vc_column_text][vc_empty_space][vc_column_text]Wenn Sie bereits ein Unternehmen besitzen und Ihren Verdienst steigern m\u00f6chten, \u00f6ffnen Sie eine iRiparo-Ecke in Ihren R\u00e4umlichkeiten.<span>\u00a0<\/span><strong>Das \u00d6ffnen einer iRiparo-Ecke<\/strong><span>\u00a0<\/span>in Ihrem Gesch\u00e4ft ist einfach und kosteng\u00fcnstig. Die Anfangskosten sind gering und ab 5.000,00 \u20ac k\u00f6nnen Sie<span>\u00a0<\/span><strong>Ihr neues Franchise-Gesch\u00e4ft<\/strong><span>\u00a0<\/span>beginnen.<\/p>\n<p>Das Schild, die Abziehbilder und die interne Kommunikation sind im Preis inbegriffen, ebenso wie die Schulung, die Sie in die Lage versetzt, Ihre neue Ecke optimal zu verwalten und vieles mehr. Sie m\u00fcssen die Kosten f\u00fcr die ersten Ersatzteile, Zubeh\u00f6rteile und gebrauchten Telefon-Lieferkits tragen, die nat\u00fcrlich notwendig sind, um iRiparo<span>\u00a0<\/span><strong>in Ihr Unternehmen zu integrieren<\/strong>.<\/p>\n<p>Eine iRiparo-Ecke eignet sich sehr gut in Ein- oder Mehrmarken-Telefongesch\u00e4ften, Gesch\u00e4ften mit elektronischen Produkten, Computergesch\u00e4ften im Allgemeinen oder sogar in gro\u00dfen Gesch\u00e4ften in Einkaufszentren mit einem hohen Kundenstrom, die iRiparos telefonische Reparatur- und Assistenzdienste in Anspruch nehmen k\u00f6nnen.<span>\u00a0<\/span><strong>F\u00fcllen Sie unverbindlich das FORMBLATT<\/strong><span>\u00a0<\/span>aus. Wir werden uns so bald wie m\u00f6glich mit Ihnen in Verbindung setzen, um weitere Einzelheiten zu besprechen.[\/vc_column_text][vc_empty_space][vc_row_inner][vc_column_inner][vc_btn title=&#8220;INFORMATIONEN ANFORDERN&#8220; style=&#8220;flat&#8220; color=&#8220;sky&#8220; link=&#8220;url:https%3A%2F%2Firiparo.com%2Fde%2Ffranchise-verbindungen%2Feine-iriparo-ecke-oeffnen%23more-info|title:Maggiori%20informazioni&#8220; css=&#8220;.vc_custom_1633339709880{margin-top: 16px !important;margin-right: 16px !important;margin-bottom: 16px !important;}&#8220;][\/vc_column_inner][\/vc_row_inner][\/vc_column][\/vc_row][\/vc_section][vc_section full_width=&#8220;stretch_row&#8220; css=&#8220;.vc_custom_1630071716816{padding-top: 96px !important;padding-bottom: 96px !important;background-color: #f5f5f5 !important;}&#8220;][vc_row][vc_column width=&#8220;2\/3&#8243;][vc_column_text]<\/p>\n<h3>W\u00e4hlen Sie die iRiparo-Ecke<\/h3>\n<p>[\/vc_column_text][vc_empty_space][vc_column_text]<strong>Er\u00f6ffnung eines neuen Gesch\u00e4ftes innerhalb eines bereits etablierten Standortes kann die richtige Einnahmequelle und Integration Ihres Umsatzes<\/strong><span>\u00a0<\/span>sein. Die Einzelhandelsaktivit\u00e4ten sind vielf\u00e4ltig, und es ist wichtig, den richtigen Partner und Sektor auszuw\u00e4hlen. Mit dem richtigen Willen und einem Minimum an handwerklichem Geschick, Neugierde und Lernbegierde ist die Entscheidung f\u00fcr iRiparo aus mehreren Gr\u00fcnden sicher eine gute Wahl.<\/p>\n<p><strong>Die Telefonreparaturindustrie ist ein schnell wachsender Sektor<\/strong>, in den meisten F\u00e4llen sind die Telefonhersteller nicht ausger\u00fcstet oder entscheiden sich nicht daf\u00fcr, sich selbst auszur\u00fcsten, um ihren Kunden kontinuierliche und direkte Hilfe zu bieten. Aus diesem Grund sind in den letzten Jahren mehrere Reparatur- und Serviceaktivit\u00e4ten f\u00fcr Smartphones und Tablets entstanden, insbesondere f\u00fcr iPhones und alle High-End-Telefone, die einen hohen Preis haben und notwendigerweise im Laufe der Zeit repariert werden m\u00fcssen. In diesem Zusammenhang bedeutet iRiparo zu w\u00e4hlen, die Nummer 1 in Italien und Europa zu w\u00e4hlen.<\/p>\n<p>Wir geh\u00f6ren zur Prink Spa Group und sind selbst Hersteller von Ersatzteilen und Zubeh\u00f6r f\u00fcr die Telefonie sowie aktive Partner der wichtigsten Weltfirmen in diesem j\u00fcngsten Gesch\u00e4ft.[\/vc_column_text][vc_empty_space][vc_row_inner][vc_column_inner][vc_btn title=&#8220;INFORMATIONEN ANFORDERN&#8220; style=&#8220;flat&#8220; color=&#8220;sky&#8220; link=&#8220;url:https%3A%2F%2Firiparo.com%2Fde%2Ffranchise-verbindungen%2Feine-iriparo-ecke-oeffnen%23more-info|title:Maggiori%20informazioni&#8220; css=&#8220;.vc_custom_1633339709880{margin-top: 16px !important;margin-right: 16px !important;margin-bottom: 16px !important;}&#8220;][\/vc_column_inner][\/vc_row_inner][\/vc_column][vc_column width=&#8220;1\/3&#8243;][vc_single_image image=&#8220;207088&#8243; img_size=&#8220;full&#8220; alignment=&#8220;center&#8220;][\/vc_column][\/vc_row][\/vc_section][vc_section css=&#8220;.vc_custom_1630071839227{padding-top: 96px !important;padding-bottom: 96px !important;}&#8220;][vc_row][vc_column width=&#8220;1\/3&#8243;][vc_single_image image=&#8220;207096&#8243; img_size=&#8220;full&#8220; alignment=&#8220;center&#8220;][\/vc_column][vc_column width=&#8220;2\/3&#8243;][vc_column_text]<\/p>\n<h3>Nutzen Sie unser Know-how<\/h3>\n<p>[\/vc_column_text][vc_empty_space][vc_column_text]<\/p>\n<div class=\"wpb_text_column wpb_content_element \">\n<div class=\"wpb_wrapper\">\n<p><strong>Die Er\u00f6ffnung der iRiparo-Filiale<span>\u00a0<\/span><\/strong>innerhalb Ihres Unternehmens erm\u00f6glicht Ihnen neben guten Einnahmen die Nutzung des vermittelten Know-hows und unserer technischen und kaufm\u00e4nnischen Kompetenz. Das Smartphone ist zweifelsohne ein Produkt mit einem hohen pers\u00f6nlichen und emotionalen Gehalt. Jeder von uns benutzt sie mit gr\u00f6\u00dfter Sorgfalt und Aufmerksamkeit, und aus diesem Grund muss die Reparatur mit \u00e4u\u00dferster Professionalit\u00e4t durchgef\u00fchrt werden.<\/p>\n<p><strong>Dank der Unterst\u00fctzung unserer spezialisierten Techniker k\u00f6nnen Sie Reparaturen korrekt und fehlerfrei durchf\u00fchren<\/strong>, mit unserer Software k\u00f6nnen Sie sensible Kundendaten risikolos verwalten und dank der Qualit\u00e4t unserer Ersatzteile und Reparaturger\u00e4te k\u00f6nnen Sie Ihre Arbeit auf die effektivste Weise ausf\u00fchren.<\/p>\n<p>Eine Akku austauschen, die Ersatzteile eines Smartphones korrekt zerlegen und zusammensetzen, Glasscherben ersetzen oder die Schutzfolie korrekt anbringen \u2013 dank der st\u00e4ndigen Online- und Offline-Schulungen der iRiparo Academy sind Sie in der Lage, dies mit den aktuellsten und angemessensten Verfahren in kurzer Zeit zu tun.<\/p>\n<\/div>\n<\/div>\n<p>[\/vc_column_text][vc_empty_space][vc_row_inner][vc_column_inner][vc_btn title=&#8220;INFORMATIONEN ANFORDERN&#8220; style=&#8220;flat&#8220; color=&#8220;sky&#8220; link=&#8220;url:https%3A%2F%2Firiparo.com%2Fde%2Ffranchise-verbindungen%2Feine-iriparo-ecke-oeffnen%23more-info|title:Maggiori%20informazioni&#8220; css=&#8220;.vc_custom_1633339709880{margin-top: 16px !important;margin-right: 16px !important;margin-bottom: 16px !important;}&#8220;][\/vc_column_inner][\/vc_row_inner][\/vc_column][\/vc_row][\/vc_section][vc_section full_width=&#8220;stretch_row&#8220; css=&#8220;.vc_custom_1630071922343{padding-top: 96px !important;padding-bottom: 96px !important;background-color: #f5f5f5 !important;}&#8220;][vc_row content_width=&#8220;grid&#8220; el_id=&#8220;more-info&#8220;][vc_column][vc_column_text]<\/p>\n<h3 style=\"text-align: center;\">Fordern Sie weitere Informationen \u00fcber das iRiparo-Franchise an, indem Sie das folgende Formular ausf\u00fcllen<\/h3>\n<p>[\/vc_column_text][vc_empty_space height=&#8220;15px&#8220;][vc_column_text]<\/p>\n<p style=\"text-align: center;\">Alle Felder m\u00fcssen ausgef\u00fcllt werden<\/p>\n<p>[\/vc_column_text][vc_empty_space height=&#8220;65px&#8220;][vc_column_text]\n<div class=\"wpcf7 no-js\" id=\"wpcf7-f160642-o1\" lang=\"it-IT\" dir=\"ltr\">\n<div class=\"screen-reader-response\"><p role=\"status\" aria-live=\"polite\" aria-atomic=\"true\"><\/p> <ul><\/ul><\/div>\n<form action=\"\/de\/wp-json\/wp\/v2\/pages\/160651#wpcf7-f160642-o1\" method=\"post\" class=\"wpcf7-form init wpcf7-acceptance-as-validation\" aria-label=\"Modulo di contatto\" novalidate=\"novalidate\" data-status=\"init\">\n<div style=\"display: none;\">\n<input type=\"hidden\" name=\"_wpcf7\" value=\"160642\" \/>\n<input type=\"hidden\" name=\"_wpcf7_version\" value=\"5.9.3\" \/>\n<input type=\"hidden\" name=\"_wpcf7_locale\" value=\"it_IT\" \/>\n<input type=\"hidden\" name=\"_wpcf7_unit_tag\" value=\"wpcf7-f160642-o1\" \/>\n<input type=\"hidden\" name=\"_wpcf7_container_post\" value=\"0\" \/>\n<input type=\"hidden\" name=\"_wpcf7_posted_data_hash\" value=\"\" \/>\n<input type=\"hidden\" name=\"_wpcf7cf_hidden_group_fields\" value=\"[]\" \/>\n<input type=\"hidden\" name=\"_wpcf7cf_hidden_groups\" value=\"[]\" \/>\n<input type=\"hidden\" name=\"_wpcf7cf_visible_groups\" value=\"[]\" \/>\n<input type=\"hidden\" name=\"_wpcf7cf_repeaters\" value=\"[]\" \/>\n<input type=\"hidden\" name=\"_wpcf7cf_steps\" value=\"{}\" \/>\n<input type=\"hidden\" name=\"_wpcf7cf_options\" value=\"{&quot;form_id&quot;:160642,&quot;conditions&quot;:[],&quot;settings&quot;:{&quot;animation&quot;:&quot;yes&quot;,&quot;animation_intime&quot;:200,&quot;animation_outtime&quot;:200,&quot;conditions_ui&quot;:&quot;normal&quot;,&quot;notice_dismissed&quot;:false,&quot;notice_dismissed_update-cf7-5.7.7&quot;:true}}\" \/>\n<input type=\"hidden\" name=\"_wpcf7_recaptcha_response\" value=\"\" \/>\n<\/div>\n<div class=\"col-md-4\">\n\t<p><label>Name und Familienname<\/label><br \/>\n<span class=\"wpcf7-form-control-wrap\" data-name=\"text-name\"><input size=\"40\" class=\"wpcf7-form-control wpcf7-text wpcf7-validates-as-required\" aria-required=\"true\" aria-invalid=\"false\" value=\"\" type=\"text\" name=\"text-name\" \/><\/span>\n\t<\/p>\n<\/div>\n<div class=\"col-md-4\">\n\t<p><label>E-Mail<\/label><br \/>\n<span class=\"wpcf7-form-control-wrap\" data-name=\"email-393\"><input size=\"40\" class=\"wpcf7-form-control wpcf7-email wpcf7-validates-as-required wpcf7-text wpcf7-validates-as-email\" aria-required=\"true\" aria-invalid=\"false\" value=\"\" type=\"email\" name=\"email-393\" \/><\/span>\n\t<\/p>\n<\/div>\n<div class=\"col-md-4\">\n\t<p><label>Telefon<\/label><br \/>\n<span class=\"wpcf7-form-control-wrap\" data-name=\"text-phone\"><input size=\"40\" class=\"wpcf7-form-control wpcf7-text wpcf7-validates-as-required\" aria-required=\"true\" aria-invalid=\"false\" value=\"\" type=\"text\" name=\"text-phone\" \/><\/span>\n\t<\/p>\n<\/div>\n<div class=\"col-md-4\">\n\t<p><label class=\"qodef-input-title\">Stadt<\/label><br \/>\n<span class=\"wpcf7-form-control-wrap\" data-name=\"text-city\"><input size=\"40\" class=\"wpcf7-form-control wpcf7-text wpcf7-validates-as-required\" aria-required=\"true\" aria-invalid=\"false\" value=\"\" type=\"text\" name=\"text-city\" \/><\/span>\n\t<\/p>\n<\/div>\n<div class=\"col-md-4\">\n\t<p><label class=\"qodef-input-title\">Stadt<\/label><br \/>\n<span class=\"wpcf7-form-control-wrap\" data-name=\"text-province\"><input size=\"40\" class=\"wpcf7-form-control wpcf7-text wpcf7-validates-as-required\" aria-required=\"true\" aria-invalid=\"false\" value=\"\" type=\"text\" name=\"text-province\" \/><\/span>\n\t<\/p>\n<\/div>\n<div class=\"col-md-4\">\n\t<p><label class=\"qodef-input-title\">POSTLEITZAHL<\/label><br \/>\n<span class=\"wpcf7-form-control-wrap\" data-name=\"number-zip\"><input size=\"40\" class=\"wpcf7-form-control wpcf7-text wpcf7-validates-as-required\" aria-required=\"true\" aria-invalid=\"false\" value=\"\" type=\"text\" name=\"number-zip\" \/><\/span>\n\t<\/p>\n<\/div>\n<div class=\"col-md-4\">\n\t<p><span class=\"qodef-input-title\">Geografisches Interessengebiet<\/span><br \/>\n<span class=\"wpcf7-form-control-wrap\" data-name=\"text-area\"><input size=\"40\" class=\"wpcf7-form-control wpcf7-text wpcf7-validates-as-required\" aria-required=\"true\" aria-invalid=\"false\" value=\"\" type=\"text\" name=\"text-area\" \/><\/span>\n\t<\/p>\n<\/div>\n<div class=\"col-md-12\">\n\t<p><span class=\"qodef-input-title\">Nachricht<\/span><br \/>\n<span class=\"wpcf7-form-control-wrap\" data-name=\"textarea-message\"><textarea cols=\"40\" rows=\"10\" class=\"wpcf7-form-control wpcf7-textarea wpcf7-validates-as-required\" aria-required=\"true\" aria-invalid=\"false\" name=\"textarea-message\"><\/textarea><\/span>\n\t<\/p>\n<\/div>\n<div class=\"col-md-12 privacy-acceptance\">\n\t<p><span class=\"wpcf7-form-control-wrap\" data-name=\"acceptance-privacy\"><span class=\"wpcf7-form-control wpcf7-acceptance\"><span class=\"wpcf7-list-item input-checkbox\"><label><\/label><input type=\"checkbox\" name=\"acceptance-privacy\" value=\"1\" aria-invalid=\"false\" \/><\/span><\/span><\/span><strong>Akzeptanz der Privatsph\u00e4re<\/strong>. In \u00dcbereinstimmung mit dem Schutz der Privatsph\u00e4re und dem Respekt vor sensiblen Daten wird garantiert, dass keine pers\u00f6nlich \u00fcbermittelten Daten an Dritte weitergegeben werden. Inhaber der Verarbeitung personenbezogener Daten ist das iRiparo Head Office mit Sitz in Castel Bolognese (RA), via Emilia Ponente n. 355, welches im Einklang mit den Bestimmungen der GDPR EU Datenschutzverordnung 2016\/679 garantiert, dass die Verarbeitung der pers\u00f6nlichen Daten unter Ber\u00fccksichtigung der grundlegenden Rechte und Freiheiten sowie der W\u00fcrde des Betroffenen mit besonderem Bezug auf die Geheimhaltung, die pers\u00f6nliche Identit\u00e4t und das Recht auf Schutz der pers\u00f6nlichen Daten erfolgt.<br \/>\nVor diesem grund erkl\u00e4ren Sie sich durch Klicken auf die Schaltfl\u00e4che \"Senden\" mit der Verarbeitung, Speicherung und \u00dcbermittlung Ihrer Daten in der gesetzlich vorgeschriebenen Weise einverstanden. Sie k\u00f6nnen die Verwendung Ihrer pers\u00f6nlichen Daten jederzeit widerrufen, indem Sie eine E-Mail an <a href=\"mailto:privacy@iriparo.com\" target=\"_blank\">privacy@iriparo.com schreiben.<br \/>\n<\/a>\n\t<\/p>\n<\/div>\n<div>\n\n<\/div>\n<div>\n\t<p><input class=\"wpcf7-form-control wpcf7-submit has-spinner btn btn--primary\" type=\"submit\" value=\"Anfrage senden\" \/>\n\t<\/p>\n<\/div><input type='hidden' class='wpcf7-pum' value='{\"closepopup\":false,\"closedelay\":0,\"openpopup\":false,\"openpopup_id\":0}' \/><div class=\"wpcf7-response-output\" aria-hidden=\"true\"><\/div>\n<\/form>\n<\/div>\n[\/vc_column_text][\/vc_column][\/vc_row][\/vc_section][vc_row][vc_column][vc_raw_js]JTNDc2NyaXB0JTIwdHlwZSUzRCUyMnRleHQlMkZqYXZhc2NyaXB0JTIyJTNFJTBBZG9jdW1lbnQuYWRkRXZlbnRMaXN0ZW5lciUyOCUyMCUyN3dwY2Y3bWFpbHNlbnQlMjclMkMlMjBmdW5jdGlvbiUyOCUyMGV2ZW50JTIwJTI5JTIwJTdCJTBBJTIwJTIwJTIwJTIwbG9jYXRpb24lMjAlM0QlMjAlMjclMkZncmF6aWUtcGVyLWF2ZXJjaS1jb250YXR0YXRvJTI3JTNCJTBBJTdEJTJDJTIwZmFsc2UlMjAlMjklM0IlMEElMEFqUXVlcnklMjhmdW5jdGlvbiUyOCUyOSU3QiUwQSUyMCUyMGpRdWVyeSUyOCUyN2ElNUJocmVmJTNEJTIyJTIzbW9yZS1pbmZvJTIyJTVEJTI3JTI5LmNsaWNrJTI4ZnVuY3Rpb24lMjhlJTI5JTdCJTBBJTIwJTIwJTIwJTIwZS5wcmV2ZW50RGVmYXVsdCUyOCUyOSUzQiUwQSUyMCUyMCUyMCUyMGpRdWVyeSUyOCUyN2h0bWwlMkMlMjBib2R5JTI3JTI5LmFuaW1hdGUlMjglN0IlMEElMDlzY3JvbGxUb3AlM0ElMjBqUXVlcnklMjglMjIlMjNtb3JlLWluZm8lMjIlMjkub2Zmc2V0JTI4JTI5LnRvcC0xMCUwQSU3RCUyQyUyMDEwMDAlMjklM0IlMEElN0QlMjklM0IlMDklMEElN0QlMjklM0IlMjAlM0MlMkZzY3JpcHQlM0U=[\/vc_raw_js][\/vc_column][\/vc_row]<\/p>\n<\/section>","protected":false},"excerpt":{"rendered":"<p>[vc_row full_width=&#8220;stretch_row&#8220;][vc_column][\/vc_column][\/vc_row][vc_section][vc_row][vc_column width=&#8220;1\/3&#8243;][vc_single_image image=&#8220;207079&#8243; img_size=&#8220;full&#8220; alignment=&#8220;center&#8220;][\/vc_column][vc_column width=&#8220;2\/3&#8243;][vc_column_text] Steigern Sie Ihren Verdienst [\/vc_column_text][vc_empty_space][vc_column_text]Wenn Sie bereits ein Unternehmen besitzen und Ihren Verdienst steigern m\u00f6chten,&#8230;<\/p>\n","protected":false},"author":2,"featured_media":0,"parent":0,"menu_order":0,"comment_status":"closed","ping_status":"closed","template":"","meta":{"footnotes":""},"_links":{"self":[{"href":"https:\/\/iriparo.com\/de\/wp-json\/wp\/v2\/pages\/160651"}],"collection":[{"href":"https:\/\/iriparo.com\/de\/wp-json\/wp\/v2\/pages"}],"about":[{"href":"https:\/\/iriparo.com\/de\/wp-json\/wp\/v2\/types\/page"}],"author":[{"embeddable":true,"href":"https:\/\/iriparo.com\/de\/wp-json\/wp\/v2\/users\/2"}],"replies":[{"embeddable":true,"href":"https:\/\/iriparo.com\/de\/wp-json\/wp\/v2\/comments?post=160651"}],"version-history":[{"count":0,"href":"https:\/\/iriparo.com\/de\/wp-json\/wp\/v2\/pages\/160651\/revisions"}],"wp:attachment":[{"href":"https:\/\/iriparo.com\/de\/wp-json\/wp\/v2\/media?parent=160651"}],"curies":[{"name":"wp","href":"https:\/\/api.w.org\/{rel}","templated":true}]}}