{"id":160658,"date":"2019-11-21T17:11:32","date_gmt":"2019-11-21T16:11:32","guid":{"rendered":"https:\/\/iriparo.com\/?page_id=160658"},"modified":"2021-10-04T11:46:27","modified_gmt":"2021-10-04T09:46:27","slug":"einen-iriparo-shop-eroeffnen","status":"publish","type":"page","link":"https:\/\/iriparo.com\/de\/einen-iriparo-shop-eroeffnen\/","title":{"rendered":"Einen iRiparo-Shop er\u00f6ffnen"},"content":{"rendered":"<section class=\"wpb-content-wrapper\"><p>[vc_row full_width=&#8220;stretch_row&#8220;][vc_column]\n\t\t\t<section class=\"imagebg parallax \" data-overlay=\"3\" >\n\t\t\t\t<div class=\"background-image-holder\"><img loading=\"lazy\" decoding=\"async\" width=\"1920\" height=\"700\" src=\"https:\/\/iriparo.com\/wp-content\/uploads\/2021\/08\/franchise-contact-iriparo.jpg\" class=\"attachment-full size-full\" alt=\"affiliazioni franchising iriparo\" srcset=\"https:\/\/iriparo.com\/wp-content\/uploads\/2021\/08\/franchise-contact-iriparo.jpg 1920w, https:\/\/iriparo.com\/wp-content\/uploads\/2021\/08\/franchise-contact-iriparo-500x182.jpg 500w, https:\/\/iriparo.com\/wp-content\/uploads\/2021\/08\/franchise-contact-iriparo-700x255.jpg 700w, https:\/\/iriparo.com\/wp-content\/uploads\/2021\/08\/franchise-contact-iriparo-300x109.jpg 300w, https:\/\/iriparo.com\/wp-content\/uploads\/2021\/08\/franchise-contact-iriparo-1024x373.jpg 1024w, https:\/\/iriparo.com\/wp-content\/uploads\/2021\/08\/franchise-contact-iriparo-768x280.jpg 768w, https:\/\/iriparo.com\/wp-content\/uploads\/2021\/08\/franchise-contact-iriparo-1536x560.jpg 1536w\" sizes=\"(max-width: 1920px) 100vw, 1920px\" \/><\/div>\n\t\t\t\t<div class=\"container\">\n\t\t\t\t\t<div class=\"row\">\n\t\t\t\t\t\t<div class=\"col-sm-12\">\n\t\t\t\t\t\t\t<div class=\"cta\">\n\t\t\t\t\t\t\t\t[vc_column_text]<\/p>\n<h1 class=\"title-white\">Einen iRiparo-Shop er\u00f6ffnen<\/h1>\n<h3 class=\"title-white\">Werden Sie Spezialist<\/h3>\n<p>[\/vc_column_text]\n\t\t\t\t\t\t\t<\/div>\n\t\t\t\t\t\t<\/div>\n\t\t\t\t\t<\/div><!--end of row-->\n\t\t\t\t<\/div><!--end of container-->\n\t\t\t\t\n\t\t\t<\/section>\n\t\t[\/vc_column][\/vc_row][vc_section][vc_row][vc_column width=&#8220;1\/3&#8243;][vc_single_image image=&#8220;207107&#8243; img_size=&#8220;full&#8220; alignment=&#8220;center&#8220;][\/vc_column][vc_column width=&#8220;2\/3&#8243;][vc_column_text]<\/p>\n<h3>Warum ein iRiparo-Gesch\u00e4ft er\u00f6ffnen?<\/h3>\n<p>[\/vc_column_text][vc_empty_space][vc_column_text]Die Er\u00f6ffnung eines Franchising-Gesch\u00e4fts ist eine gewinnbringende L\u00f6sung f\u00fcr diejenigen, die ein eigenes Unternehmen gr\u00fcnden wollen, und erm\u00f6glicht es Ihnen, von Anfang an von den F\u00e4higkeiten, Erfahrungen, Produkten und Dienstleistungen zu profitieren, die direkt von der Muttergesellschaft angeboten werden. Eine Marke und eine Marke, die bereits bekannt sind, und, wenn der Franchise-Geber ein seri\u00f6ses und stabiles Unternehmen wie iRiparo ist, die Unterst\u00fctzung von Fachpersonal vom ersten Tag an.<\/p>\n<p>Die Er\u00f6ffnung eines iRiparo-Gesch\u00e4fts bietet zus\u00e4tzlich zu den \u00fcblicheren Unterst\u00fctzungen auch Spezifikationen und gr\u00f6\u00dfere Erfolgsgarantien. Wir k\u00fcmmern uns um<span>\u00a0<\/span><strong>Reparaturen von iPhones, Smartphones und Tablets<\/strong><span>\u00a0<\/span>bei 360 Grad, und diese<span>\u00a0<\/span><strong>Aktionsart<\/strong><span>\u00a0<\/span>ist von Natur aus nicht daf\u00fcr gedacht, gro\u00dfen Einzelh\u00e4ndlern und der Konkurrenz von Online-Verk\u00e4ufen gegen\u00fcberzutreten. Der Mobiltelefonreparatursektor w\u00e4chst von Jahr zu Jahr exponentiell und ununterbrochen.<\/p>\n<p><strong>iRiparo ist die Kette von Franchise-Gesch\u00e4ften, die sich mit der Reparatur von Mobilfunkger\u00e4ten besch\u00e4ftigen, die Nummer Eins in Italien<\/strong>. Seit 2017 geh\u00f6rt es zur Prink Spa Group und ist ein strategischer und operativer Partner der Nummer eins der Telefonreparaturwerkst\u00e4ttenkette in den Vereinigten Staaten, Cell Phone Repair.[\/vc_column_text][vc_empty_space][vc_row_inner][vc_column_inner][vc_btn title=&#8220;INFORMATIONEN ANFORDERN&#8220; style=&#8220;flat&#8220; color=&#8220;sky&#8220; link=&#8220;url:https%3A%2F%2Firiparo.com%2Fde%2Ffranchise-verbindungen%2Feinen-iriparo-shop-eroeffnen%23more-info|title:Maggiori%20informazioni&#8220; css=&#8220;.vc_custom_1633340690860{margin-top: 16px !important;margin-right: 16px !important;margin-bottom: 16px !important;}&#8220;][\/vc_column_inner][\/vc_row_inner][\/vc_column][\/vc_row][\/vc_section][vc_section full_width=&#8220;stretch_row&#8220; css=&#8220;.vc_custom_1630073945084{padding-top: 96px !important;padding-bottom: 96px !important;background-color: #f5f5f5 !important;}&#8220;][vc_row][vc_column width=&#8220;2\/3&#8243;][vc_column_text]<\/p>\n<h3>Wie man einen iRiparo-Shop er\u00f6ffnet<\/h3>\n<p>[\/vc_column_text][vc_empty_space][vc_column_text]Um einen iRiparo<span>\u00a0<\/span><strong>Laden zu er\u00f6ffnen, muss man nicht unbedingt<span>\u00a0<\/span><\/strong>bereits ein<span>\u00a0<\/span><strong>Experte auf diesem Gebiet<\/strong><span>\u00a0<\/span>sein, aber es ist notwendig<span>\u00a0<\/span><strong>eine Leidenschaft f\u00fcr den Telefonie-Sektor, eine gute Geschicklichkeit<\/strong><span>\u00a0<\/span>und eine positive<span>\u00a0<\/span><strong>Bereitschaft f\u00fcr den Kontakt mit dem Publikum<\/strong><span>\u00a0<\/span>zu haben.<\/p>\n<p>Die Anfangsinvestition ist gering. Sie k\u00f6nnen Ihr iRiparo \u201eschl\u00fcsselfertiges\u201c Gesch\u00e4ft ab 20.000,00 \u20ac er\u00f6ffnen. Diese indikative Zahl umfasst die Vorbereitung der R\u00e4umlichkeiten, die Beschilderung und Schaufensterauslagen, die Erstausbildung (und anschlie\u00dfende Ausbildung), die Managementsysteme und vieles mehr. Die iRiparo-Gesch\u00e4fte bieten neben dem Reparaturservice f\u00fcr Smartphone Tablet auch gebrauchte und wiederaufbereitete iPhones und Smartphones, Telefonzubeh\u00f6r und Dienstleistungen rund um die Welt der Mobiltelefonie an.<\/p>\n<p>Jedes iRiparo-Gesch\u00e4ft erh\u00e4lt seinen eigenen exklusiven Zust\u00e4ndigkeitsbereich. F\u00fcllen Sie das FORMULAR aus, um mit uns die Ihrem Wohnort n\u00e4chstgelegene Freizone zu erfragen. Die Mitarbeiter von iRiparo unterst\u00fctzen Sie von Anfang an bei der Suche nach dem am besten geeigneten Gesch\u00e4ft f\u00fcr unsere Art von T\u00e4tigkeit.[\/vc_column_text][vc_empty_space][vc_row_inner][vc_column_inner][vc_btn title=&#8220;INFORMATIONEN ANFORDERN&#8220; style=&#8220;flat&#8220; color=&#8220;sky&#8220; link=&#8220;url:https%3A%2F%2Firiparo.com%2Fde%2Ffranchise-verbindungen%2Feinen-iriparo-shop-eroeffnen%23more-info|title:Maggiori%20informazioni&#8220; css=&#8220;.vc_custom_1633340690860{margin-top: 16px !important;margin-right: 16px !important;margin-bottom: 16px !important;}&#8220;][\/vc_column_inner][\/vc_row_inner][\/vc_column][vc_column width=&#8220;1\/3&#8243;][vc_single_image image=&#8220;207116&#8243; img_size=&#8220;full&#8220; alignment=&#8220;center&#8220;][\/vc_column][\/vc_row][\/vc_section][vc_section css=&#8220;.vc_custom_1630074073341{padding-top: 96px !important;padding-bottom: 96px !important;}&#8220;][vc_row][vc_column width=&#8220;1\/3&#8243;][vc_single_image image=&#8220;207127&#8243; img_size=&#8220;full&#8220; alignment=&#8220;center&#8220;][\/vc_column][vc_column width=&#8220;2\/3&#8243;][vc_column_text]<\/p>\n<h3>Unterst\u00fctzung f\u00fcr unsere Mitgliedsorganisationen<\/h3>\n<p>[\/vc_column_text][vc_empty_space][vc_column_text]Die Unterst\u00fctzung und die Konfrontation mit unseren Mitgliedsorganisationen ist konstant und dauerhaft.<span>\u00a0<\/span><strong>Wenn Sie ein Gesch\u00e4ft er\u00f6ffnen<\/strong><span>\u00a0<\/span>im Franchising<span>\u00a0<\/span><strong>werden Sie Teil einer gro\u00dfen Familie und werden<\/strong><span>\u00a0<\/span>in kurzer Zeit<span>\u00a0<\/span><strong>ein zertifizierter und vorbereiteter Fachtechniker<\/strong>.<\/p>\n<p>Die Welt der Handy-Reparatur ist in st\u00e4ndiger Ver\u00e4nderung begriffen, und es ist notwendig, sie h\u00e4ufig, unabh\u00e4ngig und \u00fcber die \u201eiRiparo Business Academy\u201c, die kostenlose E-Learning-Schule, die der Franchisegeber seinen Partnern zur Verf\u00fcgung stellt und die eine gro\u00dfe und aktualisierte Anzahl von Schulungskursen umfasst, zu aktualisieren.<\/p>\n<p>Zus\u00e4tzlich zum technischen Schulungsteil erhalten Sie lokale und nationale Handels- und Marketingunterst\u00fctzung und Sie k\u00f6nnen die von der Muttergesellschaft begonnenen Aktivit\u00e4ten an Ihr Gebiet anpassen. Das Er\u00f6ffnen eines iRiparo-Gesch\u00e4fts erm\u00f6glicht es Ihnen,<span>\u00a0<\/span><strong>Ihr eigenes<span>\u00a0<\/span><\/strong>aufzubauen,<span>\u00a0<\/span><strong>ein g\u00fcnstiges Franchise<\/strong><span>\u00a0<\/span>zu er\u00f6ffnen und gleichzeitig<span>\u00a0<\/span><strong>kreditieren<\/strong><span>\u00a0<\/span>und sich nie einsam zu f\u00fchlen. Rufen Sie uns an oder f\u00fcllen Sie das FORMULAR aus, wir erkl\u00e4ren Ihnen im Detail die Unterst\u00fctzung, die iRiparo seinem Vertriebsnetz bietet.[\/vc_column_text][vc_empty_space][vc_row_inner][vc_column_inner][vc_btn title=&#8220;INFORMATIONEN ANFORDERN&#8220; style=&#8220;flat&#8220; color=&#8220;sky&#8220; link=&#8220;url:https%3A%2F%2Firiparo.com%2Fde%2Ffranchise-verbindungen%2Feinen-iriparo-shop-eroeffnen%23more-info|title:Maggiori%20informazioni&#8220; css=&#8220;.vc_custom_1633340690860{margin-top: 16px !important;margin-right: 16px !important;margin-bottom: 16px !important;}&#8220;][\/vc_column_inner][\/vc_row_inner][\/vc_column][\/vc_row][\/vc_section][vc_section full_width=&#8220;stretch_row&#8220; css=&#8220;.vc_custom_1630074248691{padding-top: 96px !important;padding-bottom: 96px !important;background-color: #f5f5f5 !important;}&#8220;][vc_row content_width=&#8220;grid&#8220; el_id=&#8220;more-info&#8220;][vc_column][vc_column_text]<\/p>\n<h3 style=\"text-align: center;\">Fordern Sie weitere Informationen \u00fcber das iRiparo-Franchise an, indem Sie das folgende Formular ausf\u00fcllen<\/h3>\n<p>[\/vc_column_text][vc_empty_space height=&#8220;16px&#8220;][vc_column_text]<\/p>\n<p style=\"text-align: center;\">Alle Felder m\u00fcssen ausgef\u00fcllt werden<\/p>\n<p>[\/vc_column_text][vc_empty_space][vc_column_text]\n<div class=\"wpcf7 no-js\" id=\"wpcf7-f160642-o1\" lang=\"it-IT\" dir=\"ltr\">\n<div class=\"screen-reader-response\"><p role=\"status\" aria-live=\"polite\" aria-atomic=\"true\"><\/p> <ul><\/ul><\/div>\n<form action=\"\/de\/wp-json\/wp\/v2\/pages\/160658#wpcf7-f160642-o1\" method=\"post\" class=\"wpcf7-form init wpcf7-acceptance-as-validation\" aria-label=\"Modulo di contatto\" novalidate=\"novalidate\" data-status=\"init\">\n<div style=\"display: none;\">\n<input type=\"hidden\" name=\"_wpcf7\" value=\"160642\" \/>\n<input type=\"hidden\" name=\"_wpcf7_version\" value=\"5.9.3\" \/>\n<input type=\"hidden\" name=\"_wpcf7_locale\" value=\"it_IT\" \/>\n<input type=\"hidden\" name=\"_wpcf7_unit_tag\" value=\"wpcf7-f160642-o1\" \/>\n<input type=\"hidden\" name=\"_wpcf7_container_post\" value=\"0\" \/>\n<input type=\"hidden\" name=\"_wpcf7_posted_data_hash\" value=\"\" \/>\n<input type=\"hidden\" name=\"_wpcf7cf_hidden_group_fields\" value=\"[]\" \/>\n<input type=\"hidden\" name=\"_wpcf7cf_hidden_groups\" value=\"[]\" \/>\n<input type=\"hidden\" name=\"_wpcf7cf_visible_groups\" value=\"[]\" \/>\n<input type=\"hidden\" name=\"_wpcf7cf_repeaters\" value=\"[]\" \/>\n<input type=\"hidden\" name=\"_wpcf7cf_steps\" value=\"{}\" \/>\n<input type=\"hidden\" name=\"_wpcf7cf_options\" value=\"{&quot;form_id&quot;:160642,&quot;conditions&quot;:[],&quot;settings&quot;:{&quot;animation&quot;:&quot;yes&quot;,&quot;animation_intime&quot;:200,&quot;animation_outtime&quot;:200,&quot;conditions_ui&quot;:&quot;normal&quot;,&quot;notice_dismissed&quot;:false,&quot;notice_dismissed_update-cf7-5.7.7&quot;:true}}\" \/>\n<input type=\"hidden\" name=\"_wpcf7_recaptcha_response\" value=\"\" \/>\n<\/div>\n<div class=\"col-md-4\">\n\t<p><label>Name und Familienname<\/label><br \/>\n<span class=\"wpcf7-form-control-wrap\" data-name=\"text-name\"><input size=\"40\" class=\"wpcf7-form-control wpcf7-text wpcf7-validates-as-required\" aria-required=\"true\" aria-invalid=\"false\" value=\"\" type=\"text\" name=\"text-name\" \/><\/span>\n\t<\/p>\n<\/div>\n<div class=\"col-md-4\">\n\t<p><label>E-Mail<\/label><br \/>\n<span class=\"wpcf7-form-control-wrap\" data-name=\"email-393\"><input size=\"40\" class=\"wpcf7-form-control wpcf7-email wpcf7-validates-as-required wpcf7-text wpcf7-validates-as-email\" aria-required=\"true\" aria-invalid=\"false\" value=\"\" type=\"email\" name=\"email-393\" \/><\/span>\n\t<\/p>\n<\/div>\n<div class=\"col-md-4\">\n\t<p><label>Telefon<\/label><br \/>\n<span class=\"wpcf7-form-control-wrap\" data-name=\"text-phone\"><input size=\"40\" class=\"wpcf7-form-control wpcf7-text wpcf7-validates-as-required\" aria-required=\"true\" aria-invalid=\"false\" value=\"\" type=\"text\" name=\"text-phone\" \/><\/span>\n\t<\/p>\n<\/div>\n<div class=\"col-md-4\">\n\t<p><label class=\"qodef-input-title\">Stadt<\/label><br \/>\n<span class=\"wpcf7-form-control-wrap\" data-name=\"text-city\"><input size=\"40\" class=\"wpcf7-form-control wpcf7-text wpcf7-validates-as-required\" aria-required=\"true\" aria-invalid=\"false\" value=\"\" type=\"text\" name=\"text-city\" \/><\/span>\n\t<\/p>\n<\/div>\n<div class=\"col-md-4\">\n\t<p><label class=\"qodef-input-title\">Stadt<\/label><br \/>\n<span class=\"wpcf7-form-control-wrap\" data-name=\"text-province\"><input size=\"40\" class=\"wpcf7-form-control wpcf7-text wpcf7-validates-as-required\" aria-required=\"true\" aria-invalid=\"false\" value=\"\" type=\"text\" name=\"text-province\" \/><\/span>\n\t<\/p>\n<\/div>\n<div class=\"col-md-4\">\n\t<p><label class=\"qodef-input-title\">POSTLEITZAHL<\/label><br \/>\n<span class=\"wpcf7-form-control-wrap\" data-name=\"number-zip\"><input size=\"40\" class=\"wpcf7-form-control wpcf7-text wpcf7-validates-as-required\" aria-required=\"true\" aria-invalid=\"false\" value=\"\" type=\"text\" name=\"number-zip\" \/><\/span>\n\t<\/p>\n<\/div>\n<div class=\"col-md-4\">\n\t<p><span class=\"qodef-input-title\">Geografisches Interessengebiet<\/span><br \/>\n<span class=\"wpcf7-form-control-wrap\" data-name=\"text-area\"><input size=\"40\" class=\"wpcf7-form-control wpcf7-text wpcf7-validates-as-required\" aria-required=\"true\" aria-invalid=\"false\" value=\"\" type=\"text\" name=\"text-area\" \/><\/span>\n\t<\/p>\n<\/div>\n<div class=\"col-md-12\">\n\t<p><span class=\"qodef-input-title\">Nachricht<\/span><br \/>\n<span class=\"wpcf7-form-control-wrap\" data-name=\"textarea-message\"><textarea cols=\"40\" rows=\"10\" class=\"wpcf7-form-control wpcf7-textarea wpcf7-validates-as-required\" aria-required=\"true\" aria-invalid=\"false\" name=\"textarea-message\"><\/textarea><\/span>\n\t<\/p>\n<\/div>\n<div class=\"col-md-12 privacy-acceptance\">\n\t<p><span class=\"wpcf7-form-control-wrap\" data-name=\"acceptance-privacy\"><span class=\"wpcf7-form-control wpcf7-acceptance\"><span class=\"wpcf7-list-item input-checkbox\"><label><\/label><input type=\"checkbox\" name=\"acceptance-privacy\" value=\"1\" aria-invalid=\"false\" \/><\/span><\/span><\/span><strong>Akzeptanz der Privatsph\u00e4re<\/strong>. In \u00dcbereinstimmung mit dem Schutz der Privatsph\u00e4re und dem Respekt vor sensiblen Daten wird garantiert, dass keine pers\u00f6nlich \u00fcbermittelten Daten an Dritte weitergegeben werden. Inhaber der Verarbeitung personenbezogener Daten ist das iRiparo Head Office mit Sitz in Castel Bolognese (RA), via Emilia Ponente n. 355, welches im Einklang mit den Bestimmungen der GDPR EU Datenschutzverordnung 2016\/679 garantiert, dass die Verarbeitung der pers\u00f6nlichen Daten unter Ber\u00fccksichtigung der grundlegenden Rechte und Freiheiten sowie der W\u00fcrde des Betroffenen mit besonderem Bezug auf die Geheimhaltung, die pers\u00f6nliche Identit\u00e4t und das Recht auf Schutz der pers\u00f6nlichen Daten erfolgt.<br \/>\nVor diesem grund erkl\u00e4ren Sie sich durch Klicken auf die Schaltfl\u00e4che \"Senden\" mit der Verarbeitung, Speicherung und \u00dcbermittlung Ihrer Daten in der gesetzlich vorgeschriebenen Weise einverstanden. Sie k\u00f6nnen die Verwendung Ihrer pers\u00f6nlichen Daten jederzeit widerrufen, indem Sie eine E-Mail an <a href=\"mailto:privacy@iriparo.com\" target=\"_blank\">privacy@iriparo.com schreiben.<br \/>\n<\/a>\n\t<\/p>\n<\/div>\n<div>\n\n<\/div>\n<div>\n\t<p><input class=\"wpcf7-form-control wpcf7-submit has-spinner btn btn--primary\" type=\"submit\" value=\"Anfrage senden\" \/>\n\t<\/p>\n<\/div><input type='hidden' class='wpcf7-pum' value='{\"closepopup\":false,\"closedelay\":0,\"openpopup\":false,\"openpopup_id\":0}' \/><div class=\"wpcf7-response-output\" aria-hidden=\"true\"><\/div>\n<\/form>\n<\/div>\n<br \/>\n[\/vc_column_text][\/vc_column][\/vc_row][\/vc_section][vc_row][vc_column][vc_raw_js]JTNDc2NyaXB0JTIwdHlwZSUzRCUyMnRleHQlMkZqYXZhc2NyaXB0JTIyJTNFJTBBZG9jdW1lbnQuYWRkRXZlbnRMaXN0ZW5lciUyOCUyMCUyN3dwY2Y3bWFpbHNlbnQlMjclMkMlMjBmdW5jdGlvbiUyOCUyMGV2ZW50JTIwJTI5JTIwJTdCJTBBJTIwJTIwJTIwJTIwbG9jYXRpb24lMjAlM0QlMjAlMjclMkZncmF6aWUtcGVyLWF2ZXJjaS1jb250YXR0YXRvJTI3JTNCJTBBJTdEJTJDJTIwZmFsc2UlMjAlMjklM0IlMEElMEFqUXVlcnklMjhmdW5jdGlvbiUyOCUyOSU3QiUwQSUyMCUyMGpRdWVyeSUyOCUyN2ElNUJocmVmJTNEJTIyJTIzbW9yZS1pbmZvJTIyJTVEJTI3JTI5LmNsaWNrJTI4ZnVuY3Rpb24lMjhlJTI5JTdCJTBBJTIwJTIwJTIwJTIwZS5wcmV2ZW50RGVmYXVsdCUyOCUyOSUzQiUwQSUyMCUyMCUyMCUyMGpRdWVyeSUyOCUyN2h0bWwlMkMlMjBib2R5JTI3JTI5LmFuaW1hdGUlMjglN0IlMEElMDlzY3JvbGxUb3AlM0ElMjBqUXVlcnklMjglMjIlMjNtb3JlLWluZm8lMjIlMjkub2Zmc2V0JTI4JTI5LnRvcC0xMCUwQSU3RCUyQyUyMDEwMDAlMjklM0IlMEElN0QlMjklM0IlMDklMEElN0QlMjklM0IlMjAlM0MlMkZzY3JpcHQlM0U=[\/vc_raw_js][\/vc_column][\/vc_row]<\/p>\n<\/section>","protected":false},"excerpt":{"rendered":"<p>[vc_row full_width=&#8220;stretch_row&#8220;][vc_column][\/vc_column][\/vc_row][vc_section][vc_row][vc_column width=&#8220;1\/3&#8243;][vc_single_image image=&#8220;207107&#8243; img_size=&#8220;full&#8220; alignment=&#8220;center&#8220;][\/vc_column][vc_column width=&#8220;2\/3&#8243;][vc_column_text] Warum ein iRiparo-Gesch\u00e4ft er\u00f6ffnen? [\/vc_column_text][vc_empty_space][vc_column_text]Die Er\u00f6ffnung eines Franchising-Gesch\u00e4fts ist eine gewinnbringende L\u00f6sung f\u00fcr diejenigen, die&#8230;<\/p>\n","protected":false},"author":2,"featured_media":0,"parent":0,"menu_order":0,"comment_status":"closed","ping_status":"closed","template":"","meta":{"footnotes":""},"_links":{"self":[{"href":"https:\/\/iriparo.com\/de\/wp-json\/wp\/v2\/pages\/160658"}],"collection":[{"href":"https:\/\/iriparo.com\/de\/wp-json\/wp\/v2\/pages"}],"about":[{"href":"https:\/\/iriparo.com\/de\/wp-json\/wp\/v2\/types\/page"}],"author":[{"embeddable":true,"href":"https:\/\/iriparo.com\/de\/wp-json\/wp\/v2\/users\/2"}],"replies":[{"embeddable":true,"href":"https:\/\/iriparo.com\/de\/wp-json\/wp\/v2\/comments?post=160658"}],"version-history":[{"count":0,"href":"https:\/\/iriparo.com\/de\/wp-json\/wp\/v2\/pages\/160658\/revisions"}],"wp:attachment":[{"href":"https:\/\/iriparo.com\/de\/wp-json\/wp\/v2\/media?parent=160658"}],"curies":[{"name":"wp","href":"https:\/\/api.w.org\/{rel}","templated":true}]}}