{"id":252386,"date":"2022-07-06T11:05:14","date_gmt":"2022-07-06T09:05:14","guid":{"rendered":"https:\/\/iriparo.com\/?page_id=252386"},"modified":"2022-07-06T11:08:20","modified_gmt":"2022-07-06T09:08:20","slug":"display-schutz-garantie","status":"publish","type":"page","link":"https:\/\/iriparo.com\/de\/display-schutz-garantie\/","title":{"rendered":"Display-Schutz-Garantie"},"content":{"rendered":"<section class=\"wpb-content-wrapper\"><p>[vc_row full_width=&#8220;stretch_row&#8220;][vc_column]\n\t\t\t<section class=\"imagebg parallax \" data-overlay=\"3\" >\n\t\t\t\t<div class=\"background-image-holder\"><img loading=\"lazy\" decoding=\"async\" width=\"1920\" height=\"700\" src=\"https:\/\/iriparo.com\/wp-content\/uploads\/2021\/09\/iriparo-protection-display-H-1.jpg\" class=\"attachment-full size-full\" alt=\"\" srcset=\"https:\/\/iriparo.com\/wp-content\/uploads\/2021\/09\/iriparo-protection-display-H-1.jpg 1920w, https:\/\/iriparo.com\/wp-content\/uploads\/2021\/09\/iriparo-protection-display-H-1-500x182.jpg 500w, https:\/\/iriparo.com\/wp-content\/uploads\/2021\/09\/iriparo-protection-display-H-1-700x255.jpg 700w, https:\/\/iriparo.com\/wp-content\/uploads\/2021\/09\/iriparo-protection-display-H-1-300x109.jpg 300w, https:\/\/iriparo.com\/wp-content\/uploads\/2021\/09\/iriparo-protection-display-H-1-1024x373.jpg 1024w, https:\/\/iriparo.com\/wp-content\/uploads\/2021\/09\/iriparo-protection-display-H-1-768x280.jpg 768w, https:\/\/iriparo.com\/wp-content\/uploads\/2021\/09\/iriparo-protection-display-H-1-1536x560.jpg 1536w\" sizes=\"(max-width: 1920px) 100vw, 1920px\" \/><\/div>\n\t\t\t\t<div class=\"container\">\n\t\t\t\t\t<div class=\"row\">\n\t\t\t\t\t\t<div class=\"col-sm-12\">\n\t\t\t\t\t\t\t<div class=\"cta\">\n\t\t\t\t\t\t\t\t[vc_column_text]<\/p>\n<h1 class=\"text-white\">Display-Schutz-Garantie<\/h1>\n<h3 class=\"text-white\">Sch\u00fctzen Sie Ihr Smartphone vor zuk\u00fcnftigen Displaybr\u00fcchen<\/h3>\n<p>[\/vc_column_text]\n\t\t\t\t\t\t\t<\/div>\n\t\t\t\t\t\t<\/div>\n\t\t\t\t\t<\/div><!--end of row-->\n\t\t\t\t<\/div><!--end of container-->\n\t\t\t\t\n\t\t\t<\/section>\n\t\t[\/vc_column][\/vc_row][vc_section][vc_row][vc_column width=&#8220;1\/2&#8243;][vc_column_text]<\/p>\n<h2>Vorbeugung vor Reparatur<\/h2>\n<p>[\/vc_column_text][vc_empty_space height=&#8220;16px&#8220;][vc_column_text]<\/p>\n<h4><strong>Mit iRiparo Protection Display erhalten Sie eine 10-monatige Garantie <\/strong> f\u00fcr versehentliche Sch\u00e4den an Ihrem Smartphone-Display, ab 18,90 \u20ac.<br \/>\nSie k\u00f6nnen die iRiparo-Garantie f\u00fcr jedes Smartphone- oder Tablet-Modell aktivieren, auch wenn es gebraucht, veraltet oder anderweitig gekauft ist. Wenn Sie Ihren Bildschirm zerbrechen, ist die Reparatur im iRiparo-Zentrum kostenlos!<br \/>\niRiparo Protection Display ist ein erweiterter Garantieservice (keine Versicherung), der von Garanzia3 angeboten wird und in allen iRiparo-Centern erworben werden kann!<\/h4>\n<p>[\/vc_column_text][\/vc_column][vc_column width=&#8220;1\/2&#8243;][vc_single_image image=&#8220;207605&#8243; img_size=&#8220;full&#8220; alignment=&#8220;center&#8220;][\/vc_column][\/vc_row][\/vc_section][vc_section css=&#8220;.vc_custom_1630940964761{padding-top: 96px !important;padding-bottom: 96px !important;background-color: #f5f5f5 !important;}&#8220;][vc_row][vc_column][vc_column_text]<\/p>\n<h3 class=\"text-center\">Einige Beispiele daf\u00fcr, wie viel Sie mit iRiparo Protection Display sparen k\u00f6nnen<\/h3>\n<p>[\/vc_column_text][vc_empty_space][vc_column_text]<\/p>\n<div class=\"qodef-service-table qodef-cols-3\">\n<div class=\"qodef-service-table-inner\">\n<table class=\"qodef-service-table-holder\">\n<thead>\n<tr>\n<th>Smartphone-Modell<\/th>\n<th>iRiparo Protection Display-Garantiekosten<\/th>\n<th>Kosten der Bildschirmreparatur<\/th>\n<th>Ersparnisse<\/th>\n<\/tr>\n<\/thead>\n<tbody>\n<tr>\n<td>Apple iPhone 12 Pro<\/td>\n<td>\u20ac68,90<\/td>\n<td>\u20ac249<\/td>\n<td>\u20ac180,10<\/td>\n<\/tr>\n<tr>\n<td>Samsung Galaxy S21 Ultra 5G<\/td>\n<td>\u20ac58,90<\/td>\n<td>\u20ac339<\/td>\n<td>\u20ac280,10<\/td>\n<\/tr>\n<tr>\n<td>Huawei P40<\/td>\n<td>\u20ac38,90<\/td>\n<td>\u20ac119<\/td>\n<td>\u20ac80,10<\/td>\n<\/tr>\n<\/tbody>\n<\/table>\n<\/div>\n<\/div>\n<p>[\/vc_column_text][vc_empty_space][vc_column_text]<\/p>\n<p class=\"text-center\"><span data-sheets-value=\"{&quot;1&quot;:2,&quot;2&quot;:&quot;iRiparo Protection Display ist ein von Garanzia3 angebotener Dienst. Bedingungen und Konditionen.&quot;}\" data-sheets-userformat=\"{&quot;2&quot;:513,&quot;3&quot;:{&quot;1&quot;:0},&quot;12&quot;:0}\">iRiparo Protection Display ist ein von Garanzia3 angebotener Dienst.<\/span>\u00a0<a href=\"https:\/\/iriparo.com\/wp-content\/uploads\/pdf\/REGOLAMENTO-iRIPARO-G3.pdf\" target=\"_blank\" rel=\"noopener\">Bedingungen und Konditionen<\/a>.<\/p>\n<p>[\/vc_column_text][\/vc_column][\/vc_row][\/vc_section][vc_section css=&#8220;.vc_custom_1630941101083{padding-top: 96px !important;padding-bottom: 96px !important;}&#8220;][vc_row][vc_column width=&#8220;1\/2&#8243;][vc_column_text]<\/p>\n<h3>Haben Sie bereits die iRiparo Protection Display Garantie erworben? Aktivieren Sie es!<\/h3>\n<p>[\/vc_column_text][vc_empty_space height=&#8220;16px&#8220;][vc_column_text]<\/p>\n<ol>\n<li>\u00dcberpr\u00fcfen Sie die E-Mail, die Sie zum Zeitpunkt des Kaufs hinterlassen haben. Dort erhalten Sie Ihren Zugangscode.<\/li>\n<li>Laden Sie die Warranty3 App herunter, registrieren Sie sich kostenlos und folgen Sie den Anweisungen.<\/li>\n<li>Laden Sie ein Foto des Telefondisplays hoch, um zu beweisen, dass das Display zum Zeitpunkt der Aktivierung nicht besch\u00e4digt war.<\/li>\n<\/ol>\n<p>[\/vc_column_text][vc_empty_space height=&#8220;8px&#8220;][vc_column_text]<\/p>\n<h5>Jetzt ist iRiparo Protection Display f\u00fcr zehn Monate aktiv.<\/h5>\n<p>[\/vc_column_text][vc_empty_space height=&#8220;16px&#8220;][vc_column_text]<\/p>\n<h6>APP HERUNTERLADEN:<\/h6>\n<p>[\/vc_column_text][vc_row_inner][vc_column_inner width=&#8220;1\/3&#8243; offset=&#8220;vc_col-xs-4&#8243;][vc_single_image image=&#8220;207563&#8243; img_size=&#8220;full&#8220;][\/vc_column_inner][vc_column_inner width=&#8220;1\/3&#8243; offset=&#8220;vc_col-xs-4&#8243;][vc_single_image image=&#8220;207571&#8243; img_size=&#8220;full&#8220;][\/vc_column_inner][vc_column_inner width=&#8220;1\/3&#8243; offset=&#8220;vc_col-xs-4&#8243;][vc_single_image image=&#8220;207579&#8243; img_size=&#8220;full&#8220;][\/vc_column_inner][\/vc_row_inner][vc_empty_space height=&#8220;16px&#8220;][\/vc_column][vc_column width=&#8220;1\/2&#8243;][vc_single_image image=&#8220;207587&#8243; img_size=&#8220;full&#8220; alignment=&#8220;center&#8220;][\/vc_column][\/vc_row][\/vc_section][vc_section full_width=&#8220;stretch_row&#8220; css=&#8220;.vc_custom_1630942254405{padding-top: 96px !important;padding-bottom: 96px !important;background-color: #f5f5f5 !important;}&#8220;][vc_row][vc_column][vc_column_text]<\/p>\n<h2 class=\"text-center\">Bildschirm kaputt und m\u00f6chten die Garantie in Anspruch nehmen?<\/h2>\n<p>[\/vc_column_text][vc_empty_space][vc_column_text]<\/p>\n<h5 class=\"text-center\">Senden Sie eine E-Mail an iriparo@garanzia3.it oder rufen Sie das Garanzia3-Callcenter unter der Nummer 800 090 737 an und befolgen Sie das Verfahren. Die Nummer ist von Montag bis Freitag von 10:00 bis 17:00 Uhr erreichbar.<\/h5>\n<p>[\/vc_column_text][vc_empty_space][vc_row_inner][vc_column_inner offset=&#8220;vc_col-xs-6&#8243;][vc_btn title=&#8220;Jetzt schreiben&#8220; style=&#8220;flat&#8220; color=&#8220;primary&#8220; align=&#8220;right&#8220; link=&#8220;url:mailto%3Airiparo%40garanzia3.it&#8220;][\/vc_column_inner][\/vc_row_inner][\/vc_column][\/vc_row][\/vc_section]<\/p>\n<\/section>","protected":false},"excerpt":{"rendered":"<p>[vc_row full_width=&#8220;stretch_row&#8220;][vc_column][\/vc_column][\/vc_row][vc_section][vc_row][vc_column width=&#8220;1\/2&#8243;][vc_column_text] Vorbeugung vor Reparatur [\/vc_column_text][vc_empty_space height=&#8220;16px&#8220;][vc_column_text] Mit iRiparo Protection Display erhalten Sie eine 10-monatige Garantie f\u00fcr versehentliche Sch\u00e4den an Ihrem&#8230;<\/p>\n","protected":false},"author":5,"featured_media":0,"parent":0,"menu_order":0,"comment_status":"closed","ping_status":"closed","template":"","meta":{"footnotes":""},"_links":{"self":[{"href":"https:\/\/iriparo.com\/de\/wp-json\/wp\/v2\/pages\/252386"}],"collection":[{"href":"https:\/\/iriparo.com\/de\/wp-json\/wp\/v2\/pages"}],"about":[{"href":"https:\/\/iriparo.com\/de\/wp-json\/wp\/v2\/types\/page"}],"author":[{"embeddable":true,"href":"https:\/\/iriparo.com\/de\/wp-json\/wp\/v2\/users\/5"}],"replies":[{"embeddable":true,"href":"https:\/\/iriparo.com\/de\/wp-json\/wp\/v2\/comments?post=252386"}],"version-history":[{"count":0,"href":"https:\/\/iriparo.com\/de\/wp-json\/wp\/v2\/pages\/252386\/revisions"}],"wp:attachment":[{"href":"https:\/\/iriparo.com\/de\/wp-json\/wp\/v2\/media?parent=252386"}],"curies":[{"name":"wp","href":"https:\/\/api.w.org\/{rel}","templated":true}]}}