{"id":252407,"date":"2022-07-06T12:16:42","date_gmt":"2022-07-06T10:16:42","guid":{"rendered":"https:\/\/iriparo.com\/?page_id=252407"},"modified":"2022-10-20T15:52:53","modified_gmt":"2022-10-20T13:52:53","slug":"telefonische-unterstuetzung-und-konfiguration-in-der-filiale","status":"publish","type":"page","link":"https:\/\/iriparo.com\/de\/telefonische-unterstuetzung-und-konfiguration-in-der-filiale\/","title":{"rendered":"Telefonische Unterst\u00fctzung und Konfiguration in der Filiale"},"content":{"rendered":"<section class=\"wpb-content-wrapper\"><p>[vc_row full_width=&#8220;stretch_row&#8220;][vc_column]\n\t\t\t<section class=\"imagebg parallax \" data-overlay=\"3\" >\n\t\t\t\t<div class=\"background-image-holder\"><img loading=\"lazy\" decoding=\"async\" width=\"1920\" height=\"700\" src=\"https:\/\/iriparo.com\/wp-content\/uploads\/2021\/09\/servizi-software-background-header-1.jpg\" class=\"attachment-full size-full\" alt=\"\" srcset=\"https:\/\/iriparo.com\/wp-content\/uploads\/2021\/09\/servizi-software-background-header-1.jpg 1920w, https:\/\/iriparo.com\/wp-content\/uploads\/2021\/09\/servizi-software-background-header-1-500x182.jpg 500w, https:\/\/iriparo.com\/wp-content\/uploads\/2021\/09\/servizi-software-background-header-1-700x255.jpg 700w, https:\/\/iriparo.com\/wp-content\/uploads\/2021\/09\/servizi-software-background-header-1-300x109.jpg 300w, https:\/\/iriparo.com\/wp-content\/uploads\/2021\/09\/servizi-software-background-header-1-1024x373.jpg 1024w, https:\/\/iriparo.com\/wp-content\/uploads\/2021\/09\/servizi-software-background-header-1-768x280.jpg 768w, https:\/\/iriparo.com\/wp-content\/uploads\/2021\/09\/servizi-software-background-header-1-1536x560.jpg 1536w\" sizes=\"(max-width: 1920px) 100vw, 1920px\" \/><\/div>\n\t\t\t\t<div class=\"container\">\n\t\t\t\t\t<div class=\"row\">\n\t\t\t\t\t\t<div class=\"col-sm-12\">\n\t\t\t\t\t\t\t<div class=\"cta\">\n\t\t\t\t\t\t\t\t[vc_column_text]<\/p>\n<h1 class=\"title-white\">Telefonische Unterst\u00fctzung und Konfiguration in der Filiale<\/h1>\n<h3 class=\"title-white\">F\u00fcr ein Ger\u00e4t, das immer auf dem neuesten Stand ist<\/h3>\n<p>[\/vc_column_text]\n\t\t\t\t\t\t\t<\/div>\n\t\t\t\t\t\t<\/div>\n\t\t\t\t\t<\/div><!--end of row-->\n\t\t\t\t<\/div><!--end of container-->\n\t\t\t\t\n\t\t\t<\/section>\n\t\t[\/vc_column][\/vc_row][vc_section][vc_row][vc_column][vc_column_text]<\/p>\n<h2 class=\"text-center\">Dank der Hilfe der iRiparo-Techniker k\u00f6nnen auch weniger erfahrene Nutzer ihr Smartphone oder Tablet auf den neuesten Stand bringen<\/h2>\n<p>[\/vc_column_text][vc_empty_space height=&#8220;64px&#8220;][vc_row_inner][vc_column_inner width=&#8220;1\/3&#8243;][vc_hoverbox image=&#8220;207844&#8243; primary_title=&#8220;&#8220; hover_title=&#8220;&#8220;]\u00dcbertragen von Kontakten aus dem Telefonbuch von einem Ger\u00e4t auf ein anderes, damit Sie Ihre gespeicherten Nummern nicht verlieren.[\/vc_hoverbox][vc_column_text]<\/p>\n<h3 class=\"text-center\">\u00dcbertragen von Adressbuchkontakten<\/h3>\n<p class=\"price\">9.90\u20ac<\/p>\n<p>[\/vc_column_text][\/vc_column_inner][vc_column_inner width=&#8220;1\/3&#8243;][vc_hoverbox image=&#8220;207852&#8243; primary_title=&#8220;&#8220; hover_title=&#8220;&#8220;]Speichern von Daten auf dem Ger\u00e4t oder \u00dcbertragen von Daten von einem Ger\u00e4t auf ein anderes. Small bis zu 2 Gb, Medium bis zu 5 Gb, Large bis zu 10 Gb und schlie\u00dflich XL \u00fcber 10 Gb.[\/vc_hoverbox][vc_column_text]<\/p>\n<h3 class=\"text-center\">Sicherung und Daten\u00fcbertragung<\/h3>\n<p class=\"price\">Von \u20ac19.90<\/p>\n<p>[\/vc_column_text][\/vc_column_inner][vc_column_inner width=&#8220;1\/3&#8243;][vc_hoverbox image=&#8220;207860&#8243; primary_title=&#8220;&#8220; hover_title=&#8220;&#8220;]Das Ger\u00e4t wird zur\u00fcckgesetzt und auf die Werksdaten zur\u00fcckgesetzt. Durch das Zur\u00fccksetzen werden keine Daten auf dem Ger\u00e4t gespeichert.[\/vc_hoverbox][vc_column_text]<\/p>\n<h3 class=\"text-center\">Wiederherstellen ohne Daten<\/h3>\n<p class=\"price\">9.90\u20ac<\/p>\n<p>[\/vc_column_text][\/vc_column_inner][\/vc_row_inner][vc_empty_space][vc_row_inner][vc_column_inner width=&#8220;1\/3&#8243;][vc_hoverbox image=&#8220;207871&#8243; primary_title=&#8220;&#8220; hover_title=&#8220;&#8220;]Herunterladen der entsprechenden App, Konfiguration und eventuelles Update.[\/vc_hoverbox][vc_column_text]<\/p>\n<h3 class=\"text-center\">App-Download, Konfiguration und Aktualisierung<\/h3>\n<p class=\"price\">4.90\u20ac pro App<\/p>\n<p>[\/vc_column_text][\/vc_column_inner][vc_column_inner width=&#8220;1\/3&#8243;][vc_hoverbox image=&#8220;207879&#8243; primary_title=&#8220;&#8220; hover_title=&#8220;&#8220;]Aktualisierung des Betriebssystems auf die neueste f\u00fcr das Ger\u00e4t verf\u00fcgbare Version.[\/vc_hoverbox][vc_column_text]<\/p>\n<h3 class=\"text-center\">Software-Aktualisierung<\/h3>\n<p class=\"price\">9.90\u20ac<\/p>\n<p>[\/vc_column_text][\/vc_column_inner][vc_column_inner width=&#8220;1\/3&#8243;][vc_hoverbox image=&#8220;207887&#8243; primary_title=&#8220;&#8220; hover_title=&#8220;&#8220;]Wenn Sie Ihr Ger\u00e4tepasswort verlieren oder vergessen, werden wir Ihr Passwort wiederherstellen und\/oder \u00e4ndern.[\/vc_hoverbox][vc_column_text]<\/p>\n<h3 class=\"text-center\">Passwort-Wiederherstellung<\/h3>\n<p class=\"price\">19.90\u20ac<\/p>\n<p>[\/vc_column_text][\/vc_column_inner][\/vc_row_inner][vc_empty_space][vc_row_inner][vc_column_inner width=&#8220;1\/3&#8243;][vc_hoverbox image=&#8220;207896&#8243; primary_title=&#8220;&#8220; hover_title=&#8220;&#8220;]Erste Inbetriebnahme des Ger\u00e4ts mit den ersten Konfigurationen und Parametern, um es nutzen zu k\u00f6nnen.[\/vc_hoverbox][vc_column_text]<\/p>\n<h3 class=\"text-center\">Aktivierung des Ger\u00e4ts<\/h3>\n<p class=\"price\">19.90\u20ac<\/p>\n<p>[\/vc_column_text][\/vc_column_inner][vc_column_inner width=&#8220;1\/3&#8243;][vc_hoverbox image=&#8220;207904&#8243; primary_title=&#8220;&#8220; hover_title=&#8220;&#8220;]\u00dcberpr\u00fcfung und Eingabe der Parameter f\u00fcr die Nutzung Ihrer Mailbox und Synchronisierung Ihres Kontos mit dem Ger\u00e4t.[\/vc_hoverbox][vc_column_text]<\/p>\n<h3 class=\"text-center\">E-Mail- und Kontokonfiguration<\/h3>\n<p class=\"price\">9.90\u20ac<\/p>\n<p>[\/vc_column_text][\/vc_column_inner][vc_column_inner width=&#8220;1\/3&#8243;][vc_hoverbox image=&#8220;207912&#8243; primary_title=&#8220;&#8220; hover_title=&#8220;&#8220;]Der iRiparo-Spezialist bietet Ihnen eine Beratung an, um Ihr Wissen \u00fcber die Welt der Smartphones und Tablets zu vertiefen.[\/vc_hoverbox][vc_column_text]<\/p>\n<h3 class=\"text-center\">Konsultation (Sitzungen ab 10 Minuten)<\/h3>\n<p class=\"price\">9.90\u20ac<\/p>\n<p>[\/vc_column_text][\/vc_column_inner][\/vc_row_inner][\/vc_column][\/vc_row][\/vc_section][vc_section full_width=&#8220;stretch_row&#8220; css=&#8220;.vc_custom_1631806995727{padding-top: 96px !important;padding-bottom: 96px !important;background-color: #f5f5f5 !important;}&#8220;][vc_row][vc_column width=&#8220;1\/2&#8243;][vc_column_text]<\/p>\n<h2>Einen iRiparo-Shop finden<\/h2>\n<p>[\/vc_column_text][vc_empty_space height=&#8220;16px&#8220;][vc_column_text]Unser Express-Reparaturnetz umfasst inzwischen \u00fcber 360 iRiparo-Werkst\u00e4tten in Europa. Dank unseres Netzes von Gesch\u00e4ften bedienen wir Kunden in den wichtigsten italienischen St\u00e4dten.[\/vc_column_text][vc_empty_space height=&#8220;16px&#8220;][vc_row_inner][vc_column_inner width=&#8220;1\/2&#8243;][vc_btn title=&#8220;Einen Termin Online Buchen&#8220; style=&#8220;flat&#8220; color=&#8220;primary&#8220; align=&#8220;center&#8220; link=&#8220;url:https%3A%2F%2Firiparo.com%2Fde%2Feinen-termin-online-buchen%2F|title:Shop%20finden&#8220;][\/vc_column_inner][vc_column_inner width=&#8220;1\/2&#8243;][vc_btn title=&#8220;Shop finden&#8220; style=&#8220;flat&#8220; color=&#8220;success&#8220; align=&#8220;center&#8220; link=&#8220;url:https%3A%2F%2Firiparo.com%2Fde%2Funsere-geschaefte%2F|title:Shop%20finden&#8220;][\/vc_column_inner][\/vc_row_inner][\/vc_column][vc_column width=&#8220;1\/2&#8243;][vc_single_image image=&#8220;206486&#8243; img_size=&#8220;full&#8220; alignment=&#8220;center&#8220;][\/vc_column][\/vc_row][\/vc_section]<\/p>\n<\/section>","protected":false},"excerpt":{"rendered":"<p>[vc_row full_width=&#8220;stretch_row&#8220;][vc_column][\/vc_column][\/vc_row][vc_section][vc_row][vc_column][vc_column_text] Dank der Hilfe der iRiparo-Techniker k\u00f6nnen auch weniger erfahrene Nutzer ihr Smartphone oder Tablet auf den neuesten Stand bringen [\/vc_column_text][vc_empty_space&#8230;<\/p>\n","protected":false},"author":5,"featured_media":0,"parent":0,"menu_order":0,"comment_status":"closed","ping_status":"closed","template":"","meta":{"footnotes":""},"_links":{"self":[{"href":"https:\/\/iriparo.com\/de\/wp-json\/wp\/v2\/pages\/252407"}],"collection":[{"href":"https:\/\/iriparo.com\/de\/wp-json\/wp\/v2\/pages"}],"about":[{"href":"https:\/\/iriparo.com\/de\/wp-json\/wp\/v2\/types\/page"}],"author":[{"embeddable":true,"href":"https:\/\/iriparo.com\/de\/wp-json\/wp\/v2\/users\/5"}],"replies":[{"embeddable":true,"href":"https:\/\/iriparo.com\/de\/wp-json\/wp\/v2\/comments?post=252407"}],"version-history":[{"count":0,"href":"https:\/\/iriparo.com\/de\/wp-json\/wp\/v2\/pages\/252407\/revisions"}],"wp:attachment":[{"href":"https:\/\/iriparo.com\/de\/wp-json\/wp\/v2\/media?parent=252407"}],"curies":[{"name":"wp","href":"https:\/\/api.w.org\/{rel}","templated":true}]}}