{"id":252409,"date":"2022-07-06T12:17:51","date_gmt":"2022-07-06T10:17:51","guid":{"rendered":"https:\/\/iriparo.com\/?page_id=252409"},"modified":"2022-08-22T13:50:53","modified_gmt":"2022-08-22T11:50:53","slug":"daten-uebertragung-wiederherstellung-backup-iphone-samsung","status":"publish","type":"page","link":"https:\/\/iriparo.com\/de\/daten-uebertragung-wiederherstellung-backup-iphone-samsung\/","title":{"rendered":"Daten\u00fcbertragung, -sicherung und -wiederherstellung"},"content":{"rendered":"<section class=\"wpb-content-wrapper\"><p>[vc_row full_width=&#8220;stretch_row&#8220;][vc_column]\n\t\t\t<section class=\"imagebg parallax \" data-overlay=\"3\" >\n\t\t\t\t<div class=\"background-image-holder\"><img loading=\"lazy\" decoding=\"async\" width=\"1920\" height=\"700\" src=\"https:\/\/iriparo.com\/wp-content\/uploads\/2021\/09\/header-trasferimento-dati-3.jpg\" class=\"attachment-full size-full\" alt=\"\" srcset=\"https:\/\/iriparo.com\/wp-content\/uploads\/2021\/09\/header-trasferimento-dati-3.jpg 1920w, https:\/\/iriparo.com\/wp-content\/uploads\/2021\/09\/header-trasferimento-dati-3-500x182.jpg 500w, https:\/\/iriparo.com\/wp-content\/uploads\/2021\/09\/header-trasferimento-dati-3-700x255.jpg 700w, https:\/\/iriparo.com\/wp-content\/uploads\/2021\/09\/header-trasferimento-dati-3-300x109.jpg 300w, https:\/\/iriparo.com\/wp-content\/uploads\/2021\/09\/header-trasferimento-dati-3-1024x373.jpg 1024w, https:\/\/iriparo.com\/wp-content\/uploads\/2021\/09\/header-trasferimento-dati-3-768x280.jpg 768w, https:\/\/iriparo.com\/wp-content\/uploads\/2021\/09\/header-trasferimento-dati-3-1536x560.jpg 1536w\" sizes=\"(max-width: 1920px) 100vw, 1920px\" \/><\/div>\n\t\t\t\t<div class=\"container\">\n\t\t\t\t\t<div class=\"row\">\n\t\t\t\t\t\t<div class=\"col-sm-12\">\n\t\t\t\t\t\t\t<div class=\"cta\">\n\t\t\t\t\t\t\t\t[vc_column_text]<\/p>\n<h1 class=\"title-white\">Daten\u00fcbertragung, -sicherung und -wiederherstellung<\/h1>\n<h3 class=\"title-white\">iPhone zu Samsung oder jedes Android zu iOS und umgekehrt<\/h3>\n<p>[\/vc_column_text]\n\t\t\t\t\t\t\t<\/div>\n\t\t\t\t\t\t<\/div>\n\t\t\t\t\t<\/div><!--end of row-->\n\t\t\t\t<\/div><!--end of container-->\n\t\t\t\t\n\t\t\t<\/section>\n\t\t[\/vc_column][\/vc_row][vc_section][vc_row][vc_column width=&#8220;1\/2&#8243;][vc_empty_space][vc_column_text]<\/p>\n<h2>Die Daten\u00fcbertragung war noch nie so einfach!<\/h2>\n<p>[\/vc_column_text][vc_empty_space height=&#8220;16px&#8220;][vc_column_text]Der Datentransfer zwischen Smartphones mit unterschiedlichen Betriebssystemen ist jetzt m\u00f6glich dank iRiparo Transfer, einer Software zur <strong>\u00dcbertragung von Daten zwischen iOS und Android unter voller Wahrung Ihrer Privatsph\u00e4re<\/strong>. Der Dienst garantiert die vollst\u00e4ndige \u00dcbertragung von Fotos, Kontakten, Chats und vielem mehr ohne Datenverlust zwischen demselben oder verschiedenen Betriebssystemen. Die Speicherung kann auf verschiedenen Medien wie USB-Sticks erfolgen. Wenn Sie Probleme mit iCloud oder Samsung Smart Switch haben, kommen Sie in den Laden.[\/vc_column_text][vc_empty_space][\/vc_column][vc_column width=&#8220;1\/2&#8243;][vc_single_image image=&#8220;207933&#8243; img_size=&#8220;full&#8220; alignment=&#8220;center&#8220;][\/vc_column][\/vc_row][\/vc_section][vc_section full_width=&#8220;stretch_row&#8220; css=&#8220;.vc_custom_1631874497688{padding-top: 96px !important;padding-bottom: 96px !important;background-color: #f5f5f5 !important;}&#8220;][vc_row][vc_column width=&#8220;1\/3&#8243;][vc_single_image image=&#8220;207941&#8243; img_size=&#8220;full&#8220; alignment=&#8220;center&#8220; el_class=&#8220;transfer-icone&#8220;][vc_empty_space][vc_column_text]<\/p>\n<h3 class=\"text-center\">Daten\u00fcbertragun<\/h3>\n<p>[\/vc_column_text][vc_empty_space height=&#8220;16px&#8220;][vc_column_text]<\/p>\n<p class=\"text-center\">iRiparo Transfer ist die Software, die die <b> Daten\u00fcbertragung zwischen Smartphones <\/b> gew\u00e4hrleistet, <strong> sogar mit unterschiedlichen Betriebssystemen <\/strong>, ohne das Risiko, Kontakte, Fotos, Chats und andere Arten von Daten zu verlieren.<\/p>\n<p>[\/vc_column_text][\/vc_column][vc_column width=&#8220;1\/3&#8243;][vc_single_image image=&#8220;207949&#8243; img_size=&#8220;full&#8220; alignment=&#8220;center&#8220; el_class=&#8220;transfer-icone&#8220;][vc_empty_space][vc_column_text]<\/p>\n<h3 class=\"text-center\">Privatsph\u00e4re<\/h3>\n<p>[\/vc_column_text][vc_empty_space height=&#8220;16px&#8220;][vc_column_text]<\/p>\n<p class=\"text-center\">Wir sch\u00fctzen die Privatsph\u00e4re unserer Kunden, weshalb die \u00dcbertragung aller Daten auf dem PC <strong>verschl\u00fcsselt<\/strong> erfolgt.<\/p>\n<p>[\/vc_column_text][\/vc_column][vc_column width=&#8220;1\/3&#8243;][vc_single_image image=&#8220;207957&#8243; img_size=&#8220;large&#8220; alignment=&#8220;center&#8220; el_class=&#8220;transfer-icone&#8220;][vc_empty_space][vc_column_text]<\/p>\n<h3 class=\"text-center\">Untersuchung und Diagnose<\/h3>\n<p>[\/vc_column_text][vc_empty_space height=&#8220;16px&#8220;][vc_column_text]<\/p>\n<p class=\"text-center\">Zus\u00e4tzlich zu den \u00dcbertragungen bietet iRiparo Transfer auch die M\u00f6glichkeit, einen <strong>kompletten Software-Check des Smartphones<\/strong> durchzuf\u00fchren und eventuelle Probleme mit einer genauen Diagnose aufzuzeigen<\/p>\n<p>[\/vc_column_text][\/vc_column][\/vc_row][\/vc_section][vc_section css=&#8220;.vc_custom_1631875107712{padding-top: 96px !important;padding-bottom: 96px !important;}&#8220;][vc_row][vc_column][vc_column_text]<\/p>\n<h2 class=\"text-center\">Sehen Sie sich die <a href=\"https:\/\/iriparo.com\/de\/telefonische-unterstuetzung-und-konfiguration-in-der-filiale\/\">Liste der iRiparo-Dienste<\/a> an oder fragen Sie an der Verkaufsstelle nach.<\/h2>\n<p>[\/vc_column_text][\/vc_column][\/vc_row][\/vc_section]<\/p>\n<\/section>","protected":false},"excerpt":{"rendered":"<p>[vc_row full_width=&#8220;stretch_row&#8220;][vc_column][\/vc_column][\/vc_row][vc_section][vc_row][vc_column width=&#8220;1\/2&#8243;][vc_empty_space][vc_column_text] Die Daten\u00fcbertragung war noch nie so einfach! [\/vc_column_text][vc_empty_space height=&#8220;16px&#8220;][vc_column_text]Der Datentransfer zwischen Smartphones mit unterschiedlichen Betriebssystemen ist jetzt m\u00f6glich dank&#8230;<\/p>\n","protected":false},"author":100,"featured_media":0,"parent":0,"menu_order":0,"comment_status":"closed","ping_status":"closed","template":"","meta":{"footnotes":""},"_links":{"self":[{"href":"https:\/\/iriparo.com\/de\/wp-json\/wp\/v2\/pages\/252409"}],"collection":[{"href":"https:\/\/iriparo.com\/de\/wp-json\/wp\/v2\/pages"}],"about":[{"href":"https:\/\/iriparo.com\/de\/wp-json\/wp\/v2\/types\/page"}],"author":[{"embeddable":true,"href":"https:\/\/iriparo.com\/de\/wp-json\/wp\/v2\/users\/100"}],"replies":[{"embeddable":true,"href":"https:\/\/iriparo.com\/de\/wp-json\/wp\/v2\/comments?post=252409"}],"version-history":[{"count":0,"href":"https:\/\/iriparo.com\/de\/wp-json\/wp\/v2\/pages\/252409\/revisions"}],"wp:attachment":[{"href":"https:\/\/iriparo.com\/de\/wp-json\/wp\/v2\/media?parent=252409"}],"curies":[{"name":"wp","href":"https:\/\/api.w.org\/{rel}","templated":true}]}}