{"id":252423,"date":"2021-02-08T12:35:25","date_gmt":"2021-02-08T11:35:25","guid":{"rendered":"https:\/\/iriparo.com\/prenota-un-appuntamento\/"},"modified":"2022-07-06T15:14:29","modified_gmt":"2022-07-06T13:14:29","slug":"einen-termin-online-buchen","status":"publish","type":"page","link":"https:\/\/iriparo.com\/de\/einen-termin-online-buchen\/","title":{"rendered":"Einen Termin online buchen"},"content":{"rendered":"<section class=\"wpb-content-wrapper\"><p>[vc_row full_width=&#8220;stretch_row&#8220;][vc_column]\n\t\t\t<section class=\"imagebg parallax \" data-overlay=\"3\" >\n\t\t\t\t<div class=\"background-image-holder\"><img loading=\"lazy\" decoding=\"async\" width=\"1920\" height=\"1100\" src=\"https:\/\/iriparo.com\/wp-content\/uploads\/2021\/09\/prenota-appuntamento-online-serivizi-prodotti-iriparo-header-2.jpg\" class=\"attachment-full size-full\" alt=\"\" srcset=\"https:\/\/iriparo.com\/wp-content\/uploads\/2021\/09\/prenota-appuntamento-online-serivizi-prodotti-iriparo-header-2.jpg 1920w, https:\/\/iriparo.com\/wp-content\/uploads\/2021\/09\/prenota-appuntamento-online-serivizi-prodotti-iriparo-header-2-500x286.jpg 500w, https:\/\/iriparo.com\/wp-content\/uploads\/2021\/09\/prenota-appuntamento-online-serivizi-prodotti-iriparo-header-2-700x401.jpg 700w, https:\/\/iriparo.com\/wp-content\/uploads\/2021\/09\/prenota-appuntamento-online-serivizi-prodotti-iriparo-header-2-300x172.jpg 300w, https:\/\/iriparo.com\/wp-content\/uploads\/2021\/09\/prenota-appuntamento-online-serivizi-prodotti-iriparo-header-2-1024x587.jpg 1024w, https:\/\/iriparo.com\/wp-content\/uploads\/2021\/09\/prenota-appuntamento-online-serivizi-prodotti-iriparo-header-2-768x440.jpg 768w, https:\/\/iriparo.com\/wp-content\/uploads\/2021\/09\/prenota-appuntamento-online-serivizi-prodotti-iriparo-header-2-1536x880.jpg 1536w\" sizes=\"(max-width: 1920px) 100vw, 1920px\" \/><\/div>\n\t\t\t\t<div class=\"container\">\n\t\t\t\t\t<div class=\"row\">\n\t\t\t\t\t\t<div class=\"col-sm-12\">\n\t\t\t\t\t\t\t<div class=\"cta\">\n\t\t\t\t\t\t\t\t[vc_column_text]<\/p>\n<h1 class=\"title-white\">Einen Termin online buchen<\/h1>\n<h3 class=\"title-white\">W\u00e4hlen Sie den n\u00e4chstgelegenen iRiparo-Shop<\/h3>\n<p>[\/vc_column_text]\n\t\t\t\t\t\t\t<\/div>\n\t\t\t\t\t\t<\/div>\n\t\t\t\t\t<\/div><!--end of row-->\n\t\t\t\t<\/div><!--end of container-->\n\t\t\t\t\n\t\t\t<\/section>\n\t\t[\/vc_column][\/vc_row][vc_section][vc_row][vc_column][vc_column_text]<\/p>\n<h2 class=\"text-center\">Vereinbaren Sie online einen Termin und w\u00e4hlen Sie den Tag und die Uhrzeit f\u00fcr Ihren Besuch in der n\u00e4chsten iRiparo-Filiale.<\/h2>\n<p>[\/vc_column_text][vc_empty_space height=&#8220;8px&#8220;][vc_column_text]<\/p>\n<h4 class=\"text-center\">Profitieren Sie von allen Dienstleistungen, die im Laden angeboten werden: Smartphone-Reparaturen, Zubeh\u00f6r, general\u00fcberholte iPhones und Software-Services.<\/h4>\n<p>[\/vc_column_text][\/vc_column][\/vc_row][\/vc_section][vc_section full_width=&#8220;stretch_row&#8220; css=&#8220;.vc_custom_1631007512770{padding-top: 96px !important;padding-bottom: 96px !important;background-color: #f5f5f5 !important;}&#8220;][vc_row][vc_column][vc_column_text]<\/p>\n<h2 class=\"text-center\">Finden Sie die n\u00e4chstgelegene Filiale<\/h2>\n<p>[\/vc_column_text][vc_empty_space height=&#8220;16px&#8220;][\/vc_column][\/vc_row][vc_row][vc_column width=&#8220;1\/4&#8243;][\/vc_column][vc_column width=&#8220;1\/2&#8243;][vc_raw_html]JTNDcCUyMHN0eWxlJTNEJTIydGV4dC1hbGlnbiUzQWNlbnRlciUzQiUyMiUzRUdlYmVuJTIwU2llJTIwSWhyZSUyMEFkcmVzc2UlMjBtaXQlMjBTdHJhJUMzJTlGZSUyQyUyMEhhdXNudW1tZXIlMjB1bmQlMjBPcnQlMjBlaW4lM0ElM0MlMkZwJTNFJTIwJTNDaW5wdXQlMjBjbGFzcyUzRCUyMndwY2Y3LWZvcm0tY29udHJvbCUyMHdwY2Y3LXRleHQlMjIlMjBpZCUzRCUyMmJoLXNsLXl1b3VyLXBvc2l0aW9uLWFwcG9pbnRtZW50JTIyJTIwYXV0b2NvbXBsZXRlJTNEJTIyb2ZmJTIyJTNFJTBBJTNDZGl2JTIwaWQlM0QlMjJzdG9yZXMtbGlzdC1jb250YWluZXIlMjIlM0UlMEElM0NkaXYlMjBjbGFzcyUzRCUyMnRleHQtY2VudGVyJTIwaGlkZGVuJTIwbG9hZGluZyUyMiUzRSUwQSUzQ3AlM0UlM0NpJTIwY2xhc3MlM0QlMjJmYSUyMGZhLXNwaW5uZXIlMjBmYS1wdWxzZSUyMGZhLTN4JTIwZmEtZnclMjIlM0UlM0MlMkZpJTNFJTNDJTJGcCUzRSUwQSUzQyUyRmRpdiUzRSUwQSUzQ2RpdiUyMGNsYXNzJTNEJTIybGlzdCUyMGhpZGRlbiUyMiUzRSUwQSUzQ2RpdiUyMGNsYXNzJTNEJTIyc3RvcmVzJTIyJTNFJTNDJTJGZGl2JTNFJTBBJTNDcCUyMGNsYXNzJTNEJTIyZ2VuZXJhbC1pbmZvcyUyMiUzRUtvbm50ZW4lMjBTaWUlMjBrZWluZW4lMjBMYWRlbiUyMGZpbmRlbiUzRiUyMEtlaW4lMjBQcm9ibGVtJTIxJTIwJTNDYSUyMGhyZWYlM0QlMjIlMkZkZSUyRnVuc2VyZS1nZXNjaGFlZnRlJTJGJTIyJTIwdGl0bGUlM0QlMjJOZWdvemklMjBpUmlwYXJvJTIyJTNFQXVmJTIwZGllc2VyJTIwU2VpdGUlMjBmaW5kZW4lMjBTaWUlMjBhbGxlJTIwdW5zZXJlJTIwaVJpcGFyby1aZW50cmVuJTIxJTNDJTJGYSUzRSUyMFdlbmRlbiUyMFNpZSUyMHNpY2glMjBhbiUyMGRpZSUyMG4lQzMlQTRjaHN0Z2VsZWdlbmUlMjBTdGVsbGUlMjElM0MlMkZwJTNFJTBBJTNDJTJGZGl2JTNFJTBBJTNDJTJGZGl2JTNF[\/vc_raw_html][\/vc_column][vc_column width=&#8220;1\/4&#8243;][\/vc_column][\/vc_row][\/vc_section][vc_section css=&#8220;.vc_custom_1631007608885{padding-top: 96px !important;padding-bottom: 96px !important;}&#8220;][vc_row][vc_column][vc_column_text]<\/p>\n<h2 class=\"text-center\">Vereinbaren Sie einen Termin f\u00fcr:<\/h2>\n<p>[\/vc_column_text][vc_empty_space][\/vc_column][\/vc_row][vc_row][vc_column width=&#8220;1\/3&#8243;][vc_column_text]<\/p>\n<h3>Reparaturen<\/h3>\n<p>[\/vc_column_text][vc_empty_space height=&#8220;8px&#8220;]<div class=\"evc-icon-list evc-shortcode \">\n\t<div class=\"evc-il-item  \" >\n\t<div class=\"evc-ili-inner\">\n\t\t\t<span class=\"evc-ili-icon-wrapper\" style=\"color: #34b3e3\">\n\t\t<span class=\"evc-ili-icon fas fa-check\"><\/span>\n\t<\/span>\n\t\t\t<span class=\"evc-ili-text\" >Glas und LCD<\/span>\n\t\t\t<\/div>\n<\/div>\n<div class=\"evc-il-item  \" >\n\t<div class=\"evc-ili-inner\">\n\t\t\t<span class=\"evc-ili-icon-wrapper\" style=\"color: #34b3e3\">\n\t\t<span class=\"evc-ili-icon fas fa-check\"><\/span>\n\t<\/span>\n\t\t\t<span class=\"evc-ili-text\" >Batterie<\/span>\n\t\t\t<\/div>\n<\/div>\n<div class=\"evc-il-item  \" >\n\t<div class=\"evc-ili-inner\">\n\t\t\t<span class=\"evc-ili-icon-wrapper\" style=\"color: #34b3e3\">\n\t\t<span class=\"evc-ili-icon fas fa-check\"><\/span>\n\t<\/span>\n\t\t\t<span class=\"evc-ili-text\" >Ladeanschluss<\/span>\n\t\t\t<\/div>\n<\/div>\n<div class=\"evc-il-item  \" >\n\t<div class=\"evc-ili-inner\">\n\t\t\t<span class=\"evc-ili-icon-wrapper\" style=\"color: #34b3e3\">\n\t\t<span class=\"evc-ili-icon fas fa-check\"><\/span>\n\t<\/span>\n\t\t\t<span class=\"evc-ili-text\" >Kamera<\/span>\n\t\t\t<\/div>\n<\/div>\n<div class=\"evc-il-item  \" >\n\t<div class=\"evc-ili-inner\">\n\t\t\t<span class=\"evc-ili-icon-wrapper\" style=\"color: #34b3e3\">\n\t\t<span class=\"evc-ili-icon fas fa-check\"><\/span>\n\t<\/span>\n\t\t\t<span class=\"evc-ili-text\" >Mikrofon und Audio<\/span>\n\t\t\t<\/div>\n<\/div>\n<div class=\"evc-il-item  \" >\n\t<div class=\"evc-ili-inner\">\n\t\t\t<span class=\"evc-ili-icon-wrapper\" style=\"color: #34b3e3\">\n\t\t<span class=\"evc-ili-icon fas fa-check\"><\/span>\n\t<\/span>\n\t\t\t<span class=\"evc-ili-text\" >Simulationsleser<\/span>\n\t\t\t<\/div>\n<\/div>\n<div class=\"evc-il-item  \" >\n\t<div class=\"evc-ili-inner\">\n\t\t\t<span class=\"evc-ili-icon-wrapper\" style=\"color: #34b3e3\">\n\t\t<span class=\"evc-ili-icon fas fa-check\"><\/span>\n\t<\/span>\n\t\t\t<span class=\"evc-ili-text\" >Power-, Home- und Lautst\u00e4rketasten<\/span>\n\t\t\t<\/div>\n<\/div>\n<\/div>\n[\/vc_column][vc_column width=&#8220;1\/3&#8243;][vc_column_text]<\/p>\n<h3>Dienstleistungen<\/h3>\n<p>[\/vc_column_text][vc_empty_space height=&#8220;8px&#8220;]<div class=\"evc-icon-list evc-shortcode \">\n\t<div class=\"evc-il-item  \" >\n\t<div class=\"evc-ili-inner\">\n\t\t\t<span class=\"evc-ili-icon-wrapper\" style=\"color: #34b3e3\">\n\t\t<span class=\"evc-ili-icon fas fa-check\"><\/span>\n\t<\/span>\n\t\t\t<span class=\"evc-ili-text\" >Garantie f\u00fcr unfallbedingte Sch\u00e4den<\/span>\n\t\t\t<\/div>\n<\/div>\n<div class=\"evc-il-item  \" >\n\t<div class=\"evc-ili-inner\">\n\t\t\t<span class=\"evc-ili-icon-wrapper\" style=\"color: #34b3e3\">\n\t\t<span class=\"evc-ili-icon fas fa-check\"><\/span>\n\t<\/span>\n\t\t\t<span class=\"evc-ili-text\" >Zahlung in Raten<\/span>\n\t\t\t<\/div>\n<\/div>\n<div class=\"evc-il-item  \" >\n\t<div class=\"evc-ili-inner\">\n\t\t\t<span class=\"evc-ili-icon-wrapper\" style=\"color: #34b3e3\">\n\t\t<span class=\"evc-ili-icon fas fa-check\"><\/span>\n\t<\/span>\n\t\t\t<span class=\"evc-ili-text\" >\u00dcberpr\u00fcfung der Batterie<\/span>\n\t\t\t<\/div>\n<\/div>\n<div class=\"evc-il-item  \" >\n\t<div class=\"evc-ili-inner\">\n\t\t\t<span class=\"evc-ili-icon-wrapper\" style=\"color: #34b3e3\">\n\t\t<span class=\"evc-ili-icon fas fa-check\"><\/span>\n\t<\/span>\n\t\t\t<span class=\"evc-ili-text\" >Daten\u00fcbertragung<\/span>\n\t\t\t<\/div>\n<\/div>\n<div class=\"evc-il-item  \" >\n\t<div class=\"evc-ili-inner\">\n\t\t\t<span class=\"evc-ili-icon-wrapper\" style=\"color: #34b3e3\">\n\t\t<span class=\"evc-ili-icon fas fa-check\"><\/span>\n\t<\/span>\n\t\t\t<span class=\"evc-ili-text\" >Smartphone-Upgrade<\/span>\n\t\t\t<\/div>\n<\/div>\n<div class=\"evc-il-item  \" >\n\t<div class=\"evc-ili-inner\">\n\t\t\t<span class=\"evc-ili-icon-wrapper\" style=\"color: #34b3e3\">\n\t\t<span class=\"evc-ili-icon fas fa-check\"><\/span>\n\t<\/span>\n\t\t\t<span class=\"evc-ili-text\" >Wiederherstellung von Daten<\/span>\n\t\t\t<\/div>\n<\/div>\n<div class=\"evc-il-item  \" >\n\t<div class=\"evc-ili-inner\">\n\t\t\t<span class=\"evc-ili-icon-wrapper\" style=\"color: #34b3e3\">\n\t\t<span class=\"evc-ili-icon fas fa-check\"><\/span>\n\t<\/span>\n\t\t\t<span class=\"evc-ili-text\" >Produkte und Zubeh\u00f6r<\/span>\n\t\t\t<\/div>\n<\/div>\n<\/div>\n[\/vc_column][vc_column width=&#8220;1\/3&#8243;][vc_column_text]<\/p>\n<h3>Displayschutzfolien<\/h3>\n<p>[\/vc_column_text][vc_empty_space height=&#8220;8px&#8220;]<div class=\"evc-icon-list evc-shortcode \">\n\t<div class=\"evc-il-item  \" >\n\t<div class=\"evc-ili-inner\">\n\t\t\t<span class=\"evc-ili-icon-wrapper\" style=\"color: #34b3e3\">\n\t\t<span class=\"evc-ili-icon fas fa-check\"><\/span>\n\t<\/span>\n\t\t\t<span class=\"evc-ili-text\" >Displayschutzfolien<\/span>\n\t\t\t<\/div>\n<\/div>\n<div class=\"evc-il-item  \" >\n\t<div class=\"evc-ili-inner\">\n\t\t\t<span class=\"evc-ili-icon-wrapper\" style=\"color: #34b3e3\">\n\t\t<span class=\"evc-ili-icon fas fa-check\"><\/span>\n\t<\/span>\n\t\t\t<span class=\"evc-ili-text\" >Refurbished iPhone<\/span>\n\t\t\t<\/div>\n<\/div>\n<div class=\"evc-il-item  \" >\n\t<div class=\"evc-ili-inner\">\n\t\t\t<span class=\"evc-ili-icon-wrapper\" style=\"color: #34b3e3\">\n\t\t<span class=\"evc-ili-icon fas fa-check\"><\/span>\n\t<\/span>\n\t\t\t<span class=\"evc-ili-text\" >Abdeckungen<\/span>\n\t\t\t<\/div>\n<\/div>\n<div class=\"evc-il-item  \" >\n\t<div class=\"evc-ili-inner\">\n\t\t\t<span class=\"evc-ili-icon-wrapper\" style=\"color: #34b3e3\">\n\t\t<span class=\"evc-ili-icon fas fa-check\"><\/span>\n\t<\/span>\n\t\t\t<span class=\"evc-ili-text\" >Kopfh\u00f6rer<\/span>\n\t\t\t<\/div>\n<\/div>\n<div class=\"evc-il-item  \" >\n\t<div class=\"evc-ili-inner\">\n\t\t\t<span class=\"evc-ili-icon-wrapper\" style=\"color: #34b3e3\">\n\t\t<span class=\"evc-ili-icon fas fa-check\"><\/span>\n\t<\/span>\n\t\t\t<span class=\"evc-ili-text\" >Kabel und Steckdosen<\/span>\n\t\t\t<\/div>\n<\/div>\n<div class=\"evc-il-item  \" >\n\t<div class=\"evc-ili-inner\">\n\t\t\t<span class=\"evc-ili-icon-wrapper\" style=\"color: #34b3e3\">\n\t\t<span class=\"evc-ili-icon fas fa-check\"><\/span>\n\t<\/span>\n\t\t\t<span class=\"evc-ili-text\" >Powerbank<\/span>\n\t\t\t<\/div>\n<\/div>\n<\/div>\n[\/vc_column][\/vc_row][\/vc_section]<\/p>\n<\/section>","protected":false},"excerpt":{"rendered":"<p>[vc_row full_width=&#8220;stretch_row&#8220;][vc_column][\/vc_column][\/vc_row][vc_section][vc_row][vc_column][vc_column_text] Vereinbaren Sie online einen Termin und w\u00e4hlen Sie den Tag und die Uhrzeit f\u00fcr Ihren Besuch in der n\u00e4chsten iRiparo-Filiale&#8230;.<\/p>\n","protected":false},"author":2,"featured_media":0,"parent":0,"menu_order":0,"comment_status":"closed","ping_status":"closed","template":"","meta":{"footnotes":""},"_links":{"self":[{"href":"https:\/\/iriparo.com\/de\/wp-json\/wp\/v2\/pages\/252423"}],"collection":[{"href":"https:\/\/iriparo.com\/de\/wp-json\/wp\/v2\/pages"}],"about":[{"href":"https:\/\/iriparo.com\/de\/wp-json\/wp\/v2\/types\/page"}],"author":[{"embeddable":true,"href":"https:\/\/iriparo.com\/de\/wp-json\/wp\/v2\/users\/2"}],"replies":[{"embeddable":true,"href":"https:\/\/iriparo.com\/de\/wp-json\/wp\/v2\/comments?post=252423"}],"version-history":[{"count":0,"href":"https:\/\/iriparo.com\/de\/wp-json\/wp\/v2\/pages\/252423\/revisions"}],"wp:attachment":[{"href":"https:\/\/iriparo.com\/de\/wp-json\/wp\/v2\/media?parent=252423"}],"curies":[{"name":"wp","href":"https:\/\/api.w.org\/{rel}","templated":true}]}}