{"id":296895,"date":"2022-10-20T14:02:43","date_gmt":"2022-10-20T12:02:43","guid":{"rendered":"https:\/\/iriparo.com\/unkategorisiert\/ersatz-nur-ruckseitenkamera-glas-apple-iphone-12-pro\/"},"modified":"2022-10-20T14:02:46","modified_gmt":"2022-10-20T12:02:46","slug":"ersatz-nur-ruckseitenkamera-glas-apple-iphone-12-pro","status":"publish","type":"product","link":"https:\/\/iriparo.com\/de\/apple-iphone-12-pro-repairs-assistance-iphone-reparaturen-unterstuetzung\/ersatz-nur-ruckseitenkamera-glas-apple-iphone-12-pro\/","title":{"rendered":"Ersatz nur R\u00fcckseitenkamera Glas"},"content":{"rendered":"<p>Brauchst du ein <strong> Ersatz nur R\u00fcckseitenkamera Glas<\/strong> f\u00fcr dein <strong>Apple iPhone 12 Pro<\/strong>? iRiparo ist die endg\u00fcltige L\u00f6sung f\u00fcr dein Ger\u00e4t. An Ihrem iPhone 12 Pro wird die Ersatz nur R\u00fcckseitenkamera Glas von unseren spezialisierten Technikern durchgef\u00fchrt, die eine schnelle und qualitativ hochwertige Reparatur garantieren.<\/p>\n<p>Heute hat unsere Express-Reparatur-Franchise-Kette \u00fcber <strong>373 aktive Filialen<\/strong> mit der Kompetenz von \u00fcber 830000 Reparaturen. Und das ist noch nicht alles! Alle unsere Reparaturen werden mit einer zertifizierten 12 mesi landesweit g\u00fcltigen Garantie durchgef\u00fchrt. Halten Sie sich nicht mit Ihren Problemen auf, iRiparo ist die L\u00f6sung.<\/p>\n","protected":false},"excerpt":{"rendered":"<p>Brauchst du ein Ersatz nur R\u00fcckseitenkamera Glas f\u00fcr dein Apple iPhone 12 Pro? iRiparo ist die endg\u00fcltige L\u00f6sung f\u00fcr dein Ger\u00e4t. An&#8230;<\/p>\n","protected":false},"featured_media":0,"comment_status":"closed","ping_status":"open","template":"","meta":[],"product_cat":[95040,94896,94796],"product_tag":[],"_links":{"self":[{"href":"https:\/\/iriparo.com\/de\/wp-json\/wp\/v2\/product\/296895"}],"collection":[{"href":"https:\/\/iriparo.com\/de\/wp-json\/wp\/v2\/product"}],"about":[{"href":"https:\/\/iriparo.com\/de\/wp-json\/wp\/v2\/types\/product"}],"replies":[{"embeddable":true,"href":"https:\/\/iriparo.com\/de\/wp-json\/wp\/v2\/comments?post=296895"}],"wp:attachment":[{"href":"https:\/\/iriparo.com\/de\/wp-json\/wp\/v2\/media?parent=296895"}],"wp:term":[{"taxonomy":"product_cat","embeddable":true,"href":"https:\/\/iriparo.com\/de\/wp-json\/wp\/v2\/product_cat?post=296895"},{"taxonomy":"product_tag","embeddable":true,"href":"https:\/\/iriparo.com\/de\/wp-json\/wp\/v2\/product_tag?post=296895"}],"curies":[{"name":"wp","href":"https:\/\/api.w.org\/{rel}","templated":true}]}}