{"id":296912,"date":"2022-10-20T14:02:49","date_gmt":"2022-10-20T12:02:49","guid":{"rendered":"https:\/\/iriparo.com\/unkategorisiert\/ersatz-nur-ruckseitenkamera-aus-glas-apple-iphone-12-pro-max\/"},"modified":"2022-10-20T14:02:51","modified_gmt":"2022-10-20T12:02:51","slug":"ersatz-nur-ruckseitenkamera-aus-glas-apple-iphone-12-pro-max","status":"publish","type":"product","link":"https:\/\/iriparo.com\/de\/apple-iphone-12-pro-max-repairs-assistance-iphone-reparaturen-unterstuetzung\/ersatz-nur-ruckseitenkamera-aus-glas-apple-iphone-12-pro-max\/","title":{"rendered":"Ersatz nur R\u00fcckseitenkamera aus Glas"},"content":{"rendered":"<p>Brauchst du ein <strong> Ersatz nur R\u00fcckseitenkamera aus Glas<\/strong> f\u00fcr dein <strong>Apple iPhone 12 Pro Max<\/strong>? iRiparo ist die endg\u00fcltige L\u00f6sung f\u00fcr dein Ger\u00e4t. An Ihrem iPhone 12 Pro Max wird die Ersatz nur R\u00fcckseitenkamera aus Glas von unseren spezialisierten Technikern durchgef\u00fchrt, die eine schnelle und qualitativ hochwertige Reparatur garantieren.<\/p>\n<p>Heute hat unsere Express-Reparatur-Franchise-Kette \u00fcber <strong>373 aktive Filialen<\/strong> mit der Kompetenz von \u00fcber 830000 Reparaturen. Und das ist noch nicht alles! Alle unsere Reparaturen werden mit einer zertifizierten 12 mesi landesweit g\u00fcltigen Garantie durchgef\u00fchrt. Halten Sie sich nicht mit Ihren Problemen auf, iRiparo ist die L\u00f6sung.<\/p>\n","protected":false},"excerpt":{"rendered":"<p>Brauchst du ein Ersatz nur R\u00fcckseitenkamera aus Glas f\u00fcr dein Apple iPhone 12 Pro Max? iRiparo ist die endg\u00fcltige L\u00f6sung f\u00fcr dein&#8230;<\/p>\n","protected":false},"featured_media":0,"comment_status":"closed","ping_status":"open","template":"","meta":[],"product_cat":[95023,94896,94796],"product_tag":[],"_links":{"self":[{"href":"https:\/\/iriparo.com\/de\/wp-json\/wp\/v2\/product\/296912"}],"collection":[{"href":"https:\/\/iriparo.com\/de\/wp-json\/wp\/v2\/product"}],"about":[{"href":"https:\/\/iriparo.com\/de\/wp-json\/wp\/v2\/types\/product"}],"replies":[{"embeddable":true,"href":"https:\/\/iriparo.com\/de\/wp-json\/wp\/v2\/comments?post=296912"}],"wp:attachment":[{"href":"https:\/\/iriparo.com\/de\/wp-json\/wp\/v2\/media?parent=296912"}],"wp:term":[{"taxonomy":"product_cat","embeddable":true,"href":"https:\/\/iriparo.com\/de\/wp-json\/wp\/v2\/product_cat?post=296912"},{"taxonomy":"product_tag","embeddable":true,"href":"https:\/\/iriparo.com\/de\/wp-json\/wp\/v2\/product_tag?post=296912"}],"curies":[{"name":"wp","href":"https:\/\/api.w.org\/{rel}","templated":true}]}}