{"id":296961,"date":"2022-10-20T14:03:00","date_gmt":"2022-10-20T12:03:00","guid":{"rendered":"https:\/\/iriparo.com\/unkategorisiert\/ersatz-home-taste-ohne-touch-id-apple-iphone-5s\/"},"modified":"2022-10-20T14:03:05","modified_gmt":"2022-10-20T12:03:05","slug":"ersatz-home-taste-ohne-touch-id-apple-iphone-5s","status":"publish","type":"product","link":"https:\/\/iriparo.com\/de\/apple-iphone-5s-repairs-assistance-iphone-reparaturen-unterstuetzung\/ersatz-home-taste-ohne-touch-id-apple-iphone-5s\/","title":{"rendered":"Ersatz-Home-Taste (ohne Touch ID)"},"content":{"rendered":"<p>Brauchst du ein <strong> Ersatz-Home-Taste (ohne Touch ID)<\/strong> f\u00fcr dein <strong>Apple iPhone 5s<\/strong>? iRiparo ist die endg\u00fcltige L\u00f6sung f\u00fcr dein Ger\u00e4t. An Ihrem iPhone 5s wird die Ersatz-Home-Taste (ohne Touch ID) von unseren spezialisierten Technikern durchgef\u00fchrt, die eine schnelle und qualitativ hochwertige Reparatur garantieren.<\/p>\n<p>Heute hat unsere Express-Reparatur-Franchise-Kette \u00fcber <strong>373 aktive Filialen<\/strong> mit der Kompetenz von \u00fcber 830000 Reparaturen. Und das ist noch nicht alles! Alle unsere Reparaturen werden mit einer zertifizierten 12 mesi landesweit g\u00fcltigen Garantie durchgef\u00fchrt. Halten Sie sich nicht mit Ihren Problemen auf, iRiparo ist die L\u00f6sung.<\/p>\n","protected":false},"excerpt":{"rendered":"<p>Brauchst du ein Ersatz-Home-Taste (ohne Touch ID) f\u00fcr dein Apple iPhone 5s? iRiparo ist die endg\u00fcltige L\u00f6sung f\u00fcr dein Ger\u00e4t. An Ihrem&#8230;<\/p>\n","protected":false},"featured_media":0,"comment_status":"closed","ping_status":"open","template":"","meta":[],"product_cat":[94980,94896,94796],"product_tag":[],"_links":{"self":[{"href":"https:\/\/iriparo.com\/de\/wp-json\/wp\/v2\/product\/296961"}],"collection":[{"href":"https:\/\/iriparo.com\/de\/wp-json\/wp\/v2\/product"}],"about":[{"href":"https:\/\/iriparo.com\/de\/wp-json\/wp\/v2\/types\/product"}],"replies":[{"embeddable":true,"href":"https:\/\/iriparo.com\/de\/wp-json\/wp\/v2\/comments?post=296961"}],"wp:attachment":[{"href":"https:\/\/iriparo.com\/de\/wp-json\/wp\/v2\/media?parent=296961"}],"wp:term":[{"taxonomy":"product_cat","embeddable":true,"href":"https:\/\/iriparo.com\/de\/wp-json\/wp\/v2\/product_cat?post=296961"},{"taxonomy":"product_tag","embeddable":true,"href":"https:\/\/iriparo.com\/de\/wp-json\/wp\/v2\/product_tag?post=296961"}],"curies":[{"name":"wp","href":"https:\/\/api.w.org\/{rel}","templated":true}]}}