{"id":297009,"date":"2022-10-20T14:04:15","date_gmt":"2022-10-20T12:04:15","guid":{"rendered":"https:\/\/iriparo.com\/unkategorisiert\/ersatz-gehauseruckseite-ohne-logos-apple-iphone-7\/"},"modified":"2022-10-20T14:04:16","modified_gmt":"2022-10-20T12:04:16","slug":"ersatz-gehauseruckseite-ohne-logos-apple-iphone-7","status":"publish","type":"product","link":"https:\/\/iriparo.com\/de\/apple-iphone-7-repairs-assistance-iphone-reparaturen-unterstuetzung\/ersatz-gehauseruckseite-ohne-logos-apple-iphone-7\/","title":{"rendered":"Ersatz-Geh\u00e4user\u00fcckseite (ohne Logos)"},"content":{"rendered":"<p>Brauchst du ein <strong> Ersatz-Geh\u00e4user\u00fcckseite (ohne Logos)<\/strong> f\u00fcr dein <strong>Apple iPhone 7<\/strong>? iRiparo ist die endg\u00fcltige L\u00f6sung f\u00fcr dein Ger\u00e4t. An Ihrem iPhone 7 wird die Ersatz-Geh\u00e4user\u00fcckseite (ohne Logos) von unseren spezialisierten Technikern durchgef\u00fchrt, die eine schnelle und qualitativ hochwertige Reparatur garantieren.<\/p>\n<p>Heute hat unsere Express-Reparatur-Franchise-Kette \u00fcber <strong>373 aktive Filialen<\/strong> mit der Kompetenz von \u00fcber 830000 Reparaturen. Und das ist noch nicht alles! Alle unsere Reparaturen werden mit einer zertifizierten 12 mesi landesweit g\u00fcltigen Garantie durchgef\u00fchrt. Halten Sie sich nicht mit Ihren Problemen auf, iRiparo ist die L\u00f6sung.<\/p>\n","protected":false},"excerpt":{"rendered":"<p>Brauchst du ein Ersatz-Geh\u00e4user\u00fcckseite (ohne Logos) f\u00fcr dein Apple iPhone 7? iRiparo ist die endg\u00fcltige L\u00f6sung f\u00fcr dein Ger\u00e4t. An Ihrem iPhone&#8230;<\/p>\n","protected":false},"featured_media":0,"comment_status":"closed","ping_status":"open","template":"","meta":[],"product_cat":[95056,94896,94796],"product_tag":[],"_links":{"self":[{"href":"https:\/\/iriparo.com\/de\/wp-json\/wp\/v2\/product\/297009"}],"collection":[{"href":"https:\/\/iriparo.com\/de\/wp-json\/wp\/v2\/product"}],"about":[{"href":"https:\/\/iriparo.com\/de\/wp-json\/wp\/v2\/types\/product"}],"replies":[{"embeddable":true,"href":"https:\/\/iriparo.com\/de\/wp-json\/wp\/v2\/comments?post=297009"}],"wp:attachment":[{"href":"https:\/\/iriparo.com\/de\/wp-json\/wp\/v2\/media?parent=297009"}],"wp:term":[{"taxonomy":"product_cat","embeddable":true,"href":"https:\/\/iriparo.com\/de\/wp-json\/wp\/v2\/product_cat?post=297009"},{"taxonomy":"product_tag","embeddable":true,"href":"https:\/\/iriparo.com\/de\/wp-json\/wp\/v2\/product_tag?post=297009"}],"curies":[{"name":"wp","href":"https:\/\/api.w.org\/{rel}","templated":true}]}}