{"id":297090,"date":"2022-10-20T14:04:38","date_gmt":"2022-10-20T12:04:38","guid":{"rendered":"https:\/\/iriparo.com\/unkategorisiert\/apple-iphone-xr-austausch-batterie\/"},"modified":"2022-10-20T14:04:39","modified_gmt":"2022-10-20T12:04:39","slug":"apple-iphone-xr-austausch-batterie","status":"publish","type":"product","link":"https:\/\/iriparo.com\/de\/apple-iphone-xr-repairs-assistance-iphone-reparaturen-unterstuetzung\/apple-iphone-xr-austausch-batterie\/","title":{"rendered":"Ersatz f\u00fcr den Akku"},"content":{"rendered":"<p>Die Leute kommen oft in unsere Filialen, um Probleme mit dem Akku ihres Handys zu beheben: der Akku ihres Apple iPhone XR h\u00e4lt nicht mehr so lange wie fr\u00fcher oder \u00fcberhitzt. Passiert das Gleiche mit Ihrem Handy? <\/p>\n<p>Die L\u00f6sung k\u00f6nnte sein, den Akku Ihres Apple iPhone XR auszutauschen. Es gibt viele Gr\u00fcnde, warum Akkus nach einer gewissen Zeit nicht mehr funktionieren, und jeder davon kann Probleme verursachen. Sie m\u00fcssen einen dringenden Anruf t\u00e4tigen und Ihr Handy macht schlapp, Sie wollen ein Foto von einem Sonnenuntergang machen oder jemandem eine Nachricht schicken.<\/p>\n<p>Was dann? Anstatt 2 Powerbanks mit sich herumzuschleppen, besuchen Sie einen iRiparo Store. Wir sind der europ\u00e4ische Marktf\u00fchrer f\u00fcr <strong>Express-Reparaturen von Handys und Tablets. Einer der am h\u00e4ufigsten nachgefragten Services ist der Akkuwechsel bei Apple iPhone XR.<\/strong><\/p>\n<p>Der Wechsel des Apple iPhone XR Akkus ist f\u00fcr uns ein Kinderspiel, das wir Ihnen mit einer Garantie belegen. Deshalb bieten wir Ihnen auf alle Ersatzakkus f\u00fcr Apple iPhone XR eine Garantie von 6 mesi unseren Ersatzakku-Service f\u00fcr Apple iPhone XR zu unschlagbaren und g\u00fcnstigen Preisen an.<\/p>\n","protected":false},"excerpt":{"rendered":"<p>Die Leute kommen oft in unsere Filialen, um Probleme mit dem Akku ihres Handys zu beheben: der Akku ihres Apple iPhone XR&#8230;<\/p>\n","protected":false},"featured_media":0,"comment_status":"closed","ping_status":"open","template":"","meta":[],"product_cat":[94990,94896,94796],"product_tag":[],"_links":{"self":[{"href":"https:\/\/iriparo.com\/de\/wp-json\/wp\/v2\/product\/297090"}],"collection":[{"href":"https:\/\/iriparo.com\/de\/wp-json\/wp\/v2\/product"}],"about":[{"href":"https:\/\/iriparo.com\/de\/wp-json\/wp\/v2\/types\/product"}],"replies":[{"embeddable":true,"href":"https:\/\/iriparo.com\/de\/wp-json\/wp\/v2\/comments?post=297090"}],"wp:attachment":[{"href":"https:\/\/iriparo.com\/de\/wp-json\/wp\/v2\/media?parent=297090"}],"wp:term":[{"taxonomy":"product_cat","embeddable":true,"href":"https:\/\/iriparo.com\/de\/wp-json\/wp\/v2\/product_cat?post=297090"},{"taxonomy":"product_tag","embeddable":true,"href":"https:\/\/iriparo.com\/de\/wp-json\/wp\/v2\/product_tag?post=297090"}],"curies":[{"name":"wp","href":"https:\/\/api.w.org\/{rel}","templated":true}]}}