{"id":297149,"date":"2022-10-20T14:04:56","date_gmt":"2022-10-20T12:04:56","guid":{"rendered":"https:\/\/iriparo.com\/unkategorisiert\/ersatz-home-button-apple-ipod-touch-6g\/"},"modified":"2022-10-20T14:04:56","modified_gmt":"2022-10-20T12:04:56","slug":"ersatz-home-button-apple-ipod-touch-6g","status":"publish","type":"product","link":"https:\/\/iriparo.com\/de\/apple-ipod-touch-6g-repairs-assistance-ipod-reparaturen-kundendienst\/ersatz-home-button-apple-ipod-touch-6g\/","title":{"rendered":"Ersatz-Home-Button"},"content":{"rendered":"<p>Brauchst du ein <strong> Ersatz-Home-Button<\/strong> f\u00fcr dein <strong>Apple iPod Touch 6G<\/strong>? iRiparo ist die endg\u00fcltige L\u00f6sung f\u00fcr dein Ger\u00e4t. An Ihrem iPod Touch 6G wird die Ersatz-Home-Button von unseren spezialisierten Technikern durchgef\u00fchrt, die eine schnelle und qualitativ hochwertige Reparatur garantieren.<\/p>\n<p>Heute hat unsere Express-Reparatur-Franchise-Kette \u00fcber <strong>373 aktive Filialen<\/strong> mit der Kompetenz von \u00fcber 830000 Reparaturen. Und das ist noch nicht alles! Alle unsere Reparaturen werden mit einer zertifizierten 12 mesi landesweit g\u00fcltigen Garantie durchgef\u00fchrt. Halten Sie sich nicht mit Ihren Problemen auf, iRiparo ist die L\u00f6sung.<\/p>\n","protected":false},"excerpt":{"rendered":"<p>Brauchst du ein Ersatz-Home-Button f\u00fcr dein Apple iPod Touch 6G? iRiparo ist die endg\u00fcltige L\u00f6sung f\u00fcr dein Ger\u00e4t. An Ihrem iPod Touch&#8230;<\/p>\n","protected":false},"featured_media":0,"comment_status":"closed","ping_status":"open","template":"","meta":[],"product_cat":[95026],"product_tag":[],"_links":{"self":[{"href":"https:\/\/iriparo.com\/de\/wp-json\/wp\/v2\/product\/297149"}],"collection":[{"href":"https:\/\/iriparo.com\/de\/wp-json\/wp\/v2\/product"}],"about":[{"href":"https:\/\/iriparo.com\/de\/wp-json\/wp\/v2\/types\/product"}],"replies":[{"embeddable":true,"href":"https:\/\/iriparo.com\/de\/wp-json\/wp\/v2\/comments?post=297149"}],"wp:attachment":[{"href":"https:\/\/iriparo.com\/de\/wp-json\/wp\/v2\/media?parent=297149"}],"wp:term":[{"taxonomy":"product_cat","embeddable":true,"href":"https:\/\/iriparo.com\/de\/wp-json\/wp\/v2\/product_cat?post=297149"},{"taxonomy":"product_tag","embeddable":true,"href":"https:\/\/iriparo.com\/de\/wp-json\/wp\/v2\/product_tag?post=297149"}],"curies":[{"name":"wp","href":"https:\/\/api.w.org\/{rel}","templated":true}]}}