{"id":297196,"date":"2022-10-20T14:06:16","date_gmt":"2022-10-20T12:06:16","guid":{"rendered":"https:\/\/iriparo.com\/unkategorisiert\/rparation-vitre-camra-arrire-asus-zenfone-3-ze520kl\/"},"modified":"2022-10-20T14:06:20","modified_gmt":"2022-10-20T12:06:20","slug":"rparation-vitre-camra-arrire-asus-zenfone-3-ze520kl","status":"publish","type":"product","link":"https:\/\/iriparo.com\/de\/asus-zenfone-3-ze520kl-repairs-assistance-asus-handy-reparaturen-unterstuetzung\/rparation-vitre-camra-arrire-asus-zenfone-3-ze520kl\/","title":{"rendered":"R\u221a\u00a9paration Vitre Cam\u221a\u00a9ra arri\u221a\u00aere"},"content":{"rendered":"<p>Brauchst du ein <strong> R\u221a\u00a9paration Vitre Cam\u221a\u00a9ra arri\u221a\u00aere<\/strong> f\u00fcr dein <strong>Asus Zenfone 3 ZE520KL<\/strong>? iRiparo ist die endg\u00fcltige L\u00f6sung f\u00fcr dein Ger\u00e4t. An Ihrem Zenfone 3 ZE520KL wird die R\u221a\u00a9paration Vitre Cam\u221a\u00a9ra arri\u221a\u00aere von unseren spezialisierten Technikern durchgef\u00fchrt, die eine schnelle und qualitativ hochwertige Reparatur garantieren.<\/p>\n<p>Heute hat unsere Express-Reparatur-Franchise-Kette \u00fcber <strong>373 aktive Filialen<\/strong> mit der Kompetenz von \u00fcber 830000 Reparaturen. Und das ist noch nicht alles! Alle unsere Reparaturen werden mit einer zertifizierten 12 mesi landesweit g\u00fcltigen Garantie durchgef\u00fchrt. Halten Sie sich nicht mit Ihren Problemen auf, iRiparo ist die L\u00f6sung.<\/p>\n","protected":false},"excerpt":{"rendered":"<p>Brauchst du ein R\u221a\u00a9paration Vitre Cam\u221a\u00a9ra arri\u221a\u00aere f\u00fcr dein Asus Zenfone 3 ZE520KL? iRiparo ist die endg\u00fcltige L\u00f6sung f\u00fcr dein Ger\u00e4t. An&#8230;<\/p>\n","protected":false},"featured_media":0,"comment_status":"closed","ping_status":"open","template":"","meta":[],"product_cat":[95075,94901,94796],"product_tag":[],"_links":{"self":[{"href":"https:\/\/iriparo.com\/de\/wp-json\/wp\/v2\/product\/297196"}],"collection":[{"href":"https:\/\/iriparo.com\/de\/wp-json\/wp\/v2\/product"}],"about":[{"href":"https:\/\/iriparo.com\/de\/wp-json\/wp\/v2\/types\/product"}],"replies":[{"embeddable":true,"href":"https:\/\/iriparo.com\/de\/wp-json\/wp\/v2\/comments?post=297196"}],"wp:attachment":[{"href":"https:\/\/iriparo.com\/de\/wp-json\/wp\/v2\/media?parent=297196"}],"wp:term":[{"taxonomy":"product_cat","embeddable":true,"href":"https:\/\/iriparo.com\/de\/wp-json\/wp\/v2\/product_cat?post=297196"},{"taxonomy":"product_tag","embeddable":true,"href":"https:\/\/iriparo.com\/de\/wp-json\/wp\/v2\/product_tag?post=297196"}],"curies":[{"name":"wp","href":"https:\/\/api.w.org\/{rel}","templated":true}]}}