{"id":297214,"date":"2022-10-20T14:06:22","date_gmt":"2022-10-20T12:06:22","guid":{"rendered":"https:\/\/iriparo.com\/unkategorisiert\/ersatz-power-und-lautstarke-tasten-asus-zenfone-4-max-zc554kl\/"},"modified":"2022-10-20T14:06:25","modified_gmt":"2022-10-20T12:06:25","slug":"ersatz-power-und-lautstarke-tasten-asus-zenfone-4-max-zc554kl","status":"publish","type":"product","link":"https:\/\/iriparo.com\/de\/asus-zenfone-4-max-zc554kl-repairs-assistance-asus-handy-reparaturen-unterstuetzung\/ersatz-power-und-lautstarke-tasten-asus-zenfone-4-max-zc554kl\/","title":{"rendered":"Ersatz Power- und Lautst\u00e4rke-Tasten"},"content":{"rendered":"<p>Brauchst du ein <strong> Ersatz Power- und Lautst\u00e4rke-Tasten<\/strong> f\u00fcr dein <strong>Asus Zenfone 4 Max ZC554KL<\/strong>? iRiparo ist die endg\u00fcltige L\u00f6sung f\u00fcr dein Ger\u00e4t. An Ihrem Zenfone 4 Max ZC554KL wird die Ersatz Power- und Lautst\u00e4rke-Tasten von unseren spezialisierten Technikern durchgef\u00fchrt, die eine schnelle und qualitativ hochwertige Reparatur garantieren.<\/p>\n<p>Heute hat unsere Express-Reparatur-Franchise-Kette \u00fcber <strong>373 aktive Filialen<\/strong> mit der Kompetenz von \u00fcber 830000 Reparaturen. Und das ist noch nicht alles! Alle unsere Reparaturen werden mit einer zertifizierten 12 mesi landesweit g\u00fcltigen Garantie durchgef\u00fchrt. Halten Sie sich nicht mit Ihren Problemen auf, iRiparo ist die L\u00f6sung.<\/p>\n","protected":false},"excerpt":{"rendered":"<p>Brauchst du ein Ersatz Power- und Lautst\u00e4rke-Tasten f\u00fcr dein Asus Zenfone 4 Max ZC554KL? iRiparo ist die endg\u00fcltige L\u00f6sung f\u00fcr dein Ger\u00e4t&#8230;.<\/p>\n","protected":false},"featured_media":0,"comment_status":"closed","ping_status":"open","template":"","meta":[],"product_cat":[95070,94901,94796],"product_tag":[],"_links":{"self":[{"href":"https:\/\/iriparo.com\/de\/wp-json\/wp\/v2\/product\/297214"}],"collection":[{"href":"https:\/\/iriparo.com\/de\/wp-json\/wp\/v2\/product"}],"about":[{"href":"https:\/\/iriparo.com\/de\/wp-json\/wp\/v2\/types\/product"}],"replies":[{"embeddable":true,"href":"https:\/\/iriparo.com\/de\/wp-json\/wp\/v2\/comments?post=297214"}],"wp:attachment":[{"href":"https:\/\/iriparo.com\/de\/wp-json\/wp\/v2\/media?parent=297214"}],"wp:term":[{"taxonomy":"product_cat","embeddable":true,"href":"https:\/\/iriparo.com\/de\/wp-json\/wp\/v2\/product_cat?post=297214"},{"taxonomy":"product_tag","embeddable":true,"href":"https:\/\/iriparo.com\/de\/wp-json\/wp\/v2\/product_tag?post=297214"}],"curies":[{"name":"wp","href":"https:\/\/api.w.org\/{rel}","templated":true}]}}