{"id":297226,"date":"2022-10-20T14:06:28","date_gmt":"2022-10-20T12:06:28","guid":{"rendered":"https:\/\/iriparo.com\/unkategorisiert\/ersatz-ladestation-asus-zenfone-5-ze620kl\/"},"modified":"2022-10-20T14:06:28","modified_gmt":"2022-10-20T12:06:28","slug":"ersatz-ladestation-asus-zenfone-5-ze620kl","status":"publish","type":"product","link":"https:\/\/iriparo.com\/de\/asus-zenfone-5-ze620kl-repairs-assistance-asus-handy-reparaturen-unterstuetzung\/ersatz-ladestation-asus-zenfone-5-ze620kl\/","title":{"rendered":"Ersatz-Ladestation"},"content":{"rendered":"<p>Brauchst du ein <strong> Ersatz-Ladestation<\/strong> f\u00fcr dein <strong>Asus Zenfone 5 ZE620KL<\/strong>? iRiparo ist die endg\u00fcltige L\u00f6sung f\u00fcr dein Ger\u00e4t. An Ihrem Zenfone 5 ZE620KL wird die Ersatz-Ladestation von unseren spezialisierten Technikern durchgef\u00fchrt, die eine schnelle und qualitativ hochwertige Reparatur garantieren.<\/p>\n<p>Heute hat unsere Express-Reparatur-Franchise-Kette \u00fcber <strong>373 aktive Filialen<\/strong> mit der Kompetenz von \u00fcber 830000 Reparaturen. Und das ist noch nicht alles! Alle unsere Reparaturen werden mit einer zertifizierten 0 giorni landesweit g\u00fcltigen Garantie durchgef\u00fchrt. Halten Sie sich nicht mit Ihren Problemen auf, iRiparo ist die L\u00f6sung.<\/p>\n","protected":false},"excerpt":{"rendered":"<p>Brauchst du ein Ersatz-Ladestation f\u00fcr dein Asus Zenfone 5 ZE620KL? iRiparo ist die endg\u00fcltige L\u00f6sung f\u00fcr dein Ger\u00e4t. An Ihrem Zenfone 5&#8230;<\/p>\n","protected":false},"featured_media":0,"comment_status":"closed","ping_status":"open","template":"","meta":[],"product_cat":[95082,94901,94796],"product_tag":[],"_links":{"self":[{"href":"https:\/\/iriparo.com\/de\/wp-json\/wp\/v2\/product\/297226"}],"collection":[{"href":"https:\/\/iriparo.com\/de\/wp-json\/wp\/v2\/product"}],"about":[{"href":"https:\/\/iriparo.com\/de\/wp-json\/wp\/v2\/types\/product"}],"replies":[{"embeddable":true,"href":"https:\/\/iriparo.com\/de\/wp-json\/wp\/v2\/comments?post=297226"}],"wp:attachment":[{"href":"https:\/\/iriparo.com\/de\/wp-json\/wp\/v2\/media?parent=297226"}],"wp:term":[{"taxonomy":"product_cat","embeddable":true,"href":"https:\/\/iriparo.com\/de\/wp-json\/wp\/v2\/product_cat?post=297226"},{"taxonomy":"product_tag","embeddable":true,"href":"https:\/\/iriparo.com\/de\/wp-json\/wp\/v2\/product_tag?post=297226"}],"curies":[{"name":"wp","href":"https:\/\/api.w.org\/{rel}","templated":true}]}}