{"id":297257,"date":"2022-10-20T14:06:34","date_gmt":"2022-10-20T12:06:34","guid":{"rendered":"https:\/\/iriparo.com\/unkategorisiert\/ersatz-klinke-audio-asus-zenfone-max-pro-m1-zb601kl\/"},"modified":"2022-10-20T14:06:38","modified_gmt":"2022-10-20T12:06:38","slug":"ersatz-klinke-audio-asus-zenfone-max-pro-m1-zb601kl","status":"publish","type":"product","link":"https:\/\/iriparo.com\/de\/asus-zenfone-max-pro-m1-zb601kl-repairs-assistance-asus-handy-reparaturen-unterstuetzung\/ersatz-klinke-audio-asus-zenfone-max-pro-m1-zb601kl\/","title":{"rendered":"Ersatz Klinke Audio"},"content":{"rendered":"<p>Brauchst du ein <strong> Ersatz Klinke Audio<\/strong> f\u00fcr dein <strong>Asus Zenfone Max Pro M1 ZB601KL<\/strong>? iRiparo ist die endg\u00fcltige L\u00f6sung f\u00fcr dein Ger\u00e4t. An Ihrem Zenfone Max Pro M1 ZB601KL wird die Ersatz Klinke Audio von unseren spezialisierten Technikern durchgef\u00fchrt, die eine schnelle und qualitativ hochwertige Reparatur garantieren.<\/p>\n<p>Heute hat unsere Express-Reparatur-Franchise-Kette \u00fcber <strong>373 aktive Filialen<\/strong> mit der Kompetenz von \u00fcber 830000 Reparaturen. Und das ist noch nicht alles! Alle unsere Reparaturen werden mit einer zertifizierten 12 mesi landesweit g\u00fcltigen Garantie durchgef\u00fchrt. Halten Sie sich nicht mit Ihren Problemen auf, iRiparo ist die L\u00f6sung.<\/p>\n","protected":false},"excerpt":{"rendered":"<p>Brauchst du ein Ersatz Klinke Audio f\u00fcr dein Asus Zenfone Max Pro M1 ZB601KL? iRiparo ist die endg\u00fcltige L\u00f6sung f\u00fcr dein Ger\u00e4t&#8230;.<\/p>\n","protected":false},"featured_media":0,"comment_status":"closed","ping_status":"open","template":"","meta":[],"product_cat":[95087,94901,94796],"product_tag":[],"_links":{"self":[{"href":"https:\/\/iriparo.com\/de\/wp-json\/wp\/v2\/product\/297257"}],"collection":[{"href":"https:\/\/iriparo.com\/de\/wp-json\/wp\/v2\/product"}],"about":[{"href":"https:\/\/iriparo.com\/de\/wp-json\/wp\/v2\/types\/product"}],"replies":[{"embeddable":true,"href":"https:\/\/iriparo.com\/de\/wp-json\/wp\/v2\/comments?post=297257"}],"wp:attachment":[{"href":"https:\/\/iriparo.com\/de\/wp-json\/wp\/v2\/media?parent=297257"}],"wp:term":[{"taxonomy":"product_cat","embeddable":true,"href":"https:\/\/iriparo.com\/de\/wp-json\/wp\/v2\/product_cat?post=297257"},{"taxonomy":"product_tag","embeddable":true,"href":"https:\/\/iriparo.com\/de\/wp-json\/wp\/v2\/product_tag?post=297257"}],"curies":[{"name":"wp","href":"https:\/\/api.w.org\/{rel}","templated":true}]}}