{"id":297297,"date":"2022-10-20T14:06:49","date_gmt":"2022-10-20T12:06:49","guid":{"rendered":"https:\/\/iriparo.com\/unkategorisiert\/ersatz-lautsprecher-bq-aquaris-m5\/"},"modified":"2022-10-20T14:06:52","modified_gmt":"2022-10-20T12:06:52","slug":"ersatz-lautsprecher-bq-aquaris-m5","status":"publish","type":"product","link":"https:\/\/iriparo.com\/de\/bq-aquaris-m5-repairs-assistance-bq-handy-reparaturen-unterstuetzung\/ersatz-lautsprecher-bq-aquaris-m5\/","title":{"rendered":"Ersatz-Lautsprecher"},"content":{"rendered":"<p>Brauchst du ein <strong> Ersatz-Lautsprecher<\/strong> f\u00fcr dein <strong>BQ Aquaris M5<\/strong>? iRiparo ist die endg\u00fcltige L\u00f6sung f\u00fcr dein Ger\u00e4t. An Ihrem Aquaris M5 wird die Ersatz-Lautsprecher von unseren spezialisierten Technikern durchgef\u00fchrt, die eine schnelle und qualitativ hochwertige Reparatur garantieren.<\/p>\n<p>Heute hat unsere Express-Reparatur-Franchise-Kette \u00fcber <strong>373 aktive Filialen<\/strong> mit der Kompetenz von \u00fcber 830000 Reparaturen. Und das ist noch nicht alles! Alle unsere Reparaturen werden mit einer zertifizierten 6 mesi landesweit g\u00fcltigen Garantie durchgef\u00fchrt. Halten Sie sich nicht mit Ihren Problemen auf, iRiparo ist die L\u00f6sung.<\/p>\n","protected":false},"excerpt":{"rendered":"<p>Brauchst du ein Ersatz-Lautsprecher f\u00fcr dein BQ Aquaris M5? iRiparo ist die endg\u00fcltige L\u00f6sung f\u00fcr dein Ger\u00e4t. An Ihrem Aquaris M5 wird&#8230;<\/p>\n","protected":false},"featured_media":0,"comment_status":"closed","ping_status":"open","template":"","meta":[],"product_cat":[95109,94904,94796],"product_tag":[],"_links":{"self":[{"href":"https:\/\/iriparo.com\/de\/wp-json\/wp\/v2\/product\/297297"}],"collection":[{"href":"https:\/\/iriparo.com\/de\/wp-json\/wp\/v2\/product"}],"about":[{"href":"https:\/\/iriparo.com\/de\/wp-json\/wp\/v2\/types\/product"}],"replies":[{"embeddable":true,"href":"https:\/\/iriparo.com\/de\/wp-json\/wp\/v2\/comments?post=297297"}],"wp:attachment":[{"href":"https:\/\/iriparo.com\/de\/wp-json\/wp\/v2\/media?parent=297297"}],"wp:term":[{"taxonomy":"product_cat","embeddable":true,"href":"https:\/\/iriparo.com\/de\/wp-json\/wp\/v2\/product_cat?post=297297"},{"taxonomy":"product_tag","embeddable":true,"href":"https:\/\/iriparo.com\/de\/wp-json\/wp\/v2\/product_tag?post=297297"}],"curies":[{"name":"wp","href":"https:\/\/api.w.org\/{rel}","templated":true}]}}