{"id":297304,"date":"2022-10-20T14:06:54","date_gmt":"2022-10-20T12:06:54","guid":{"rendered":"https:\/\/iriparo.com\/unkategorisiert\/bq-aquaris-u-lite-broken-screen-replacement\/"},"modified":"2022-10-20T14:06:54","modified_gmt":"2022-10-20T12:06:54","slug":"bq-aquaris-u-lite-broken-screen-replacement","status":"publish","type":"product","link":"https:\/\/iriparo.com\/de\/bq-aquaris-u-lite-repairs-assistance-bq-handy-reparaturen-unterstuetzung\/bq-aquaris-u-lite-broken-screen-replacement\/","title":{"rendered":"Ersatz-LCD-Display und Touchscreen"},"content":{"rendered":"<p>Eine der am h\u00e4ufigsten nachgefragten Dienstleistungen f\u00fcr unsere Fachtechniker ist laut einer internen Statistik in unseren Filialen der Austausch von kaputten LCD Displays f\u00fcr BQ Aquaris U Lite. Unf\u00e4lle, die zu einem zerbrochenen Handy-Display f\u00fchren, sind sehr h\u00e4ufig; Sie sind nicht der Einzige. Konzentrieren Sie sich auf die L\u00f6sung, die zum Gl\u00fcck in Ihrer Reichweite liegt: Bringen Sie Ihr BQ Aquaris U Lite mit dem zerbrochenen Display in eine iRiparo-Filiale.<\/p>\n<p><strong>Wir ersetzen Ihr Handy Display durch ein hochwertiges BQ Display oder durch ein kompatibles und garantieren Ihnen einen Qualit\u00e4tsservice zu einem unschlagbaren Preis. <\/strong><\/p>\n<p>Unsere Mitarbeiter werden st\u00e4ndig geschult, um Ihnen die beste Unterst\u00fctzung bei der Reparatur des Bildschirms Ihres BQ Aquaris U Lite zu bieten.<\/strong><\/p>\n<p>Wir schlie\u00dfen die BQ Aquaris U Lite Bildschirmreparatur mit einer zertifizierten 12 mesi Garantie ab. Wenn Ihr BQ Aquaris U Lite auf den Boden f\u00e4llt und das Display in tausend St\u00fccke zerspringt, machen Sie sich keine Sorgen; iRiparo ist die L\u00f6sung.<\/p>\n","protected":false},"excerpt":{"rendered":"<p>Eine der am h\u00e4ufigsten nachgefragten Dienstleistungen f\u00fcr unsere Fachtechniker ist laut einer internen Statistik in unseren Filialen der Austausch von kaputten LCD&#8230;<\/p>\n","protected":false},"featured_media":0,"comment_status":"closed","ping_status":"open","template":"","meta":[],"product_cat":[95106,94904,94796],"product_tag":[],"_links":{"self":[{"href":"https:\/\/iriparo.com\/de\/wp-json\/wp\/v2\/product\/297304"}],"collection":[{"href":"https:\/\/iriparo.com\/de\/wp-json\/wp\/v2\/product"}],"about":[{"href":"https:\/\/iriparo.com\/de\/wp-json\/wp\/v2\/types\/product"}],"replies":[{"embeddable":true,"href":"https:\/\/iriparo.com\/de\/wp-json\/wp\/v2\/comments?post=297304"}],"wp:attachment":[{"href":"https:\/\/iriparo.com\/de\/wp-json\/wp\/v2\/media?parent=297304"}],"wp:term":[{"taxonomy":"product_cat","embeddable":true,"href":"https:\/\/iriparo.com\/de\/wp-json\/wp\/v2\/product_cat?post=297304"},{"taxonomy":"product_tag","embeddable":true,"href":"https:\/\/iriparo.com\/de\/wp-json\/wp\/v2\/product_tag?post=297304"}],"curies":[{"name":"wp","href":"https:\/\/api.w.org\/{rel}","templated":true}]}}