{"id":297335,"date":"2022-10-20T14:07:00","date_gmt":"2022-10-20T12:07:00","guid":{"rendered":"https:\/\/iriparo.com\/unkategorisiert\/ersatz-flex-lautstarke-und-einschalttasten-google-pixel-3a\/"},"modified":"2022-10-20T14:07:04","modified_gmt":"2022-10-20T12:07:04","slug":"ersatz-flex-lautstarke-und-einschalttasten-google-pixel-3a","status":"publish","type":"product","link":"https:\/\/iriparo.com\/de\/google-pixel-3a-repairs-assistance-google-handy-reparaturen-unterstuetzung\/ersatz-flex-lautstarke-und-einschalttasten-google-pixel-3a\/","title":{"rendered":"Ersatz Flex Lautst\u00e4rke- und Einschalttasten"},"content":{"rendered":"<p>Brauchst du ein <strong> Ersatz Flex Lautst\u00e4rke- und Einschalttasten<\/strong> f\u00fcr dein <strong>Google Pixel 3a<\/strong>? iRiparo ist die endg\u00fcltige L\u00f6sung f\u00fcr dein Ger\u00e4t. An Ihrem Pixel 3a wird die Ersatz Flex Lautst\u00e4rke- und Einschalttasten von unseren spezialisierten Technikern durchgef\u00fchrt, die eine schnelle und qualitativ hochwertige Reparatur garantieren.<\/p>\n<p>Heute hat unsere Express-Reparatur-Franchise-Kette \u00fcber <strong>373 aktive Filialen<\/strong> mit der Kompetenz von \u00fcber 830000 Reparaturen. Und das ist noch nicht alles! Alle unsere Reparaturen werden mit einer zertifizierten 12 mesi landesweit g\u00fcltigen Garantie durchgef\u00fchrt. Halten Sie sich nicht mit Ihren Problemen auf, iRiparo ist die L\u00f6sung.<\/p>\n","protected":false},"excerpt":{"rendered":"<p>Brauchst du ein Ersatz Flex Lautst\u00e4rke- und Einschalttasten f\u00fcr dein Google Pixel 3a? iRiparo ist die endg\u00fcltige L\u00f6sung f\u00fcr dein Ger\u00e4t. An&#8230;<\/p>\n","protected":false},"featured_media":0,"comment_status":"closed","ping_status":"open","template":"","meta":[],"product_cat":[95122,94909,94796],"product_tag":[],"_links":{"self":[{"href":"https:\/\/iriparo.com\/de\/wp-json\/wp\/v2\/product\/297335"}],"collection":[{"href":"https:\/\/iriparo.com\/de\/wp-json\/wp\/v2\/product"}],"about":[{"href":"https:\/\/iriparo.com\/de\/wp-json\/wp\/v2\/types\/product"}],"replies":[{"embeddable":true,"href":"https:\/\/iriparo.com\/de\/wp-json\/wp\/v2\/comments?post=297335"}],"wp:attachment":[{"href":"https:\/\/iriparo.com\/de\/wp-json\/wp\/v2\/media?parent=297335"}],"wp:term":[{"taxonomy":"product_cat","embeddable":true,"href":"https:\/\/iriparo.com\/de\/wp-json\/wp\/v2\/product_cat?post=297335"},{"taxonomy":"product_tag","embeddable":true,"href":"https:\/\/iriparo.com\/de\/wp-json\/wp\/v2\/product_tag?post=297335"}],"curies":[{"name":"wp","href":"https:\/\/api.w.org\/{rel}","templated":true}]}}