{"id":297374,"date":"2022-10-20T14:08:09","date_gmt":"2022-10-20T12:08:09","guid":{"rendered":"https:\/\/iriparo.com\/unkategorisiert\/ersatz-fur-naherungssensor-licht-und-mikrofon-google-pixel-xl\/"},"modified":"2022-10-20T14:08:13","modified_gmt":"2022-10-20T12:08:13","slug":"ersatz-fur-naherungssensor-licht-und-mikrofon-google-pixel-xl","status":"publish","type":"product","link":"https:\/\/iriparo.com\/de\/google-pixel-xl-repairs-assistance-google-handy-reparaturen-unterstuetzung\/ersatz-fur-naherungssensor-licht-und-mikrofon-google-pixel-xl\/","title":{"rendered":"Ersatz f\u00fcr N\u00e4herungssensor, Licht und Mikrofon"},"content":{"rendered":"<p>Brauchst du ein <strong> Ersatz f\u00fcr N\u00e4herungssensor, Licht und Mikrofon<\/strong> f\u00fcr dein <strong>Google Pixel XL<\/strong>? iRiparo ist die endg\u00fcltige L\u00f6sung f\u00fcr dein Ger\u00e4t. An Ihrem Pixel XL wird die Ersatz f\u00fcr N\u00e4herungssensor, Licht und Mikrofon von unseren spezialisierten Technikern durchgef\u00fchrt, die eine schnelle und qualitativ hochwertige Reparatur garantieren.<\/p>\n<p>Heute hat unsere Express-Reparatur-Franchise-Kette \u00fcber <strong>373 aktive Filialen<\/strong> mit der Kompetenz von \u00fcber 830000 Reparaturen. Und das ist noch nicht alles! Alle unsere Reparaturen werden mit einer zertifizierten 12 mesi landesweit g\u00fcltigen Garantie durchgef\u00fchrt. Halten Sie sich nicht mit Ihren Problemen auf, iRiparo ist die L\u00f6sung.<\/p>\n","protected":false},"excerpt":{"rendered":"<p>Brauchst du ein Ersatz f\u00fcr N\u00e4herungssensor, Licht und Mikrofon f\u00fcr dein Google Pixel XL? iRiparo ist die endg\u00fcltige L\u00f6sung f\u00fcr dein Ger\u00e4t&#8230;.<\/p>\n","protected":false},"featured_media":0,"comment_status":"closed","ping_status":"open","template":"","meta":[],"product_cat":[95116,94909,94796],"product_tag":[],"_links":{"self":[{"href":"https:\/\/iriparo.com\/de\/wp-json\/wp\/v2\/product\/297374"}],"collection":[{"href":"https:\/\/iriparo.com\/de\/wp-json\/wp\/v2\/product"}],"about":[{"href":"https:\/\/iriparo.com\/de\/wp-json\/wp\/v2\/types\/product"}],"replies":[{"embeddable":true,"href":"https:\/\/iriparo.com\/de\/wp-json\/wp\/v2\/comments?post=297374"}],"wp:attachment":[{"href":"https:\/\/iriparo.com\/de\/wp-json\/wp\/v2\/media?parent=297374"}],"wp:term":[{"taxonomy":"product_cat","embeddable":true,"href":"https:\/\/iriparo.com\/de\/wp-json\/wp\/v2\/product_cat?post=297374"},{"taxonomy":"product_tag","embeddable":true,"href":"https:\/\/iriparo.com\/de\/wp-json\/wp\/v2\/product_tag?post=297374"}],"curies":[{"name":"wp","href":"https:\/\/api.w.org\/{rel}","templated":true}]}}