{"id":297511,"date":"2022-10-20T14:08:51","date_gmt":"2022-10-20T12:08:51","guid":{"rendered":"https:\/\/iriparo.com\/unkategorisiert\/ersatz-fingerabdruckleser-honor-view-10-lite\/"},"modified":"2022-10-20T14:08:54","modified_gmt":"2022-10-20T12:08:54","slug":"ersatz-fingerabdruckleser-honor-view-10-lite","status":"publish","type":"product","link":"https:\/\/iriparo.com\/de\/honor-view-10-lite-repairs-assistance-honor-mobile-repairs-assistance-mobile-reparatur-hilfe\/ersatz-fingerabdruckleser-honor-view-10-lite\/","title":{"rendered":"Ersatz-Fingerabdruckleser"},"content":{"rendered":"<p>Brauchst du ein <strong> Ersatz-Fingerabdruckleser<\/strong> f\u00fcr dein <strong>Honor View 10 Lite<\/strong>? iRiparo ist die endg\u00fcltige L\u00f6sung f\u00fcr dein Ger\u00e4t. An Ihrem View 10 Lite wird die Ersatz-Fingerabdruckleser von unseren spezialisierten Technikern durchgef\u00fchrt, die eine schnelle und qualitativ hochwertige Reparatur garantieren.<\/p>\n<p>Heute hat unsere Express-Reparatur-Franchise-Kette \u00fcber <strong>373 aktive Filialen<\/strong> mit der Kompetenz von \u00fcber 830000 Reparaturen. Und das ist noch nicht alles! Alle unsere Reparaturen werden mit einer zertifizierten 3 mesi landesweit g\u00fcltigen Garantie durchgef\u00fchrt. Halten Sie sich nicht mit Ihren Problemen auf, iRiparo ist die L\u00f6sung.<\/p>\n","protected":false},"excerpt":{"rendered":"<p>Brauchst du ein Ersatz-Fingerabdruckleser f\u00fcr dein Honor View 10 Lite? iRiparo ist die endg\u00fcltige L\u00f6sung f\u00fcr dein Ger\u00e4t. An Ihrem View 10&#8230;<\/p>\n","protected":false},"featured_media":0,"comment_status":"closed","ping_status":"open","template":"","meta":[],"product_cat":[95139,94910,94796],"product_tag":[],"_links":{"self":[{"href":"https:\/\/iriparo.com\/de\/wp-json\/wp\/v2\/product\/297511"}],"collection":[{"href":"https:\/\/iriparo.com\/de\/wp-json\/wp\/v2\/product"}],"about":[{"href":"https:\/\/iriparo.com\/de\/wp-json\/wp\/v2\/types\/product"}],"replies":[{"embeddable":true,"href":"https:\/\/iriparo.com\/de\/wp-json\/wp\/v2\/comments?post=297511"}],"wp:attachment":[{"href":"https:\/\/iriparo.com\/de\/wp-json\/wp\/v2\/media?parent=297511"}],"wp:term":[{"taxonomy":"product_cat","embeddable":true,"href":"https:\/\/iriparo.com\/de\/wp-json\/wp\/v2\/product_cat?post=297511"},{"taxonomy":"product_tag","embeddable":true,"href":"https:\/\/iriparo.com\/de\/wp-json\/wp\/v2\/product_tag?post=297511"}],"curies":[{"name":"wp","href":"https:\/\/api.w.org\/{rel}","templated":true}]}}