{"id":297664,"date":"2022-10-20T14:12:34","date_gmt":"2022-10-20T12:12:34","guid":{"rendered":"https:\/\/iriparo.com\/unkategorisiert\/ersatz-ruckabdeckung-lautstarketaste-und-kameraglas-huawei-nova-5t\/"},"modified":"2022-10-20T14:12:35","modified_gmt":"2022-10-20T12:12:35","slug":"ersatz-ruckabdeckung-lautstarketaste-und-kameraglas-huawei-nova-5t","status":"publish","type":"product","link":"https:\/\/iriparo.com\/de\/huawei-nova-5t-repairs-assistance-huawei-reparatur-hilfe\/ersatz-ruckabdeckung-lautstarketaste-und-kameraglas-huawei-nova-5t\/","title":{"rendered":"Ersatz-R\u00fcckabdeckung, Lautst\u00e4rketaste und Kameraglas"},"content":{"rendered":"<p>Brauchst du ein <strong> Ersatz-R\u00fcckabdeckung, Lautst\u00e4rketaste und Kameraglas<\/strong> f\u00fcr dein <strong>Huawei Nova 5T<\/strong>? iRiparo ist die endg\u00fcltige L\u00f6sung f\u00fcr dein Ger\u00e4t. An Ihrem Nova 5T wird die Ersatz-R\u00fcckabdeckung, Lautst\u00e4rketaste und Kameraglas von unseren spezialisierten Technikern durchgef\u00fchrt, die eine schnelle und qualitativ hochwertige Reparatur garantieren.<\/p>\n<p>Heute hat unsere Express-Reparatur-Franchise-Kette \u00fcber <strong>373 aktive Filialen<\/strong> mit der Kompetenz von \u00fcber 830000 Reparaturen. Und das ist noch nicht alles! Alle unsere Reparaturen werden mit einer zertifizierten 12 mesi landesweit g\u00fcltigen Garantie durchgef\u00fchrt. Halten Sie sich nicht mit Ihren Problemen auf, iRiparo ist die L\u00f6sung.<\/p>\n","protected":false},"excerpt":{"rendered":"<p>Brauchst du ein Ersatz-R\u00fcckabdeckung, Lautst\u00e4rketaste und Kameraglas f\u00fcr dein Huawei Nova 5T? iRiparo ist die endg\u00fcltige L\u00f6sung f\u00fcr dein Ger\u00e4t. An Ihrem&#8230;<\/p>\n","protected":false},"featured_media":0,"comment_status":"closed","ping_status":"open","template":"","meta":[],"product_cat":[95186,94898,94796],"product_tag":[],"_links":{"self":[{"href":"https:\/\/iriparo.com\/de\/wp-json\/wp\/v2\/product\/297664"}],"collection":[{"href":"https:\/\/iriparo.com\/de\/wp-json\/wp\/v2\/product"}],"about":[{"href":"https:\/\/iriparo.com\/de\/wp-json\/wp\/v2\/types\/product"}],"replies":[{"embeddable":true,"href":"https:\/\/iriparo.com\/de\/wp-json\/wp\/v2\/comments?post=297664"}],"wp:attachment":[{"href":"https:\/\/iriparo.com\/de\/wp-json\/wp\/v2\/media?parent=297664"}],"wp:term":[{"taxonomy":"product_cat","embeddable":true,"href":"https:\/\/iriparo.com\/de\/wp-json\/wp\/v2\/product_cat?post=297664"},{"taxonomy":"product_tag","embeddable":true,"href":"https:\/\/iriparo.com\/de\/wp-json\/wp\/v2\/product_tag?post=297664"}],"curies":[{"name":"wp","href":"https:\/\/api.w.org\/{rel}","templated":true}]}}