{"id":297790,"date":"2022-10-20T14:14:10","date_gmt":"2022-10-20T12:14:10","guid":{"rendered":"https:\/\/iriparo.com\/unkategorisiert\/ruckfahrkamera-ersatz-48mp-huawei-p30-lite\/"},"modified":"2022-10-20T14:14:12","modified_gmt":"2022-10-20T12:14:12","slug":"ruckfahrkamera-ersatz-48mp-huawei-p30-lite","status":"publish","type":"product","link":"https:\/\/iriparo.com\/de\/huawei-p30-lite-repairs-assistance-huawei-reparatur-hilfe\/ruckfahrkamera-ersatz-48mp-huawei-p30-lite\/","title":{"rendered":"R\u00fcckfahrkamera Ersatz 48MP"},"content":{"rendered":"<p>Brauchst du ein <strong> R\u00fcckfahrkamera Ersatz 48MP<\/strong> f\u00fcr dein <strong>Huawei P30 Lite<\/strong>? iRiparo ist die endg\u00fcltige L\u00f6sung f\u00fcr dein Ger\u00e4t. An Ihrem P30 Lite wird die R\u00fcckfahrkamera Ersatz 48MP von unseren spezialisierten Technikern durchgef\u00fchrt, die eine schnelle und qualitativ hochwertige Reparatur garantieren.<\/p>\n<p>Heute hat unsere Express-Reparatur-Franchise-Kette \u00fcber <strong>373 aktive Filialen<\/strong> mit der Kompetenz von \u00fcber 830000 Reparaturen. Und das ist noch nicht alles! Alle unsere Reparaturen werden mit einer zertifizierten 3 mesi landesweit g\u00fcltigen Garantie durchgef\u00fchrt. Halten Sie sich nicht mit Ihren Problemen auf, iRiparo ist die L\u00f6sung.<\/p>\n","protected":false},"excerpt":{"rendered":"<p>Brauchst du ein R\u00fcckfahrkamera Ersatz 48MP f\u00fcr dein Huawei P30 Lite? iRiparo ist die endg\u00fcltige L\u00f6sung f\u00fcr dein Ger\u00e4t. An Ihrem P30&#8230;<\/p>\n","protected":false},"featured_media":0,"comment_status":"closed","ping_status":"open","template":"","meta":[],"product_cat":[95215,94898,94796],"product_tag":[],"_links":{"self":[{"href":"https:\/\/iriparo.com\/de\/wp-json\/wp\/v2\/product\/297790"}],"collection":[{"href":"https:\/\/iriparo.com\/de\/wp-json\/wp\/v2\/product"}],"about":[{"href":"https:\/\/iriparo.com\/de\/wp-json\/wp\/v2\/types\/product"}],"replies":[{"embeddable":true,"href":"https:\/\/iriparo.com\/de\/wp-json\/wp\/v2\/comments?post=297790"}],"wp:attachment":[{"href":"https:\/\/iriparo.com\/de\/wp-json\/wp\/v2\/media?parent=297790"}],"wp:term":[{"taxonomy":"product_cat","embeddable":true,"href":"https:\/\/iriparo.com\/de\/wp-json\/wp\/v2\/product_cat?post=297790"},{"taxonomy":"product_tag","embeddable":true,"href":"https:\/\/iriparo.com\/de\/wp-json\/wp\/v2\/product_tag?post=297790"}],"curies":[{"name":"wp","href":"https:\/\/api.w.org\/{rel}","templated":true}]}}