{"id":297794,"date":"2022-10-20T14:14:10","date_gmt":"2022-10-20T12:14:10","guid":{"rendered":"https:\/\/iriparo.com\/unkategorisiert\/austausch-der-ruckkamera-komplett-huawei-p30-lite-new-edition\/"},"modified":"2022-10-20T14:14:14","modified_gmt":"2022-10-20T12:14:14","slug":"austausch-der-ruckkamera-komplett-huawei-p30-lite-new-edition","status":"publish","type":"product","link":"https:\/\/iriparo.com\/de\/huawei-p30-lite-new-edition-repairs-assistance-huawei-reparatur-hilfe\/austausch-der-ruckkamera-komplett-huawei-p30-lite-new-edition\/","title":{"rendered":"Austausch der R\u00fcckkamera komplett"},"content":{"rendered":"<p>Brauchst du ein <strong> Austausch der R\u00fcckkamera komplett<\/strong> f\u00fcr dein <strong>Huawei P30 lite New Edition<\/strong>? iRiparo ist die endg\u00fcltige L\u00f6sung f\u00fcr dein Ger\u00e4t. An Ihrem P30 lite New Edition wird die Austausch der R\u00fcckkamera komplett von unseren spezialisierten Technikern durchgef\u00fchrt, die eine schnelle und qualitativ hochwertige Reparatur garantieren.<\/p>\n<p>Heute hat unsere Express-Reparatur-Franchise-Kette \u00fcber <strong>373 aktive Filialen<\/strong> mit der Kompetenz von \u00fcber 830000 Reparaturen. Und das ist noch nicht alles! Alle unsere Reparaturen werden mit einer zertifizierten 12 mesi landesweit g\u00fcltigen Garantie durchgef\u00fchrt. Halten Sie sich nicht mit Ihren Problemen auf, iRiparo ist die L\u00f6sung.<\/p>\n","protected":false},"excerpt":{"rendered":"<p>Brauchst du ein Austausch der R\u00fcckkamera komplett f\u00fcr dein Huawei P30 lite New Edition? iRiparo ist die endg\u00fcltige L\u00f6sung f\u00fcr dein Ger\u00e4t&#8230;.<\/p>\n","protected":false},"featured_media":0,"comment_status":"closed","ping_status":"open","template":"","meta":[],"product_cat":[95223,94898,94796],"product_tag":[],"_links":{"self":[{"href":"https:\/\/iriparo.com\/de\/wp-json\/wp\/v2\/product\/297794"}],"collection":[{"href":"https:\/\/iriparo.com\/de\/wp-json\/wp\/v2\/product"}],"about":[{"href":"https:\/\/iriparo.com\/de\/wp-json\/wp\/v2\/types\/product"}],"replies":[{"embeddable":true,"href":"https:\/\/iriparo.com\/de\/wp-json\/wp\/v2\/comments?post=297794"}],"wp:attachment":[{"href":"https:\/\/iriparo.com\/de\/wp-json\/wp\/v2\/media?parent=297794"}],"wp:term":[{"taxonomy":"product_cat","embeddable":true,"href":"https:\/\/iriparo.com\/de\/wp-json\/wp\/v2\/product_cat?post=297794"},{"taxonomy":"product_tag","embeddable":true,"href":"https:\/\/iriparo.com\/de\/wp-json\/wp\/v2\/product_tag?post=297794"}],"curies":[{"name":"wp","href":"https:\/\/api.w.org\/{rel}","templated":true}]}}