{"id":297809,"date":"2022-10-20T14:14:15","date_gmt":"2022-10-20T12:14:15","guid":{"rendered":"https:\/\/iriparo.com\/unkategorisiert\/ersatz-sim-leser-huawei-p30-pro\/"},"modified":"2022-10-20T14:14:18","modified_gmt":"2022-10-20T12:14:18","slug":"ersatz-sim-leser-huawei-p30-pro","status":"publish","type":"product","link":"https:\/\/iriparo.com\/de\/huawei-p30-pro-repairs-assistance-huawei-reparatur-hilfe\/ersatz-sim-leser-huawei-p30-pro\/","title":{"rendered":"Ersatz Sim-Leser"},"content":{"rendered":"<p>Brauchst du ein <strong> Ersatz Sim-Leser<\/strong> f\u00fcr dein <strong>Huawei P30 Pro<\/strong>? iRiparo ist die endg\u00fcltige L\u00f6sung f\u00fcr dein Ger\u00e4t. An Ihrem P30 Pro wird die Ersatz Sim-Leser von unseren spezialisierten Technikern durchgef\u00fchrt, die eine schnelle und qualitativ hochwertige Reparatur garantieren.<\/p>\n<p>Heute hat unsere Express-Reparatur-Franchise-Kette \u00fcber <strong>373 aktive Filialen<\/strong> mit der Kompetenz von \u00fcber 830000 Reparaturen. Und das ist noch nicht alles! Alle unsere Reparaturen werden mit einer zertifizierten 0 giorni landesweit g\u00fcltigen Garantie durchgef\u00fchrt. Halten Sie sich nicht mit Ihren Problemen auf, iRiparo ist die L\u00f6sung.<\/p>\n","protected":false},"excerpt":{"rendered":"<p>Brauchst du ein Ersatz Sim-Leser f\u00fcr dein Huawei P30 Pro? iRiparo ist die endg\u00fcltige L\u00f6sung f\u00fcr dein Ger\u00e4t. An Ihrem P30 Pro&#8230;<\/p>\n","protected":false},"featured_media":0,"comment_status":"closed","ping_status":"open","template":"","meta":[],"product_cat":[95178,94898,94796],"product_tag":[],"_links":{"self":[{"href":"https:\/\/iriparo.com\/de\/wp-json\/wp\/v2\/product\/297809"}],"collection":[{"href":"https:\/\/iriparo.com\/de\/wp-json\/wp\/v2\/product"}],"about":[{"href":"https:\/\/iriparo.com\/de\/wp-json\/wp\/v2\/types\/product"}],"replies":[{"embeddable":true,"href":"https:\/\/iriparo.com\/de\/wp-json\/wp\/v2\/comments?post=297809"}],"wp:attachment":[{"href":"https:\/\/iriparo.com\/de\/wp-json\/wp\/v2\/media?parent=297809"}],"wp:term":[{"taxonomy":"product_cat","embeddable":true,"href":"https:\/\/iriparo.com\/de\/wp-json\/wp\/v2\/product_cat?post=297809"},{"taxonomy":"product_tag","embeddable":true,"href":"https:\/\/iriparo.com\/de\/wp-json\/wp\/v2\/product_tag?post=297809"}],"curies":[{"name":"wp","href":"https:\/\/api.w.org\/{rel}","templated":true}]}}