{"id":297842,"date":"2022-10-20T14:14:27","date_gmt":"2022-10-20T12:14:27","guid":{"rendered":"https:\/\/iriparo.com\/unkategorisiert\/ersatz-flex-lautstarke-und-einschalttasten-huawei-p40-lite-5g\/"},"modified":"2022-10-20T14:14:28","modified_gmt":"2022-10-20T12:14:28","slug":"ersatz-flex-lautstarke-und-einschalttasten-huawei-p40-lite-5g","status":"publish","type":"product","link":"https:\/\/iriparo.com\/de\/huawei-p40-lite-5g-repairs-assistance-huawei-reparatur-hilfe\/ersatz-flex-lautstarke-und-einschalttasten-huawei-p40-lite-5g\/","title":{"rendered":"Ersatz Flex Lautst\u00e4rke- und Einschalttasten"},"content":{"rendered":"<p>Brauchst du ein <strong> Ersatz Flex Lautst\u00e4rke- und Einschalttasten<\/strong> f\u00fcr dein <strong>Huawei P40 lite 5G<\/strong>? iRiparo ist die endg\u00fcltige L\u00f6sung f\u00fcr dein Ger\u00e4t. An Ihrem P40 lite 5G wird die Ersatz Flex Lautst\u00e4rke- und Einschalttasten von unseren spezialisierten Technikern durchgef\u00fchrt, die eine schnelle und qualitativ hochwertige Reparatur garantieren.<\/p>\n<p>Heute hat unsere Express-Reparatur-Franchise-Kette \u00fcber <strong>373 aktive Filialen<\/strong> mit der Kompetenz von \u00fcber 830000 Reparaturen. Und das ist noch nicht alles! Alle unsere Reparaturen werden mit einer zertifizierten 12 mesi landesweit g\u00fcltigen Garantie durchgef\u00fchrt. Halten Sie sich nicht mit Ihren Problemen auf, iRiparo ist die L\u00f6sung.<\/p>\n","protected":false},"excerpt":{"rendered":"<p>Brauchst du ein Ersatz Flex Lautst\u00e4rke- und Einschalttasten f\u00fcr dein Huawei P40 lite 5G? iRiparo ist die endg\u00fcltige L\u00f6sung f\u00fcr dein Ger\u00e4t&#8230;.<\/p>\n","protected":false},"featured_media":0,"comment_status":"closed","ping_status":"open","template":"","meta":[],"product_cat":[95230,94898,94796],"product_tag":[],"_links":{"self":[{"href":"https:\/\/iriparo.com\/de\/wp-json\/wp\/v2\/product\/297842"}],"collection":[{"href":"https:\/\/iriparo.com\/de\/wp-json\/wp\/v2\/product"}],"about":[{"href":"https:\/\/iriparo.com\/de\/wp-json\/wp\/v2\/types\/product"}],"replies":[{"embeddable":true,"href":"https:\/\/iriparo.com\/de\/wp-json\/wp\/v2\/comments?post=297842"}],"wp:attachment":[{"href":"https:\/\/iriparo.com\/de\/wp-json\/wp\/v2\/media?parent=297842"}],"wp:term":[{"taxonomy":"product_cat","embeddable":true,"href":"https:\/\/iriparo.com\/de\/wp-json\/wp\/v2\/product_cat?post=297842"},{"taxonomy":"product_tag","embeddable":true,"href":"https:\/\/iriparo.com\/de\/wp-json\/wp\/v2\/product_tag?post=297842"}],"curies":[{"name":"wp","href":"https:\/\/api.w.org\/{rel}","templated":true}]}}