{"id":297843,"date":"2022-10-20T14:14:27","date_gmt":"2022-10-20T12:14:27","guid":{"rendered":"https:\/\/iriparo.com\/unkategorisiert\/ersatz-ruckfahrkamera-ultrawide-huawei-p40-lite-e\/"},"modified":"2022-10-20T14:14:28","modified_gmt":"2022-10-20T12:14:28","slug":"ersatz-ruckfahrkamera-ultrawide-huawei-p40-lite-e","status":"publish","type":"product","link":"https:\/\/iriparo.com\/de\/huawei-p40-lite-e-repairs-assistance-huawei-reparatur-hilfe\/ersatz-ruckfahrkamera-ultrawide-huawei-p40-lite-e\/","title":{"rendered":"Ersatz R\u00fcckfahrkamera Ultrawide"},"content":{"rendered":"<p>Brauchst du ein <strong> Ersatz R\u00fcckfahrkamera Ultrawide<\/strong> f\u00fcr dein <strong>Huawei P40 lite E<\/strong>? iRiparo ist die endg\u00fcltige L\u00f6sung f\u00fcr dein Ger\u00e4t. An Ihrem P40 lite E wird die Ersatz R\u00fcckfahrkamera Ultrawide von unseren spezialisierten Technikern durchgef\u00fchrt, die eine schnelle und qualitativ hochwertige Reparatur garantieren.<\/p>\n<p>Heute hat unsere Express-Reparatur-Franchise-Kette \u00fcber <strong>373 aktive Filialen<\/strong> mit der Kompetenz von \u00fcber 830000 Reparaturen. Und das ist noch nicht alles! Alle unsere Reparaturen werden mit einer zertifizierten 3 mesi landesweit g\u00fcltigen Garantie durchgef\u00fchrt. Halten Sie sich nicht mit Ihren Problemen auf, iRiparo ist die L\u00f6sung.<\/p>\n","protected":false},"excerpt":{"rendered":"<p>Brauchst du ein Ersatz R\u00fcckfahrkamera Ultrawide f\u00fcr dein Huawei P40 lite E? iRiparo ist die endg\u00fcltige L\u00f6sung f\u00fcr dein Ger\u00e4t. An Ihrem&#8230;<\/p>\n","protected":false},"featured_media":0,"comment_status":"closed","ping_status":"open","template":"","meta":[],"product_cat":[95216,94898,94796],"product_tag":[],"_links":{"self":[{"href":"https:\/\/iriparo.com\/de\/wp-json\/wp\/v2\/product\/297843"}],"collection":[{"href":"https:\/\/iriparo.com\/de\/wp-json\/wp\/v2\/product"}],"about":[{"href":"https:\/\/iriparo.com\/de\/wp-json\/wp\/v2\/types\/product"}],"replies":[{"embeddable":true,"href":"https:\/\/iriparo.com\/de\/wp-json\/wp\/v2\/comments?post=297843"}],"wp:attachment":[{"href":"https:\/\/iriparo.com\/de\/wp-json\/wp\/v2\/media?parent=297843"}],"wp:term":[{"taxonomy":"product_cat","embeddable":true,"href":"https:\/\/iriparo.com\/de\/wp-json\/wp\/v2\/product_cat?post=297843"},{"taxonomy":"product_tag","embeddable":true,"href":"https:\/\/iriparo.com\/de\/wp-json\/wp\/v2\/product_tag?post=297843"}],"curies":[{"name":"wp","href":"https:\/\/api.w.org\/{rel}","templated":true}]}}