{"id":297892,"date":"2022-10-20T14:14:39","date_gmt":"2022-10-20T12:14:39","guid":{"rendered":"https:\/\/iriparo.com\/unkategorisiert\/ersatz-ohrhorer-huawei-p8-lite-2017\/"},"modified":"2022-10-20T14:14:43","modified_gmt":"2022-10-20T12:14:43","slug":"ersatz-ohrhorer-huawei-p8-lite-2017","status":"publish","type":"product","link":"https:\/\/iriparo.com\/de\/huawei-p8-lite-2017-repairs-assistance-huawei-reparatur-hilfe\/ersatz-ohrhorer-huawei-p8-lite-2017\/","title":{"rendered":"Ersatz Ohrh\u00f6rer"},"content":{"rendered":"<p>Brauchst du ein <strong> Ersatz Ohrh\u00f6rer<\/strong> f\u00fcr dein <strong>Huawei P8 Lite (2017)<\/strong>? iRiparo ist die endg\u00fcltige L\u00f6sung f\u00fcr dein Ger\u00e4t. An Ihrem P8 Lite (2017) wird die Ersatz Ohrh\u00f6rer von unseren spezialisierten Technikern durchgef\u00fchrt, die eine schnelle und qualitativ hochwertige Reparatur garantieren.<\/p>\n<p>Heute hat unsere Express-Reparatur-Franchise-Kette \u00fcber <strong>373 aktive Filialen<\/strong> mit der Kompetenz von \u00fcber 830000 Reparaturen. Und das ist noch nicht alles! Alle unsere Reparaturen werden mit einer zertifizierten 12 mesi landesweit g\u00fcltigen Garantie durchgef\u00fchrt. Halten Sie sich nicht mit Ihren Problemen auf, iRiparo ist die L\u00f6sung.<\/p>\n","protected":false},"excerpt":{"rendered":"<p>Brauchst du ein Ersatz Ohrh\u00f6rer f\u00fcr dein Huawei P8 Lite (2017)? iRiparo ist die endg\u00fcltige L\u00f6sung f\u00fcr dein Ger\u00e4t. An Ihrem P8&#8230;<\/p>\n","protected":false},"featured_media":0,"comment_status":"closed","ping_status":"open","template":"","meta":[],"product_cat":[95152,94898,94796],"product_tag":[],"_links":{"self":[{"href":"https:\/\/iriparo.com\/de\/wp-json\/wp\/v2\/product\/297892"}],"collection":[{"href":"https:\/\/iriparo.com\/de\/wp-json\/wp\/v2\/product"}],"about":[{"href":"https:\/\/iriparo.com\/de\/wp-json\/wp\/v2\/types\/product"}],"replies":[{"embeddable":true,"href":"https:\/\/iriparo.com\/de\/wp-json\/wp\/v2\/comments?post=297892"}],"wp:attachment":[{"href":"https:\/\/iriparo.com\/de\/wp-json\/wp\/v2\/media?parent=297892"}],"wp:term":[{"taxonomy":"product_cat","embeddable":true,"href":"https:\/\/iriparo.com\/de\/wp-json\/wp\/v2\/product_cat?post=297892"},{"taxonomy":"product_tag","embeddable":true,"href":"https:\/\/iriparo.com\/de\/wp-json\/wp\/v2\/product_tag?post=297892"}],"curies":[{"name":"wp","href":"https:\/\/api.w.org\/{rel}","templated":true}]}}