{"id":297911,"date":"2022-10-20T14:14:45","date_gmt":"2022-10-20T12:14:45","guid":{"rendered":"https:\/\/iriparo.com\/unkategorisiert\/huawei-p9-austausch-batterie\/"},"modified":"2022-10-20T14:14:48","modified_gmt":"2022-10-20T12:14:48","slug":"huawei-p9-austausch-batterie","status":"publish","type":"product","link":"https:\/\/iriparo.com\/de\/huawei-p9-repairs-assistance-huawei-reparatur-hilfe\/huawei-p9-austausch-batterie\/","title":{"rendered":"Austausch des Akkus"},"content":{"rendered":"<p>Die Leute kommen oft in unsere Filialen, um Probleme mit dem Akku ihres Handys zu beheben: der Akku ihres Huawei P9 h\u00e4lt nicht mehr so lange wie fr\u00fcher oder \u00fcberhitzt. Passiert das Gleiche mit Ihrem Handy? <\/p>\n<p>Die L\u00f6sung k\u00f6nnte sein, den Akku Ihres Huawei P9 auszutauschen. Es gibt viele Gr\u00fcnde, warum Akkus nach einer gewissen Zeit nicht mehr funktionieren, und jeder davon kann Probleme verursachen. Sie m\u00fcssen einen dringenden Anruf t\u00e4tigen und Ihr Handy macht schlapp, Sie wollen ein Foto von einem Sonnenuntergang machen oder jemandem eine Nachricht schicken.<\/p>\n<p>Was dann? Anstatt 2 Powerbanks mit sich herumzuschleppen, besuchen Sie einen iRiparo Store. Wir sind der europ\u00e4ische Marktf\u00fchrer f\u00fcr <strong>Express-Reparaturen von Handys und Tablets. Einer der am h\u00e4ufigsten nachgefragten Services ist der Akkuwechsel bei Huawei P9.<\/strong><\/p>\n<p>Der Wechsel des Huawei P9 Akkus ist f\u00fcr uns ein Kinderspiel, das wir Ihnen mit einer Garantie belegen. Deshalb bieten wir Ihnen auf alle Ersatzakkus f\u00fcr Huawei P9 eine Garantie von 6 mesi unseren Ersatzakku-Service f\u00fcr Huawei P9 zu unschlagbaren und g\u00fcnstigen Preisen an.<\/p>\n","protected":false},"excerpt":{"rendered":"<p>Die Leute kommen oft in unsere Filialen, um Probleme mit dem Akku ihres Handys zu beheben: der Akku ihres Huawei P9 h\u00e4lt&#8230;<\/p>\n","protected":false},"featured_media":0,"comment_status":"closed","ping_status":"open","template":"","meta":[],"product_cat":[95200,94898,94796],"product_tag":[],"_links":{"self":[{"href":"https:\/\/iriparo.com\/de\/wp-json\/wp\/v2\/product\/297911"}],"collection":[{"href":"https:\/\/iriparo.com\/de\/wp-json\/wp\/v2\/product"}],"about":[{"href":"https:\/\/iriparo.com\/de\/wp-json\/wp\/v2\/types\/product"}],"replies":[{"embeddable":true,"href":"https:\/\/iriparo.com\/de\/wp-json\/wp\/v2\/comments?post=297911"}],"wp:attachment":[{"href":"https:\/\/iriparo.com\/de\/wp-json\/wp\/v2\/media?parent=297911"}],"wp:term":[{"taxonomy":"product_cat","embeddable":true,"href":"https:\/\/iriparo.com\/de\/wp-json\/wp\/v2\/product_cat?post=297911"},{"taxonomy":"product_tag","embeddable":true,"href":"https:\/\/iriparo.com\/de\/wp-json\/wp\/v2\/product_tag?post=297911"}],"curies":[{"name":"wp","href":"https:\/\/api.w.org\/{rel}","templated":true}]}}