{"id":297933,"date":"2022-10-20T14:14:51","date_gmt":"2022-10-20T12:14:51","guid":{"rendered":"https:\/\/iriparo.com\/unkategorisiert\/austausch-der-ruckfahrkamera-huawei-p9-plus\/"},"modified":"2022-10-20T14:14:55","modified_gmt":"2022-10-20T12:14:55","slug":"austausch-der-ruckfahrkamera-huawei-p9-plus","status":"publish","type":"product","link":"https:\/\/iriparo.com\/de\/huawei-p9-plus-repairs-assistance-huawei-reparatur-hilfe\/austausch-der-ruckfahrkamera-huawei-p9-plus\/","title":{"rendered":"Austausch der R\u00fcckfahrkamera"},"content":{"rendered":"<p>Brauchst du ein <strong> Austausch der R\u00fcckfahrkamera<\/strong> f\u00fcr dein <strong>Huawei P9 Plus<\/strong>? iRiparo ist die endg\u00fcltige L\u00f6sung f\u00fcr dein Ger\u00e4t. An Ihrem P9 Plus wird die Austausch der R\u00fcckfahrkamera von unseren spezialisierten Technikern durchgef\u00fchrt, die eine schnelle und qualitativ hochwertige Reparatur garantieren.<\/p>\n<p>Heute hat unsere Express-Reparatur-Franchise-Kette \u00fcber <strong>373 aktive Filialen<\/strong> mit der Kompetenz von \u00fcber 830000 Reparaturen. Und das ist noch nicht alles! Alle unsere Reparaturen werden mit einer zertifizierten 12 mesi landesweit g\u00fcltigen Garantie durchgef\u00fchrt. Halten Sie sich nicht mit Ihren Problemen auf, iRiparo ist die L\u00f6sung.<\/p>\n","protected":false},"excerpt":{"rendered":"<p>Brauchst du ein Austausch der R\u00fcckfahrkamera f\u00fcr dein Huawei P9 Plus? iRiparo ist die endg\u00fcltige L\u00f6sung f\u00fcr dein Ger\u00e4t. An Ihrem P9&#8230;<\/p>\n","protected":false},"featured_media":0,"comment_status":"closed","ping_status":"open","template":"","meta":[],"product_cat":[95203,94898,94796],"product_tag":[],"_links":{"self":[{"href":"https:\/\/iriparo.com\/de\/wp-json\/wp\/v2\/product\/297933"}],"collection":[{"href":"https:\/\/iriparo.com\/de\/wp-json\/wp\/v2\/product"}],"about":[{"href":"https:\/\/iriparo.com\/de\/wp-json\/wp\/v2\/types\/product"}],"replies":[{"embeddable":true,"href":"https:\/\/iriparo.com\/de\/wp-json\/wp\/v2\/comments?post=297933"}],"wp:attachment":[{"href":"https:\/\/iriparo.com\/de\/wp-json\/wp\/v2\/media?parent=297933"}],"wp:term":[{"taxonomy":"product_cat","embeddable":true,"href":"https:\/\/iriparo.com\/de\/wp-json\/wp\/v2\/product_cat?post=297933"},{"taxonomy":"product_tag","embeddable":true,"href":"https:\/\/iriparo.com\/de\/wp-json\/wp\/v2\/product_tag?post=297933"}],"curies":[{"name":"wp","href":"https:\/\/api.w.org\/{rel}","templated":true}]}}