{"id":297968,"date":"2022-10-20T14:16:03","date_gmt":"2022-10-20T12:16:03","guid":{"rendered":"https:\/\/iriparo.com\/unkategorisiert\/replacement-charging-dock-huawei-p-smart-2020\/"},"modified":"2022-10-20T14:16:06","modified_gmt":"2022-10-20T12:16:06","slug":"replacement-charging-dock-huawei-p-smart-2020","status":"publish","type":"product","link":"https:\/\/iriparo.com\/de\/huawei-p-smart-2020-repairs-assistance-huawei-reparatur-hilfe\/replacement-charging-dock-huawei-p-smart-2020\/","title":{"rendered":"Replacement Charging Dock"},"content":{"rendered":"<p>Brauchst du ein <strong> Replacement Charging Dock<\/strong> f\u00fcr dein <strong>Huawei P smart 2020<\/strong>? iRiparo ist die endg\u00fcltige L\u00f6sung f\u00fcr dein Ger\u00e4t. An Ihrem P smart 2020 wird die Replacement Charging Dock von unseren spezialisierten Technikern durchgef\u00fchrt, die eine schnelle und qualitativ hochwertige Reparatur garantieren.<\/p>\n<p>Heute hat unsere Express-Reparatur-Franchise-Kette \u00fcber <strong>373 aktive Filialen<\/strong> mit der Kompetenz von \u00fcber 830000 Reparaturen. Und das ist noch nicht alles! Alle unsere Reparaturen werden mit einer zertifizierten 12 mesi landesweit g\u00fcltigen Garantie durchgef\u00fchrt. Halten Sie sich nicht mit Ihren Problemen auf, iRiparo ist die L\u00f6sung.<\/p>\n","protected":false},"excerpt":{"rendered":"<p>Brauchst du ein Replacement Charging Dock f\u00fcr dein Huawei P smart 2020? iRiparo ist die endg\u00fcltige L\u00f6sung f\u00fcr dein Ger\u00e4t. An Ihrem&#8230;<\/p>\n","protected":false},"featured_media":0,"comment_status":"closed","ping_status":"open","template":"","meta":[],"product_cat":[95198,94898,94796],"product_tag":[],"_links":{"self":[{"href":"https:\/\/iriparo.com\/de\/wp-json\/wp\/v2\/product\/297968"}],"collection":[{"href":"https:\/\/iriparo.com\/de\/wp-json\/wp\/v2\/product"}],"about":[{"href":"https:\/\/iriparo.com\/de\/wp-json\/wp\/v2\/types\/product"}],"replies":[{"embeddable":true,"href":"https:\/\/iriparo.com\/de\/wp-json\/wp\/v2\/comments?post=297968"}],"wp:attachment":[{"href":"https:\/\/iriparo.com\/de\/wp-json\/wp\/v2\/media?parent=297968"}],"wp:term":[{"taxonomy":"product_cat","embeddable":true,"href":"https:\/\/iriparo.com\/de\/wp-json\/wp\/v2\/product_cat?post=297968"},{"taxonomy":"product_tag","embeddable":true,"href":"https:\/\/iriparo.com\/de\/wp-json\/wp\/v2\/product_tag?post=297968"}],"curies":[{"name":"wp","href":"https:\/\/api.w.org\/{rel}","templated":true}]}}