{"id":297990,"date":"2022-10-20T14:16:10","date_gmt":"2022-10-20T12:16:10","guid":{"rendered":"https:\/\/iriparo.com\/unkategorisiert\/reparasso-cmera-principal-huawei-p-smart-z\/"},"modified":"2022-10-20T14:16:13","modified_gmt":"2022-10-20T12:16:13","slug":"reparasso-cmera-principal-huawei-p-smart-z","status":"publish","type":"product","link":"https:\/\/iriparo.com\/de\/huawei-p-smart-z-repairs-assistance-huawei-reparatur-hilfe\/reparasso-cmera-principal-huawei-p-smart-z\/","title":{"rendered":"Repara\u221a\u00df\u221a\u00a3o C\u221a\u00a2mera Principal"},"content":{"rendered":"<p>Brauchst du ein <strong> Repara\u221a\u00df\u221a\u00a3o C\u221a\u00a2mera Principal<\/strong> f\u00fcr dein <strong>Huawei P Smart Z<\/strong>? iRiparo ist die endg\u00fcltige L\u00f6sung f\u00fcr dein Ger\u00e4t. An Ihrem P Smart Z wird die Repara\u221a\u00df\u221a\u00a3o C\u221a\u00a2mera Principal von unseren spezialisierten Technikern durchgef\u00fchrt, die eine schnelle und qualitativ hochwertige Reparatur garantieren.<\/p>\n<p>Heute hat unsere Express-Reparatur-Franchise-Kette \u00fcber <strong>373 aktive Filialen<\/strong> mit der Kompetenz von \u00fcber 830000 Reparaturen. Und das ist noch nicht alles! Alle unsere Reparaturen werden mit einer zertifizierten 12 mesi landesweit g\u00fcltigen Garantie durchgef\u00fchrt. Halten Sie sich nicht mit Ihren Problemen auf, iRiparo ist die L\u00f6sung.<\/p>\n","protected":false},"excerpt":{"rendered":"<p>Brauchst du ein Repara\u221a\u00df\u221a\u00a3o C\u221a\u00a2mera Principal f\u00fcr dein Huawei P Smart Z? iRiparo ist die endg\u00fcltige L\u00f6sung f\u00fcr dein Ger\u00e4t. An Ihrem&#8230;<\/p>\n","protected":false},"featured_media":0,"comment_status":"closed","ping_status":"open","template":"","meta":[],"product_cat":[95192,94898,94796],"product_tag":[],"_links":{"self":[{"href":"https:\/\/iriparo.com\/de\/wp-json\/wp\/v2\/product\/297990"}],"collection":[{"href":"https:\/\/iriparo.com\/de\/wp-json\/wp\/v2\/product"}],"about":[{"href":"https:\/\/iriparo.com\/de\/wp-json\/wp\/v2\/types\/product"}],"replies":[{"embeddable":true,"href":"https:\/\/iriparo.com\/de\/wp-json\/wp\/v2\/comments?post=297990"}],"wp:attachment":[{"href":"https:\/\/iriparo.com\/de\/wp-json\/wp\/v2\/media?parent=297990"}],"wp:term":[{"taxonomy":"product_cat","embeddable":true,"href":"https:\/\/iriparo.com\/de\/wp-json\/wp\/v2\/product_cat?post=297990"},{"taxonomy":"product_tag","embeddable":true,"href":"https:\/\/iriparo.com\/de\/wp-json\/wp\/v2\/product_tag?post=297990"}],"curies":[{"name":"wp","href":"https:\/\/api.w.org\/{rel}","templated":true}]}}