{"id":298134,"date":"2022-10-20T14:16:54","date_gmt":"2022-10-20T12:16:54","guid":{"rendered":"https:\/\/iriparo.com\/unkategorisiert\/ersatz-der-frontkamera-lg-k10-2017\/"},"modified":"2022-10-20T14:16:58","modified_gmt":"2022-10-20T12:16:58","slug":"ersatz-der-frontkamera-lg-k10-2017","status":"publish","type":"product","link":"https:\/\/iriparo.com\/de\/lg-k10-2017-repairs-assistance-lg-handy-reparaturen-unterstuetzung\/ersatz-der-frontkamera-lg-k10-2017\/","title":{"rendered":"Ersatz der Frontkamera"},"content":{"rendered":"<p>Brauchst du ein <strong> Ersatz der Frontkamera<\/strong> f\u00fcr dein <strong>LG K10 (2017)<\/strong>? iRiparo ist die endg\u00fcltige L\u00f6sung f\u00fcr dein Ger\u00e4t. An Ihrem K10 (2017) wird die Ersatz der Frontkamera von unseren spezialisierten Technikern durchgef\u00fchrt, die eine schnelle und qualitativ hochwertige Reparatur garantieren.<\/p>\n<p>Heute hat unsere Express-Reparatur-Franchise-Kette \u00fcber <strong>373 aktive Filialen<\/strong> mit der Kompetenz von \u00fcber 830000 Reparaturen. Und das ist noch nicht alles! Alle unsere Reparaturen werden mit einer zertifizierten 12 mesi landesweit g\u00fcltigen Garantie durchgef\u00fchrt. Halten Sie sich nicht mit Ihren Problemen auf, iRiparo ist die L\u00f6sung.<\/p>\n","protected":false},"excerpt":{"rendered":"<p>Brauchst du ein Ersatz der Frontkamera f\u00fcr dein LG K10 (2017)? iRiparo ist die endg\u00fcltige L\u00f6sung f\u00fcr dein Ger\u00e4t. An Ihrem K10&#8230;<\/p>\n","protected":false},"featured_media":0,"comment_status":"closed","ping_status":"open","template":"","meta":[],"product_cat":[95257,94913,94796],"product_tag":[],"_links":{"self":[{"href":"https:\/\/iriparo.com\/de\/wp-json\/wp\/v2\/product\/298134"}],"collection":[{"href":"https:\/\/iriparo.com\/de\/wp-json\/wp\/v2\/product"}],"about":[{"href":"https:\/\/iriparo.com\/de\/wp-json\/wp\/v2\/types\/product"}],"replies":[{"embeddable":true,"href":"https:\/\/iriparo.com\/de\/wp-json\/wp\/v2\/comments?post=298134"}],"wp:attachment":[{"href":"https:\/\/iriparo.com\/de\/wp-json\/wp\/v2\/media?parent=298134"}],"wp:term":[{"taxonomy":"product_cat","embeddable":true,"href":"https:\/\/iriparo.com\/de\/wp-json\/wp\/v2\/product_cat?post=298134"},{"taxonomy":"product_tag","embeddable":true,"href":"https:\/\/iriparo.com\/de\/wp-json\/wp\/v2\/product_tag?post=298134"}],"curies":[{"name":"wp","href":"https:\/\/api.w.org\/{rel}","templated":true}]}}