{"id":298187,"date":"2022-10-20T14:18:10","date_gmt":"2022-10-20T12:18:10","guid":{"rendered":"https:\/\/iriparo.com\/unkategorisiert\/ersatz-des-horers-lg-velvet-5g\/"},"modified":"2022-10-20T14:18:13","modified_gmt":"2022-10-20T12:18:13","slug":"ersatz-des-horers-lg-velvet-5g","status":"publish","type":"product","link":"https:\/\/iriparo.com\/de\/lg-velvet-5g-repairs-assistance-lg-handy-reparaturen-unterstuetzung\/ersatz-des-horers-lg-velvet-5g\/","title":{"rendered":"Ersatz des H\u00f6rers"},"content":{"rendered":"<p>Brauchst du ein <strong> Ersatz des H\u00f6rers<\/strong> f\u00fcr dein <strong>LG Velvet 5G<\/strong>? iRiparo ist die endg\u00fcltige L\u00f6sung f\u00fcr dein Ger\u00e4t. An Ihrem Velvet 5G wird die Ersatz des H\u00f6rers von unseren spezialisierten Technikern durchgef\u00fchrt, die eine schnelle und qualitativ hochwertige Reparatur garantieren.<\/p>\n<p>Heute hat unsere Express-Reparatur-Franchise-Kette \u00fcber <strong>373 aktive Filialen<\/strong> mit der Kompetenz von \u00fcber 830000 Reparaturen. Und das ist noch nicht alles! Alle unsere Reparaturen werden mit einer zertifizierten 12 mesi landesweit g\u00fcltigen Garantie durchgef\u00fchrt. Halten Sie sich nicht mit Ihren Problemen auf, iRiparo ist die L\u00f6sung.<\/p>\n","protected":false},"excerpt":{"rendered":"<p>Brauchst du ein Ersatz des H\u00f6rers f\u00fcr dein LG Velvet 5G? iRiparo ist die endg\u00fcltige L\u00f6sung f\u00fcr dein Ger\u00e4t. An Ihrem Velvet&#8230;<\/p>\n","protected":false},"featured_media":0,"comment_status":"closed","ping_status":"open","template":"","meta":[],"product_cat":[95245,94913,94796],"product_tag":[],"_links":{"self":[{"href":"https:\/\/iriparo.com\/de\/wp-json\/wp\/v2\/product\/298187"}],"collection":[{"href":"https:\/\/iriparo.com\/de\/wp-json\/wp\/v2\/product"}],"about":[{"href":"https:\/\/iriparo.com\/de\/wp-json\/wp\/v2\/types\/product"}],"replies":[{"embeddable":true,"href":"https:\/\/iriparo.com\/de\/wp-json\/wp\/v2\/comments?post=298187"}],"wp:attachment":[{"href":"https:\/\/iriparo.com\/de\/wp-json\/wp\/v2\/media?parent=298187"}],"wp:term":[{"taxonomy":"product_cat","embeddable":true,"href":"https:\/\/iriparo.com\/de\/wp-json\/wp\/v2\/product_cat?post=298187"},{"taxonomy":"product_tag","embeddable":true,"href":"https:\/\/iriparo.com\/de\/wp-json\/wp\/v2\/product_tag?post=298187"}],"curies":[{"name":"wp","href":"https:\/\/api.w.org\/{rel}","templated":true}]}}