{"id":298189,"date":"2022-10-20T14:18:10","date_gmt":"2022-10-20T12:18:10","guid":{"rendered":"https:\/\/iriparo.com\/unkategorisiert\/ersatz-akkudeckel-mit-nfc-antenne-lg-x-power\/"},"modified":"2022-10-20T14:18:13","modified_gmt":"2022-10-20T12:18:13","slug":"ersatz-akkudeckel-mit-nfc-antenne-lg-x-power","status":"publish","type":"product","link":"https:\/\/iriparo.com\/de\/lg-x-power-repairs-assistance-lg-handy-reparaturen-unterstuetzung\/ersatz-akkudeckel-mit-nfc-antenne-lg-x-power\/","title":{"rendered":"Ersatz-Akkudeckel mit NFC-Antenne"},"content":{"rendered":"<p>Brauchst du ein <strong> Ersatz-Akkudeckel mit NFC-Antenne<\/strong> f\u00fcr dein <strong>LG X power<\/strong>? iRiparo ist die endg\u00fcltige L\u00f6sung f\u00fcr dein Ger\u00e4t. An Ihrem X power wird die Ersatz-Akkudeckel mit NFC-Antenne von unseren spezialisierten Technikern durchgef\u00fchrt, die eine schnelle und qualitativ hochwertige Reparatur garantieren.<\/p>\n<p>Heute hat unsere Express-Reparatur-Franchise-Kette \u00fcber <strong>373 aktive Filialen<\/strong> mit der Kompetenz von \u00fcber 830000 Reparaturen. Und das ist noch nicht alles! Alle unsere Reparaturen werden mit einer zertifizierten 12 mesi landesweit g\u00fcltigen Garantie durchgef\u00fchrt. Halten Sie sich nicht mit Ihren Problemen auf, iRiparo ist die L\u00f6sung.<\/p>\n","protected":false},"excerpt":{"rendered":"<p>Brauchst du ein Ersatz-Akkudeckel mit NFC-Antenne f\u00fcr dein LG X power? iRiparo ist die endg\u00fcltige L\u00f6sung f\u00fcr dein Ger\u00e4t. An Ihrem X&#8230;<\/p>\n","protected":false},"featured_media":0,"comment_status":"closed","ping_status":"open","template":"","meta":[],"product_cat":[95263,94913,94796],"product_tag":[],"_links":{"self":[{"href":"https:\/\/iriparo.com\/de\/wp-json\/wp\/v2\/product\/298189"}],"collection":[{"href":"https:\/\/iriparo.com\/de\/wp-json\/wp\/v2\/product"}],"about":[{"href":"https:\/\/iriparo.com\/de\/wp-json\/wp\/v2\/types\/product"}],"replies":[{"embeddable":true,"href":"https:\/\/iriparo.com\/de\/wp-json\/wp\/v2\/comments?post=298189"}],"wp:attachment":[{"href":"https:\/\/iriparo.com\/de\/wp-json\/wp\/v2\/media?parent=298189"}],"wp:term":[{"taxonomy":"product_cat","embeddable":true,"href":"https:\/\/iriparo.com\/de\/wp-json\/wp\/v2\/product_cat?post=298189"},{"taxonomy":"product_tag","embeddable":true,"href":"https:\/\/iriparo.com\/de\/wp-json\/wp\/v2\/product_tag?post=298189"}],"curies":[{"name":"wp","href":"https:\/\/api.w.org\/{rel}","templated":true}]}}