{"id":298245,"date":"2022-10-20T14:18:30","date_gmt":"2022-10-20T12:18:30","guid":{"rendered":"https:\/\/iriparo.com\/unkategorisiert\/ersatz-ladeanschluss-motorola-moto-g5s-plus\/"},"modified":"2022-10-20T14:18:33","modified_gmt":"2022-10-20T12:18:33","slug":"ersatz-ladeanschluss-motorola-moto-g5s-plus","status":"publish","type":"product","link":"https:\/\/iriparo.com\/de\/motorola-moto-g5s-plus-repairs-assistance-motorola-handy-reparaturen-unterstuetzung\/ersatz-ladeanschluss-motorola-moto-g5s-plus\/","title":{"rendered":"Ersatz-Ladeanschluss"},"content":{"rendered":"<p>Brauchst du ein <strong> Ersatz-Ladeanschluss<\/strong> f\u00fcr dein <strong>Motorola Moto G5S Plus<\/strong>? iRiparo ist die endg\u00fcltige L\u00f6sung f\u00fcr dein Ger\u00e4t. An Ihrem Moto G5S Plus wird die Ersatz-Ladeanschluss von unseren spezialisierten Technikern durchgef\u00fchrt, die eine schnelle und qualitativ hochwertige Reparatur garantieren.<\/p>\n<p>Heute hat unsere Express-Reparatur-Franchise-Kette \u00fcber <strong>373 aktive Filialen<\/strong> mit der Kompetenz von \u00fcber 830000 Reparaturen. Und das ist noch nicht alles! Alle unsere Reparaturen werden mit einer zertifizierten 6 mesi landesweit g\u00fcltigen Garantie durchgef\u00fchrt. Halten Sie sich nicht mit Ihren Problemen auf, iRiparo ist die L\u00f6sung.<\/p>\n","protected":false},"excerpt":{"rendered":"<p>Brauchst du ein Ersatz-Ladeanschluss f\u00fcr dein Motorola Moto G5S Plus? iRiparo ist die endg\u00fcltige L\u00f6sung f\u00fcr dein Ger\u00e4t. An Ihrem Moto G5S&#8230;<\/p>\n","protected":false},"featured_media":0,"comment_status":"closed","ping_status":"open","template":"","meta":[],"product_cat":[95298,94796,94918],"product_tag":[],"_links":{"self":[{"href":"https:\/\/iriparo.com\/de\/wp-json\/wp\/v2\/product\/298245"}],"collection":[{"href":"https:\/\/iriparo.com\/de\/wp-json\/wp\/v2\/product"}],"about":[{"href":"https:\/\/iriparo.com\/de\/wp-json\/wp\/v2\/types\/product"}],"replies":[{"embeddable":true,"href":"https:\/\/iriparo.com\/de\/wp-json\/wp\/v2\/comments?post=298245"}],"wp:attachment":[{"href":"https:\/\/iriparo.com\/de\/wp-json\/wp\/v2\/media?parent=298245"}],"wp:term":[{"taxonomy":"product_cat","embeddable":true,"href":"https:\/\/iriparo.com\/de\/wp-json\/wp\/v2\/product_cat?post=298245"},{"taxonomy":"product_tag","embeddable":true,"href":"https:\/\/iriparo.com\/de\/wp-json\/wp\/v2\/product_tag?post=298245"}],"curies":[{"name":"wp","href":"https:\/\/api.w.org\/{rel}","templated":true}]}}