{"id":298379,"date":"2022-10-20T14:20:10","date_gmt":"2022-10-20T12:20:10","guid":{"rendered":"https:\/\/iriparo.com\/unkategorisiert\/ersatz-der-ruckseitenkamera-oneplus-3t\/"},"modified":"2022-10-20T14:20:11","modified_gmt":"2022-10-20T12:20:11","slug":"ersatz-der-ruckseitenkamera-oneplus-3t","status":"publish","type":"product","link":"https:\/\/iriparo.com\/de\/oneplus-3t-repairs-assistance-oneplus-handy-reparaturen-unterstuetzung\/ersatz-der-ruckseitenkamera-oneplus-3t\/","title":{"rendered":"Ersatz der R\u00fcckseitenkamera"},"content":{"rendered":"<p>Brauchst du ein <strong> Ersatz der R\u00fcckseitenkamera<\/strong> f\u00fcr dein <strong>OnePlus 3T<\/strong>? iRiparo ist die endg\u00fcltige L\u00f6sung f\u00fcr dein Ger\u00e4t. An Ihrem 3T wird die Ersatz der R\u00fcckseitenkamera von unseren spezialisierten Technikern durchgef\u00fchrt, die eine schnelle und qualitativ hochwertige Reparatur garantieren.<\/p>\n<p>Heute hat unsere Express-Reparatur-Franchise-Kette \u00fcber <strong>373 aktive Filialen<\/strong> mit der Kompetenz von \u00fcber 830000 Reparaturen. Und das ist noch nicht alles! Alle unsere Reparaturen werden mit einer zertifizierten 12 mesi landesweit g\u00fcltigen Garantie durchgef\u00fchrt. Halten Sie sich nicht mit Ihren Problemen auf, iRiparo ist die L\u00f6sung.<\/p>\n","protected":false},"excerpt":{"rendered":"<p>Brauchst du ein Ersatz der R\u00fcckseitenkamera f\u00fcr dein OnePlus 3T? iRiparo ist die endg\u00fcltige L\u00f6sung f\u00fcr dein Ger\u00e4t. An Ihrem 3T wird&#8230;<\/p>\n","protected":false},"featured_media":0,"comment_status":"closed","ping_status":"open","template":"","meta":[],"product_cat":[95343,94796,94921],"product_tag":[],"_links":{"self":[{"href":"https:\/\/iriparo.com\/de\/wp-json\/wp\/v2\/product\/298379"}],"collection":[{"href":"https:\/\/iriparo.com\/de\/wp-json\/wp\/v2\/product"}],"about":[{"href":"https:\/\/iriparo.com\/de\/wp-json\/wp\/v2\/types\/product"}],"replies":[{"embeddable":true,"href":"https:\/\/iriparo.com\/de\/wp-json\/wp\/v2\/comments?post=298379"}],"wp:attachment":[{"href":"https:\/\/iriparo.com\/de\/wp-json\/wp\/v2\/media?parent=298379"}],"wp:term":[{"taxonomy":"product_cat","embeddable":true,"href":"https:\/\/iriparo.com\/de\/wp-json\/wp\/v2\/product_cat?post=298379"},{"taxonomy":"product_tag","embeddable":true,"href":"https:\/\/iriparo.com\/de\/wp-json\/wp\/v2\/product_tag?post=298379"}],"curies":[{"name":"wp","href":"https:\/\/api.w.org\/{rel}","templated":true}]}}