{"id":298608,"date":"2022-10-20T14:22:34","date_gmt":"2022-10-20T12:22:34","guid":{"rendered":"https:\/\/iriparo.com\/unkategorisiert\/triple-modul-ruckfahrkamera-ersatz-samsung-galaxy-a31\/"},"modified":"2022-10-20T14:22:38","modified_gmt":"2022-10-20T12:22:38","slug":"triple-modul-ruckfahrkamera-ersatz-samsung-galaxy-a31","status":"publish","type":"product","link":"https:\/\/iriparo.com\/de\/samsung-galaxy-a31-repairs-assistance-samsung-reparaturen-unterstuetzung\/triple-modul-ruckfahrkamera-ersatz-samsung-galaxy-a31\/","title":{"rendered":"Triple Modul R\u00fcckfahrkamera Ersatz"},"content":{"rendered":"<p>Brauchst du ein <strong> Triple Modul R\u00fcckfahrkamera Ersatz<\/strong> f\u00fcr dein <strong>Samsung Galaxy A31<\/strong>? iRiparo ist die endg\u00fcltige L\u00f6sung f\u00fcr dein Ger\u00e4t. An Ihrem Galaxy A31 wird die Triple Modul R\u00fcckfahrkamera Ersatz von unseren spezialisierten Technikern durchgef\u00fchrt, die eine schnelle und qualitativ hochwertige Reparatur garantieren.<\/p>\n<p>Heute hat unsere Express-Reparatur-Franchise-Kette \u00fcber <strong>373 aktive Filialen<\/strong> mit der Kompetenz von \u00fcber 830000 Reparaturen. Und das ist noch nicht alles! Alle unsere Reparaturen werden mit einer zertifizierten 12 mesi landesweit g\u00fcltigen Garantie durchgef\u00fchrt. Halten Sie sich nicht mit Ihren Problemen auf, iRiparo ist die L\u00f6sung.<\/p>\n","protected":false},"excerpt":{"rendered":"<p>Brauchst du ein Triple Modul R\u00fcckfahrkamera Ersatz f\u00fcr dein Samsung Galaxy A31? iRiparo ist die endg\u00fcltige L\u00f6sung f\u00fcr dein Ger\u00e4t. An Ihrem&#8230;<\/p>\n","protected":false},"featured_media":0,"comment_status":"closed","ping_status":"open","template":"","meta":[],"product_cat":[95490,94796,94897],"product_tag":[],"_links":{"self":[{"href":"https:\/\/iriparo.com\/de\/wp-json\/wp\/v2\/product\/298608"}],"collection":[{"href":"https:\/\/iriparo.com\/de\/wp-json\/wp\/v2\/product"}],"about":[{"href":"https:\/\/iriparo.com\/de\/wp-json\/wp\/v2\/types\/product"}],"replies":[{"embeddable":true,"href":"https:\/\/iriparo.com\/de\/wp-json\/wp\/v2\/comments?post=298608"}],"wp:attachment":[{"href":"https:\/\/iriparo.com\/de\/wp-json\/wp\/v2\/media?parent=298608"}],"wp:term":[{"taxonomy":"product_cat","embeddable":true,"href":"https:\/\/iriparo.com\/de\/wp-json\/wp\/v2\/product_cat?post=298608"},{"taxonomy":"product_tag","embeddable":true,"href":"https:\/\/iriparo.com\/de\/wp-json\/wp\/v2\/product_tag?post=298608"}],"curies":[{"name":"wp","href":"https:\/\/api.w.org\/{rel}","templated":true}]}}