{"id":298787,"date":"2022-10-20T14:24:28","date_gmt":"2022-10-20T12:24:28","guid":{"rendered":"https:\/\/iriparo.com\/unkategorisiert\/ersatz-sim-leser-micro-sd-samsung-galaxy-a5-2017\/"},"modified":"2022-10-20T14:24:32","modified_gmt":"2022-10-20T12:24:32","slug":"ersatz-sim-leser-micro-sd-samsung-galaxy-a5-2017","status":"publish","type":"product","link":"https:\/\/iriparo.com\/de\/samsung-galaxy-a5-2017-repairs-assistance-samsung-reparaturen-unterstuetzung\/ersatz-sim-leser-micro-sd-samsung-galaxy-a5-2017\/","title":{"rendered":"Ersatz SIM-Leser \/ Micro SD"},"content":{"rendered":"<p>Brauchst du ein <strong> Ersatz SIM-Leser \/ Micro SD<\/strong> f\u00fcr dein <strong>Samsung Galaxy A5 (2017)<\/strong>? iRiparo ist die endg\u00fcltige L\u00f6sung f\u00fcr dein Ger\u00e4t. An Ihrem Galaxy A5 (2017) wird die Ersatz SIM-Leser \/ Micro SD von unseren spezialisierten Technikern durchgef\u00fchrt, die eine schnelle und qualitativ hochwertige Reparatur garantieren.<\/p>\n<p>Heute hat unsere Express-Reparatur-Franchise-Kette \u00fcber <strong>373 aktive Filialen<\/strong> mit der Kompetenz von \u00fcber 830000 Reparaturen. Und das ist noch nicht alles! Alle unsere Reparaturen werden mit einer zertifizierten 6 mesi landesweit g\u00fcltigen Garantie durchgef\u00fchrt. Halten Sie sich nicht mit Ihren Problemen auf, iRiparo ist die L\u00f6sung.<\/p>\n","protected":false},"excerpt":{"rendered":"<p>Brauchst du ein Ersatz SIM-Leser \/ Micro SD f\u00fcr dein Samsung Galaxy A5 (2017)? iRiparo ist die endg\u00fcltige L\u00f6sung f\u00fcr dein Ger\u00e4t&#8230;.<\/p>\n","protected":false},"featured_media":0,"comment_status":"closed","ping_status":"open","template":"","meta":[],"product_cat":[95439,94796,94897],"product_tag":[],"_links":{"self":[{"href":"https:\/\/iriparo.com\/de\/wp-json\/wp\/v2\/product\/298787"}],"collection":[{"href":"https:\/\/iriparo.com\/de\/wp-json\/wp\/v2\/product"}],"about":[{"href":"https:\/\/iriparo.com\/de\/wp-json\/wp\/v2\/types\/product"}],"replies":[{"embeddable":true,"href":"https:\/\/iriparo.com\/de\/wp-json\/wp\/v2\/comments?post=298787"}],"wp:attachment":[{"href":"https:\/\/iriparo.com\/de\/wp-json\/wp\/v2\/media?parent=298787"}],"wp:term":[{"taxonomy":"product_cat","embeddable":true,"href":"https:\/\/iriparo.com\/de\/wp-json\/wp\/v2\/product_cat?post=298787"},{"taxonomy":"product_tag","embeddable":true,"href":"https:\/\/iriparo.com\/de\/wp-json\/wp\/v2\/product_tag?post=298787"}],"curies":[{"name":"wp","href":"https:\/\/api.w.org\/{rel}","templated":true}]}}