{"id":298966,"date":"2022-10-20T14:26:22","date_gmt":"2022-10-20T12:26:22","guid":{"rendered":"https:\/\/iriparo.com\/unkategorisiert\/ersatz-des-mittleren-rahmens-samsung-galaxy-core-prime\/"},"modified":"2022-10-20T14:26:26","modified_gmt":"2022-10-20T12:26:26","slug":"ersatz-des-mittleren-rahmens-samsung-galaxy-core-prime","status":"publish","type":"product","link":"https:\/\/iriparo.com\/de\/samsung-galaxy-core-prime-repairs-assistance-samsung-reparaturen-unterstuetzung\/ersatz-des-mittleren-rahmens-samsung-galaxy-core-prime\/","title":{"rendered":"Ersatz des mittleren Rahmens"},"content":{"rendered":"<p>Brauchst du ein <strong> Ersatz des mittleren Rahmens<\/strong> f\u00fcr dein <strong>Samsung Galaxy Core Prime<\/strong>? iRiparo ist die endg\u00fcltige L\u00f6sung f\u00fcr dein Ger\u00e4t. An Ihrem Galaxy Core Prime wird die Ersatz des mittleren Rahmens von unseren spezialisierten Technikern durchgef\u00fchrt, die eine schnelle und qualitativ hochwertige Reparatur garantieren.<\/p>\n<p>Heute hat unsere Express-Reparatur-Franchise-Kette \u00fcber <strong>373 aktive Filialen<\/strong> mit der Kompetenz von \u00fcber 830000 Reparaturen. Und das ist noch nicht alles! Alle unsere Reparaturen werden mit einer zertifizierten 12 mesi landesweit g\u00fcltigen Garantie durchgef\u00fchrt. Halten Sie sich nicht mit Ihren Problemen auf, iRiparo ist die L\u00f6sung.<\/p>\n","protected":false},"excerpt":{"rendered":"<p>Brauchst du ein Ersatz des mittleren Rahmens f\u00fcr dein Samsung Galaxy Core Prime? iRiparo ist die endg\u00fcltige L\u00f6sung f\u00fcr dein Ger\u00e4t. An&#8230;<\/p>\n","protected":false},"featured_media":0,"comment_status":"closed","ping_status":"open","template":"","meta":[],"product_cat":[95429,94796,94897],"product_tag":[],"_links":{"self":[{"href":"https:\/\/iriparo.com\/de\/wp-json\/wp\/v2\/product\/298966"}],"collection":[{"href":"https:\/\/iriparo.com\/de\/wp-json\/wp\/v2\/product"}],"about":[{"href":"https:\/\/iriparo.com\/de\/wp-json\/wp\/v2\/types\/product"}],"replies":[{"embeddable":true,"href":"https:\/\/iriparo.com\/de\/wp-json\/wp\/v2\/comments?post=298966"}],"wp:attachment":[{"href":"https:\/\/iriparo.com\/de\/wp-json\/wp\/v2\/media?parent=298966"}],"wp:term":[{"taxonomy":"product_cat","embeddable":true,"href":"https:\/\/iriparo.com\/de\/wp-json\/wp\/v2\/product_cat?post=298966"},{"taxonomy":"product_tag","embeddable":true,"href":"https:\/\/iriparo.com\/de\/wp-json\/wp\/v2\/product_tag?post=298966"}],"curies":[{"name":"wp","href":"https:\/\/api.w.org\/{rel}","templated":true}]}}